{"id":2478,"date":"2020-08-28T13:47:37","date_gmt":"2020-08-28T11:47:37","guid":{"rendered":"https:\/\/www.ds-iberien.de\/feda-madrid\/"},"modified":"2021-05-17T11:53:14","modified_gmt":"2021-05-17T09:53:14","slug":"feda-madrid","status":"publish","type":"page","link":"https:\/\/www.ds-iberien.de\/pt-pt\/feda-madrid\/","title":{"rendered":"FEDA MADRID"},"content":{"rendered":"<p>[vc_row full_width=&#8221;stretch_row_content_no_spaces&#8221; css=&#8221;.vc_custom_1599640480461{padding-top: 500px !important;padding-bottom: 500px !important;background-image: url(https:\/\/www.ds-iberien.de\/wp-content\/uploads\/2020\/09\/feda_madrid_principal.jpg?id=1733) !important;background-position: center !important;background-repeat: no-repeat !important;background-size: cover !important;}&#8221;][vc_column][\/vc_column][\/vc_row][vc_row gap=&#8221;15&#8243; css=&#8221;.vc_custom_1591617474487{margin-top: -70px !important;background-color: rgba(221,51,51,0.01) !important;*background-color: rgb(221,51,51) !important;}&#8221;][vc_column width=&#8221;2\/6&#8243; icons_position=&#8221;left&#8221; css=&#8221;.vc_custom_1591615516296{background-color: #f2f2f2 !important;}&#8221;][vc_empty_space height=&#8221;60px&#8221; alter_height=&#8221;none&#8221; hide_on_mobile=&#8221;&#8221;][vc_single_image image=&#8221;1503&#8243; img_size=&#8221;full&#8221; alignment=&#8221;center&#8221;][vc_empty_space hide_on_mobile=&#8221;&#8221;][vc_column_text]<\/p>\n<p style=\"text-align: center; font-size: 25px;\"><a style=\"color: #a0002f;\" href=\"https:\/\/www.feda-madrid.com\/\" target=\"_blank\" rel=\"noopener noreferrer\">www.feda-madrid.com<\/a><\/p>\n<p>[\/vc_column_text][vc_empty_space alter_height=&#8221;none&#8221; hide_on_mobile=&#8221;&#8221;][\/vc_column][vc_column width=&#8221;1\/6&#8243; css=&#8221;.vc_custom_1591616350551{background-color: #ffffff !important;}&#8221;][vc_empty_space alter_height=&#8221;none&#8221; hide_on_mobile=&#8221;&#8221;][vc_single_image image=&#8221;949&#8243; img_size=&#8221;full&#8221; alignment=&#8221;center&#8221;][vc_empty_space hide_on_mobile=&#8221;&#8221;][vc_column_text]<\/p>\n<p style=\"text-align: center;\"><strong><span style=\"color: #c10c0c;\">1980<\/span><\/strong><br \/>\n<strong><span style=\"color: #c10c0c;\">FUNDA\u00c7\u00c3O<\/span><\/strong><\/p>\n<p>[\/vc_column_text][vc_empty_space hide_on_mobile=&#8221;&#8221;][\/vc_column][vc_column width=&#8221;1\/6&#8243; css=&#8221;.vc_custom_1591616358805{background-color: #ffffff !important;}&#8221;][vc_empty_space alter_height=&#8221;none&#8221; hide_on_mobile=&#8221;&#8221;][vc_single_image image=&#8221;950&#8243; img_size=&#8221;full&#8221; alignment=&#8221;center&#8221;][vc_empty_space hide_on_mobile=&#8221;&#8221;][vc_column_text]<\/p>\n<p style=\"text-align: center;\"><strong><span style=\"color: #c10c0c;\">133<br \/>\nALUNOS<\/span><\/strong><\/p>\n<p>[\/vc_column_text][vc_empty_space hide_on_mobile=&#8221;&#8221;][\/vc_column][vc_column width=&#8221;1\/6&#8243; css=&#8221;.vc_custom_1591616367652{background-color: #ffffff !important;}&#8221;][vc_empty_space alter_height=&#8221;none&#8221; hide_on_mobile=&#8221;&#8221;][vc_single_image image=&#8221;951&#8243; img_size=&#8221;full&#8221; alignment=&#8221;center&#8221;][vc_empty_space hide_on_mobile=&#8221;&#8221;][vc_column_text]<\/p>\n<p style=\"text-align: center;\"><strong><span style=\"color: #c10c0c;\">78<br \/>\nENSINO M\u00c9DIO<\/span><\/strong><\/p>\n<p>[\/vc_column_text][vc_empty_space hide_on_mobile=&#8221;&#8221;][\/vc_column][vc_column width=&#8221;1\/6&#8243; css=&#8221;.vc_custom_1591616387443{background-color: #ffffff !important;}&#8221;][vc_empty_space alter_height=&#8221;none&#8221; hide_on_mobile=&#8221;&#8221;][vc_single_image image=&#8221;952&#8243; img_size=&#8221;full&#8221; alignment=&#8221;center&#8221;][vc_empty_space hide_on_mobile=&#8221;&#8221;][vc_column_text]<\/p>\n<p style=\"text-align: center;\"><strong><span style=\"color: #c10c0c;\">31<br \/>\nFUNCION\u00c1RIOS<\/span><\/strong><\/p>\n<p>[\/vc_column_text][vc_empty_space hide_on_mobile=&#8221;&#8221;][\/vc_column][\/vc_row][vc_row full_width=&#8221;stretch_row&#8221; gap=&#8221;35&#8243;][vc_column][vc_empty_space alter_height=&#8221;medium&#8221; hide_on_mobile=&#8221;&#8221;][\/vc_column][\/vc_row][vc_row full_width=&#8221;stretch_row_content_no_spaces&#8221; scheme=&#8221;dark&#8221; css=&#8221;.vc_custom_1591616563751{background-color: #f2f3f6 !important;}&#8221;][vc_column width=&#8221;1\/2&#8243; icons_position=&#8221;left&#8221; css=&#8221;.vc_custom_1599640568485{border-right-width: 15px !important;padding-top: 500px !important;padding-bottom: 500px !important;background-image: url(https:\/\/www.ds-iberien.de\/wp-content\/uploads\/2020\/09\/feda_madrid_interior.jpg?id=1734) !important;background-position: center !important;background-repeat: no-repeat !important;background-size: cover !important;border-right-color: #a00007 !important;border-right-style: solid !important;}&#8221;][\/vc_column][vc_column width=&#8221;1\/2&#8243; icons_position=&#8221;left&#8221; css=&#8221;.vc_custom_1591617175100{padding-left: 40px !important;}&#8221; el_class=&#8221;overflow&#8221;][vc_column_text css=&#8221;.vc_custom_1620290990035{padding-top: 40px !important;padding-bottom: 40px !important;padding-left: 40px !important;}&#8221;]<\/p>\n<p class=\"p1\">FEDA Madrid \u00e9 uma escola profissional no estrangeiro reconhecida pelo Minist\u00e9rio dos Neg\u00f3cios Estrangeiros alem\u00e3o e pela Confer\u00eancia Alem\u00e3 de Ministros da Educa\u00e7\u00e3o (KMK) e \u00e9 uma das 140 escolas alem\u00e3s no estrangeiro a n\u00edvel mundial. Em coopera\u00e7\u00e3o com a C\u00e2mara de Com\u00e9rcio Alem\u00e3 para Espanha (AHK) e numerosas empresas de forma\u00e7\u00e3o como a Siemens, Stihl, Kuehne+Nagel, Thyssenkrupp, Transfesa Logistics, FEDA Madrid oferece h\u00e1 40 anos aos estudantes da Abitur ou Fachhochschulreife a possibilidade de uma educa\u00e7\u00e3o dupla alem\u00e3 em Espanha, encurtada para 2 anos. Atrav\u00e9s do seu ramo universit\u00e1rio, a EWA Duale Europ\u00e4ische Wirtschaftsakademie (Dual European Business Academy), os estudantes podem tamb\u00e9m completar um programa de estudos de neg\u00f3cios duplos de 3 anos com empresas de renome em Espanha.<\/p>\n<p class=\"p1\">A FEDA Madrid oferece as seguintes aprendizagens num sistema de blocos nos seus diferentes locais:<\/p>\n<ul class=\"ul1\">\n<li class=\"li3\">Escritur\u00e1rio industrial (Madrid)<\/li>\n<li class=\"li3\">Empregado nos servi\u00e7os de expedi\u00e7\u00e3o de mercadorias e log\u00edstica (Madrid)<\/li>\n<li class=\"li3\">Assistente de gest\u00e3o na gest\u00e3o do com\u00e9rcio grossista e estrangeiro (Val\u00eancia)<\/li>\n<li class=\"li3\">Gestor Assistente de Hotel (Tenerife)<\/li>\n<li class=\"li3\">Assistente de loja (Madrid)<\/li>\n<li class=\"li3\">T\u00e9cnico de mecatr\u00f3nica (Madrid)<\/li>\n<\/ul>\n<p class=\"p1\">O ensino nas escolas profissionais baseia-se no respectivo curr\u00edculo-quadro KMK e \u00e9 conduzido em alem\u00e3o (o pessoal de vendas e os t\u00e9cnicos de mecatr\u00f3nica s\u00e3o formados em espanhol). Durante os dois anos de forma\u00e7\u00e3o, os estagi\u00e1rios est\u00e3o envolvidos em projectos emocionantes:<\/p>\n<p class=\"p1\">\u2022 Projecto Erasmus+ na Alemanha<\/p>\n<p class=\"p1\">\u2022 Projecto SAP4-escola<\/p>\n<p class=\"p1\">\u2022 Parceria escolar com a DS Nairobi: &#8220;FEDA para o Qu\u00e9nia<\/p>\n<p class=\"p1\">\u2022 Embaixadores do programa dual de forma\u00e7\u00e3o profissional da Funda\u00e7\u00e3o Bertelsmann<\/p>\n<p class=\"p1\">Al\u00e9m do certificado final da FEDA Madrid, os alunos recebem um certificado final da AHK Espanha e da DIHK Berlim, bem como um certificado SAP4-escola na \u00e1rea comercial.<\/p>\n<p class=\"p1\">Perfil do candidato ideal:<\/p>\n<ul class=\"ul1\">\n<li class=\"li4\">Bachillerato ou t\u00edtulo t\u00e9cnico superior de entrada na universidade.<\/li>\n<li class=\"li4\">muito boa compet\u00eancia em alem\u00e3o, ingl\u00eas, espanhol\/Portugu\u00eas (min. B2)<\/li>\n<li class=\"li4\">alta motiva\u00e7\u00e3o para uma dupla aprendizagem comercial<\/li>\n<\/ul>\n<p>[\/vc_column_text][\/vc_column][\/vc_row][vc_row full_width=&#8221;stretch_row&#8221; gap=&#8221;35&#8243;][vc_column][vc_empty_space alter_height=&#8221;medium&#8221; hide_on_mobile=&#8221;&#8221;][\/vc_column][\/vc_row][vc_row equal_height=&#8221;yes&#8221; content_placement=&#8221;middle&#8221;][vc_column width=&#8221;1\/4&#8243;][vc_single_image image=&#8221;855&#8243; img_size=&#8221;full&#8221;][\/vc_column][vc_column width=&#8221;1\/4&#8243;][vc_single_image image=&#8221;856&#8243; img_size=&#8221;full&#8221;][\/vc_column][vc_column width=&#8221;1\/4&#8243;][vc_single_image image=&#8221;857&#8243; img_size=&#8221;full&#8221;][\/vc_column][vc_column width=&#8221;1\/4&#8243;][vc_single_image image=&#8221;858&#8243; img_size=&#8221;full&#8221;][\/vc_column][\/vc_row][vc_row full_width=&#8221;stretch_row&#8221; gap=&#8221;35&#8243;][vc_column][vc_empty_space alter_height=&#8221;medium&#8221; hide_on_mobile=&#8221;&#8221;][\/vc_column][\/vc_row]<\/p>\n","protected":false},"excerpt":{"rendered":"<p>[vc_row full_width=&#8221;stretch_row_content_no_spaces&#8221; css=&#8221;.vc_custom_1599640480461{padding-top: 500px !important;padding-bottom: 500px !important;background-image: url(https:\/\/www.ds-iberien.de\/wp-content\/uploads\/2020\/09\/feda_madrid_principal.jpg?id=1733) !important;background-position: center !important;background-repeat: no-repeat !important;background-size: cover !important;}&#8221;][vc_column][\/vc_column][\/vc_row][vc_row gap=&#8221;15&#8243; css=&#8221;.vc_custom_1591617474487{margin-top: -70px !important;background-color: rgba(221,51,51,0.01) !important;*background-color: rgb(221,51,51) !important;}&#8221;][vc_column width=&#8221;2\/6&#8243; icons_position=&#8221;left&#8221; css=&#8221;.vc_custom_1591615516296{background-color: #f2f2f2 !important;}&#8221;][vc_empty_space height=&#8221;60px&#8221; alter_height=&#8221;none&#8221; hide_on_mobile=&#8221;&#8221;][vc_single_image image=&#8221;1503&#8243; img_size=&#8221;full&#8221; alignment=&#8221;center&#8221;][vc_empty_space hide_on_mobile=&#8221;&#8221;][vc_column_text] www.feda-madrid.com [\/vc_column_text][vc_empty_space alter_height=&#8221;none&#8221; hide_on_mobile=&#8221;&#8221;][\/vc_column][vc_column width=&#8221;1\/6&#8243;&hellip;<\/p>\n","protected":false},"author":1,"featured_media":0,"parent":0,"menu_order":0,"comment_status":"closed","ping_status":"open","template":"","meta":[],"aioseo_notices":[],"_links":{"self":[{"href":"https:\/\/www.ds-iberien.de\/pt-pt\/wp-json\/wp\/v2\/pages\/2478"}],"collection":[{"href":"https:\/\/www.ds-iberien.de\/pt-pt\/wp-json\/wp\/v2\/pages"}],"about":[{"href":"https:\/\/www.ds-iberien.de\/pt-pt\/wp-json\/wp\/v2\/types\/page"}],"author":[{"embeddable":true,"href":"https:\/\/www.ds-iberien.de\/pt-pt\/wp-json\/wp\/v2\/users\/1"}],"replies":[{"embeddable":true,"href":"https:\/\/www.ds-iberien.de\/pt-pt\/wp-json\/wp\/v2\/comments?post=2478"}],"version-history":[{"count":3,"href":"https:\/\/www.ds-iberien.de\/pt-pt\/wp-json\/wp\/v2\/pages\/2478\/revisions"}],"predecessor-version":[{"id":2553,"href":"https:\/\/www.ds-iberien.de\/pt-pt\/wp-json\/wp\/v2\/pages\/2478\/revisions\/2553"}],"wp:attachment":[{"href":"https:\/\/www.ds-iberien.de\/pt-pt\/wp-json\/wp\/v2\/media?parent=2478"}],"curies":[{"name":"wp","href":"https:\/\/api.w.org\/{rel}","templated":true}]}}