{"id":2453,"date":"2020-06-30T12:57:47","date_gmt":"2020-06-30T10:57:47","guid":{"rendered":"https:\/\/www.ds-iberien.de\/deutsche-schule-malaga\/"},"modified":"2021-05-17T11:38:20","modified_gmt":"2021-05-17T09:38:20","slug":"deutsche-schule-malaga","status":"publish","type":"page","link":"https:\/\/www.ds-iberien.de\/pt-pt\/deutsche-schule-malaga\/","title":{"rendered":"ESCOLA ALEM\u00c3 DE MALAGA"},"content":{"rendered":"<p>[vc_row full_width=&#8221;stretch_row_content_no_spaces&#8221; css=&#8221;.vc_custom_1593772347789{padding-top: 500px !important;padding-bottom: 500px !important;background-image: url(https:\/\/www.ds-iberien.de\/wp-content\/uploads\/2020\/07\/Aussenanalgen-1.jpg?id=1369) !important;background-position: center !important;background-repeat: no-repeat !important;background-size: cover !important;}&#8221;][vc_column][\/vc_column][\/vc_row][vc_row gap=&#8221;15&#8243; css=&#8221;.vc_custom_1591617474487{margin-top: -70px !important;background-color: rgba(221,51,51,0.01) !important;*background-color: rgb(221,51,51) !important;}&#8221;][vc_column width=&#8221;2\/6&#8243; icons_position=&#8221;left&#8221; css=&#8221;.vc_custom_1591615516296{background-color: #f2f2f2 !important;}&#8221;][vc_empty_space height=&#8221;60px&#8221; alter_height=&#8221;none&#8221; hide_on_mobile=&#8221;&#8221;][vc_single_image image=&#8221;1329&#8243; img_size=&#8221;full&#8221; alignment=&#8221;center&#8221;][vc_empty_space hide_on_mobile=&#8221;&#8221;][vc_column_text]<\/p>\n<p style=\"text-align: center; font-size: 25px;\"><a style=\"color: #a0002f;\" href=\"http:\/\/www.dsmalaga.com\" target=\"_blank\" rel=\"noopener noreferrer\">www.dsmalaga.com<\/a><\/p>\n<p>[\/vc_column_text][vc_empty_space alter_height=&#8221;none&#8221; hide_on_mobile=&#8221;&#8221;][\/vc_column][vc_column width=&#8221;1\/6&#8243; css=&#8221;.vc_custom_1591616350551{background-color: #ffffff !important;}&#8221;][vc_empty_space alter_height=&#8221;none&#8221; hide_on_mobile=&#8221;&#8221;][vc_single_image image=&#8221;949&#8243; img_size=&#8221;full&#8221; alignment=&#8221;center&#8221;][vc_empty_space hide_on_mobile=&#8221;&#8221;][vc_column_text]<\/p>\n<p style=\"text-align: center;\"><strong><span style=\"color: #c10c0c;\">1898<\/span><\/strong><br \/>\n<strong><span style=\"color: #c10c0c;\">FUNDA\u00c7\u00c3O<\/span><\/strong><\/p>\n<p>[\/vc_column_text][vc_empty_space hide_on_mobile=&#8221;&#8221;][\/vc_column][vc_column width=&#8221;1\/6&#8243; css=&#8221;.vc_custom_1591616358805{background-color: #ffffff !important;}&#8221;][vc_empty_space alter_height=&#8221;none&#8221; hide_on_mobile=&#8221;&#8221;][vc_single_image image=&#8221;950&#8243; img_size=&#8221;full&#8221; alignment=&#8221;center&#8221;][vc_empty_space hide_on_mobile=&#8221;&#8221;][vc_column_text]<\/p>\n<p style=\"text-align: center;\"><strong><span style=\"color: #c10c0c;\">717<br \/>\nALUNOS<\/span><\/strong><\/p>\n<p>[\/vc_column_text][vc_empty_space hide_on_mobile=&#8221;&#8221;][\/vc_column][vc_column width=&#8221;1\/6&#8243; css=&#8221;.vc_custom_1591616367652{background-color: #ffffff !important;}&#8221;][vc_empty_space alter_height=&#8221;none&#8221; hide_on_mobile=&#8221;&#8221;][vc_single_image image=&#8221;951&#8243; img_size=&#8221;full&#8221; alignment=&#8221;center&#8221;][vc_empty_space hide_on_mobile=&#8221;&#8221;][vc_column_text]<\/p>\n<p style=\"text-align: center;\"><strong><span style=\"color: #c10c0c;\">37<br \/>\nENSINO M\u00c9DIO<\/span><\/strong><\/p>\n<p>[\/vc_column_text][vc_empty_space hide_on_mobile=&#8221;&#8221;][\/vc_column][vc_column width=&#8221;1\/6&#8243; css=&#8221;.vc_custom_1591616387443{background-color: #ffffff !important;}&#8221;][vc_empty_space alter_height=&#8221;none&#8221; hide_on_mobile=&#8221;&#8221;][vc_single_image image=&#8221;952&#8243; img_size=&#8221;full&#8221; alignment=&#8221;center&#8221;][vc_empty_space hide_on_mobile=&#8221;&#8221;][vc_column_text]<\/p>\n<p style=\"text-align: center;\"><strong><span style=\"color: #c10c0c;\">90<br \/>\nFUNCION\u00c1RIOS<\/span><\/strong><\/p>\n<p>[\/vc_column_text][vc_empty_space hide_on_mobile=&#8221;&#8221;][\/vc_column][\/vc_row][vc_row full_width=&#8221;stretch_row&#8221; gap=&#8221;35&#8243;][vc_column][vc_empty_space alter_height=&#8221;medium&#8221; hide_on_mobile=&#8221;&#8221;][\/vc_column][\/vc_row][vc_row full_width=&#8221;stretch_row_content_no_spaces&#8221; scheme=&#8221;dark&#8221; css=&#8221;.vc_custom_1591616563751{background-color: #f2f3f6 !important;}&#8221;][vc_column width=&#8221;1\/2&#8243; icons_position=&#8221;left&#8221; css=&#8221;.vc_custom_1593772453707{border-right-width: 15px !important;padding-top: 500px !important;padding-bottom: 500px !important;background-image: url(https:\/\/www.ds-iberien.de\/wp-content\/uploads\/2020\/07\/DSMalaga-2017-Foto2-RGB-3600&#215;2400-1.jpg?id=1370) !important;background-position: center !important;background-repeat: no-repeat !important;background-size: cover !important;border-right-color: #a00007 !important;border-right-style: solid !important;}&#8221;][\/vc_column][vc_column width=&#8221;1\/2&#8243; icons_position=&#8221;left&#8221; css=&#8221;.vc_custom_1591617175100{padding-left: 40px !important;}&#8221; el_class=&#8221;overflow&#8221;][vc_column_text css=&#8221;.vc_custom_1620289569672{padding-top: 40px !important;padding-bottom: 40px !important;padding-left: 40px !important;}&#8221;]A Escola Alem\u00e3 de M\u00e1laga \u00e9 uma escola privada independente aprovada pelas autoridades educativas espanholas e reconhecida e supervisionada pela &#8220;Confer\u00eancia Permanente dos Ministros da Educa\u00e7\u00e3o e dos Assuntos Culturais dos L\u00e4nder da Rep\u00fablica Federal da Alemanha&#8221; (KMK) como uma escola oficial no estrangeiro. A escola \u00e9 uma escola de encontros totalmente desenvolvida com o objectivo de oferecer uma educa\u00e7\u00e3o bilingue e foi a primeira escola no mundo a receber o selo de qualidade &#8220;Excelente Escola Alem\u00e3 no Estrangeiro&#8221; em 2008.[\/vc_column_text][\/vc_column][\/vc_row][vc_row full_width=&#8221;stretch_row&#8221; gap=&#8221;35&#8243;][vc_column][vc_empty_space alter_height=&#8221;medium&#8221; hide_on_mobile=&#8221;&#8221;][\/vc_column][\/vc_row][vc_row equal_height=&#8221;yes&#8221; content_placement=&#8221;middle&#8221;][vc_column width=&#8221;1\/4&#8243;][vc_single_image image=&#8221;855&#8243; img_size=&#8221;full&#8221;][\/vc_column][vc_column width=&#8221;1\/4&#8243;][vc_single_image image=&#8221;856&#8243; img_size=&#8221;full&#8221;][\/vc_column][vc_column width=&#8221;1\/4&#8243;][vc_single_image image=&#8221;857&#8243; img_size=&#8221;full&#8221;][\/vc_column][vc_column width=&#8221;1\/4&#8243;][vc_single_image image=&#8221;858&#8243; img_size=&#8221;full&#8221;][\/vc_column][\/vc_row][vc_row full_width=&#8221;stretch_row&#8221; gap=&#8221;35&#8243;][vc_column][vc_empty_space alter_height=&#8221;medium&#8221; hide_on_mobile=&#8221;&#8221;][\/vc_column][\/vc_row]<\/p>\n","protected":false},"excerpt":{"rendered":"<p>[vc_row full_width=&#8221;stretch_row_content_no_spaces&#8221; css=&#8221;.vc_custom_1593772347789{padding-top: 500px !important;padding-bottom: 500px !important;background-image: url(https:\/\/www.ds-iberien.de\/wp-content\/uploads\/2020\/07\/Aussenanalgen-1.jpg?id=1369) !important;background-position: center !important;background-repeat: no-repeat !important;background-size: cover !important;}&#8221;][vc_column][\/vc_column][\/vc_row][vc_row gap=&#8221;15&#8243; css=&#8221;.vc_custom_1591617474487{margin-top: -70px !important;background-color: rgba(221,51,51,0.01) !important;*background-color: rgb(221,51,51) !important;}&#8221;][vc_column width=&#8221;2\/6&#8243; icons_position=&#8221;left&#8221; css=&#8221;.vc_custom_1591615516296{background-color: #f2f2f2 !important;}&#8221;][vc_empty_space height=&#8221;60px&#8221; alter_height=&#8221;none&#8221; hide_on_mobile=&#8221;&#8221;][vc_single_image image=&#8221;1329&#8243; img_size=&#8221;full&#8221; alignment=&#8221;center&#8221;][vc_empty_space hide_on_mobile=&#8221;&#8221;][vc_column_text] www.dsmalaga.com [\/vc_column_text][vc_empty_space alter_height=&#8221;none&#8221; hide_on_mobile=&#8221;&#8221;][\/vc_column][vc_column width=&#8221;1\/6&#8243;&hellip;<\/p>\n","protected":false},"author":1,"featured_media":0,"parent":0,"menu_order":0,"comment_status":"closed","ping_status":"open","template":"","meta":[],"aioseo_notices":[],"_links":{"self":[{"href":"https:\/\/www.ds-iberien.de\/pt-pt\/wp-json\/wp\/v2\/pages\/2453"}],"collection":[{"href":"https:\/\/www.ds-iberien.de\/pt-pt\/wp-json\/wp\/v2\/pages"}],"about":[{"href":"https:\/\/www.ds-iberien.de\/pt-pt\/wp-json\/wp\/v2\/types\/page"}],"author":[{"embeddable":true,"href":"https:\/\/www.ds-iberien.de\/pt-pt\/wp-json\/wp\/v2\/users\/1"}],"replies":[{"embeddable":true,"href":"https:\/\/www.ds-iberien.de\/pt-pt\/wp-json\/wp\/v2\/comments?post=2453"}],"version-history":[{"count":3,"href":"https:\/\/www.ds-iberien.de\/pt-pt\/wp-json\/wp\/v2\/pages\/2453\/revisions"}],"predecessor-version":[{"id":2544,"href":"https:\/\/www.ds-iberien.de\/pt-pt\/wp-json\/wp\/v2\/pages\/2453\/revisions\/2544"}],"wp:attachment":[{"href":"https:\/\/www.ds-iberien.de\/pt-pt\/wp-json\/wp\/v2\/media?parent=2453"}],"curies":[{"name":"wp","href":"https:\/\/api.w.org\/{rel}","templated":true}]}}