{"id":2397,"date":"2020-07-15T12:35:32","date_gmt":"2020-07-15T10:35:32","guid":{"rendered":"https:\/\/www.ds-iberien.de\/deutsche-schule-teneriffa-2\/"},"modified":"2021-05-06T09:28:46","modified_gmt":"2021-05-06T07:28:46","slug":"deutsche-schule-teneriffa-2","status":"publish","type":"page","link":"https:\/\/www.ds-iberien.de\/pt-pt\/deutsche-schule-teneriffa-2\/","title":{"rendered":"ESCOLA ALEM\u00c3 SANTA CRUZ DE TENERIFE"},"content":{"rendered":"<p>[vc_row][vc_column width=&#8221;1\/4&#8243; css=&#8221;.vc_custom_1599554237801{background-color: #e6e6e6 !important;}&#8221; el_class=&#8221;menu_lateral&#8221;][vc_wp_custommenu nav_menu=&#8221;52&#8243;][vc_empty_space alter_height=&#8221;small&#8221; hide_on_mobile=&#8221;&#8221;][vc_wp_custommenu nav_menu=&#8221;53&#8243;][vc_empty_space alter_height=&#8221;small&#8221; hide_on_mobile=&#8221;&#8221;][vc_wp_custommenu nav_menu=&#8221;54&#8243;][\/vc_column][vc_column width=&#8221;3\/4&#8243;][vc_column_text]<\/p>\n<h2 style=\"text-align: center; color: #d7362d;\">ESCOLA ALEM\u00c3 SANTA CRUZ DE TENERIFE<\/h2>\n<p>[\/vc_column_text][vc_empty_space hide_on_mobile=&#8221;&#8221;][vc_row_inner][vc_column_inner width=&#8221;2\/3&#8243;][vc_single_image image=&#8221;1443&#8243; img_size=&#8221;full&#8221;][vc_empty_space hide_on_mobile=&#8221;&#8221;][vc_column_text]Na Escola Alem\u00e3 de Santa Cruz de Tenerife, o foco est\u00e1 nos jovens ao longo da sua carreira escolar: abordamo-los sempre com confian\u00e7a e pretendemos na nossa educa\u00e7\u00e3o ensin\u00e1-los a trabalhar em equipa e a lidar aberta e tolerantemente com pessoas de outras origens culturais ou outras formas de pensar.<\/p>\n<p>Encorajamos os nossos alunos a serem altamente motivados e independentes, que apoiamos principalmente atrav\u00e9s da nossa vasta gama de actividades extra-curriculares e extra-curriculares. Desta forma, podemos tamb\u00e9m fazer justi\u00e7a aos diferentes talentos, interesses e dons de cada aluno. O nosso objectivo n\u00e3o \u00e9 apenas ensinar uma educa\u00e7\u00e3o espec\u00edfica, mas tamb\u00e9m lutar pelo conhecimento geral e a aquisi\u00e7\u00e3o de todas as compet\u00eancias importantes. Os frutos desta longa experi\u00eancia escolar s\u00e3o colhidos sobretudo pelos nossos diplomados do ensino secund\u00e1rio com o Abitur ap\u00f3s o 12\u00ba ano, os quais, ap\u00f3s a sua carreira escolar, prosseguem frequentemente estudos universit\u00e1rios na Alemanha, Espanha ou outras partes do mundo.<\/p>\n<p>Para al\u00e9m do conhecimento vers\u00e1til da l\u00edngua, cultura e outras compet\u00eancias-chave na \u00e1rea social, a Escola Alem\u00e3 Santa Cruz de Tenerife oferece uma vasta gama de viagens de estudo ao estrangeiro, e interc\u00e2mbios individuais de estudantes. Al\u00e9m disso, s\u00e3o oferecidos grupos de trabalho para concursos tais como &#8220;Jugend debattiert&#8221; (debates de jovens) ou &#8220;Model UN&#8221;.[\/vc_column_text][\/vc_column_inner][vc_column_inner width=&#8221;1\/3&#8243; css=&#8221;.vc_custom_1593427104907{border-left-width: 2px !important;border-left-color: #f4b606 !important;border-left-style: solid !important;}&#8221;][vc_single_image image=&#8221;1338&#8243; img_size=&#8221;full&#8221; alignment=&#8221;right&#8221;][vc_empty_space hide_on_mobile=&#8221;&#8221;][vc_column_text]<\/p>\n<p style=\"text-align: right;\"><span style=\"color: #f4b606;\">ESCOLA ALEM\u00c3 SANTA CRUZ DE TENERIFE<\/span><\/p>\n<p>[\/vc_column_text][vc_empty_space alter_height=&#8221;medium&#8221; hide_on_mobile=&#8221;&#8221;][vc_column_text]<\/p>\n<p style=\"text-align: right;\"><strong>Lisa Schneider<\/strong><br \/>\nSchulleiterin<br \/>\n<strong>Telefon<\/strong><br \/>\n<a href=\"tel:+34922682010\">+34 922 68 20 10<\/a><br \/>\n<strong>E-Mail<\/strong><br \/>\n<a href=\"mailto:dstenerife@dstenerife.eu\">dstenerife@dstenerife.eu<\/a><br \/>\n<strong>Adresse<\/strong><br \/>\nDeutsche Schule &#8211; Colegio Alem\u00e1n Santa Cruz de Tenerife<br \/>\nCalle Drago 1<br \/>\n38190 El Rosario (Tabaiba Alta)<br \/>\nSpanien<br \/>\n<strong>WEBSITE<\/strong><br \/>\n<a href=\"https:\/\/www.dstenerife.eu\" target=\"_Blank\" rel=\"noopener noreferrer\">www.dstenerife.eu<\/a><\/p>\n<p>[\/vc_column_text][\/vc_column_inner][\/vc_row_inner][\/vc_column][\/vc_row][vc_row][vc_column width=&#8221;1\/4&#8243;][\/vc_column][vc_column width=&#8221;3\/4&#8243;][vc_empty_space alter_height=&#8221;medium&#8221; hide_on_mobile=&#8221;&#8221;][vc_column_text]<\/p>\n<h3 style=\"text-align: left; color: #d7362d;\">ALLGEMEIN<\/h3>\n<p>[\/vc_column_text][vc_separator color=&#8221;custom&#8221; accent_color=&#8221;#f4b606&#8243; css=&#8221;.vc_custom_1593438972630{margin-top: 0px !important;margin-bottom: 0px !important;padding-top: 0px !important;padding-bottom: 0px !important;}&#8221;][vc_column_text]<\/p>\n<table style=\"border: 0!important; background-color: white!important;\" border=\"0\" width=\"100%\" cellspacing=\"0\" cellpadding=\"0\">\n<tbody>\n<tr valign=\"top\">\n<td style=\"text-align: left; width: 20%; border: 0!important; background-color: white!important;\"><strong>TR\u00c4GER<\/strong><\/td>\n<td style=\"width: 30%; border: 0px none !important; background-color: white !important; text-align: left;\">Deutscher Schulverein Santa Cruz de Tenerife<\/td>\n<td style=\"text-align: center; width: 25%; border: 0!important; background-color: white!important;\"><strong>GR\u00dcNDUNGSJAHR<\/strong><br \/>\n1909<\/td>\n<td style=\"text-align: center; width: 25%; border: 0!important; background-color: white!important;\"><strong>JAHRGANGSSTUFEN<\/strong><br \/>\n1-12<\/td>\n<\/tr>\n<tr valign=\"top\">\n<td style=\"width: 20%; border: 0px none !important; background-color: white !important; text-align: left;\"><strong>AUSZEICHNUNGEN<\/strong><\/td>\n<td style=\"width: 30%; border: 0px none !important; background-color: white !important; text-align: left;\">G\u00fctesiegel BLI \u2013 Exzellente Deutsche Auslandsschule<\/td>\n<td style=\"text-align: center; width: 25%; border: 0!important; background-color: white!important;\"><strong>SCHULJAHRESBEGINN<\/strong><br \/>\nSeptember<\/td>\n<td style=\"text-align: center; width: 25%; border: 0!important; background-color: white!important;\"><strong>SOMMERFERIEN<\/strong><br \/>\nJuli\/August<\/td>\n<\/tr>\n<tr valign=\"top\">\n<td style=\"width: 20%; border: 0px none !important; background-color: white !important; text-align: left;\"><strong>ABSCHL\u00dcSSE<\/strong><\/td>\n<td style=\"width: 30%; border: 0px none !important; background-color: white !important; text-align: left;\">Deutsche Internationale Abiturpr\u00fcfung (DIAP)<\/td>\n<td style=\"text-align: center; width: 25%; border: 0!important; background-color: white!important;\"><strong>ANZAHL SCH\u00dcLER<\/strong><br \/>\n542<\/td>\n<td style=\"text-align: center; width: 25%; border: 0!important; background-color: white!important;\"><strong>ANZAHL LEHRKR\u00c4FTE<\/strong><br \/>\n51<\/td>\n<\/tr>\n<\/tbody>\n<\/table>\n<p>[\/vc_column_text][\/vc_column][\/vc_row][vc_row][vc_column width=&#8221;1\/4&#8243;][\/vc_column][vc_column width=&#8221;3\/4&#8243;][vc_empty_space alter_height=&#8221;medium&#8221; hide_on_mobile=&#8221;&#8221;][vc_row_inner][vc_column_inner width=&#8221;1\/2&#8243;][vc_single_image image=&#8221;1444&#8243; img_size=&#8221;full&#8221;][\/vc_column_inner][vc_column_inner width=&#8221;1\/2&#8243;][vc_column_text]<\/p>\n<h3 style=\"color: #d7362d; text-align: right;\">INFOS ZUR SCHULE<\/h3>\n<p>[\/vc_column_text][vc_separator color=&#8221;custom&#8221; accent_color=&#8221;#f4b606&#8243; css=&#8221;.vc_custom_1593437458871{margin-top: 0px !important;margin-bottom: 0px !important;padding-top: 0px !important;padding-bottom: 0px !important;}&#8221;][vc_column_text]<\/p>\n<table style=\"border: 0!important; background-color: white!important;\" border=\"0\" width=\"100%\" cellspacing=\"0\" cellpadding=\"0\">\n<tbody>\n<tr valign=\"top\">\n<td style=\"text-align: center; width: 50%; border: 0!important; background-color: white!important;\"><strong>UNTERRICHTSSPRACHEN<\/strong><br \/>\nDeutsch<br \/>\nSpanisch<\/td>\n<td style=\"text-align: center; width: 50%; border: 0!important; background-color: white!important;\"><strong>SCHULTYP<\/strong><br \/>\nBegegnungsschule<\/td>\n<\/tr>\n<\/tbody>\n<\/table>\n<p>[\/vc_column_text][vc_empty_space hide_on_mobile=&#8221;&#8221;][vc_column_text]<\/p>\n<table style=\"border: 0!important; background-color: white!important;\" border=\"0\" width=\"100%\" cellspacing=\"0\" cellpadding=\"0\">\n<tbody>\n<tr valign=\"top\">\n<td style=\"text-align: center; width: 50%; border: 0!important; background-color: white!important;\"><strong>SCHULSTRUKTUR<\/strong><br \/>\nGrundschule<br \/>\nKindergarten<br \/>\nKinderkrippe<br \/>\nSekundarstufe 1<br \/>\nSekundarstufe 2<br \/>\nVorschule<\/td>\n<td style=\"text-align: center; border: 0!important; background-color: white!important;\"><strong>FREMDSPRACHEN<\/strong><br \/>\nEnglisch<br \/>\nFranz\u00f6sisch<\/td>\n<\/tr>\n<\/tbody>\n<\/table>\n<p>[\/vc_column_text][\/vc_column_inner][\/vc_row_inner][\/vc_column][\/vc_row][vc_row][vc_column width=&#8221;1\/4&#8243;][\/vc_column][vc_column width=&#8221;3\/4&#8243;][vc_empty_space alter_height=&#8221;medium&#8221; hide_on_mobile=&#8221;&#8221;][vc_column_text]<\/p>\n<h3 style=\"text-align: left; color: #d7362d;\">PRAKTIKUM<\/h3>\n<p>[\/vc_column_text][vc_separator color=&#8221;custom&#8221; accent_color=&#8221;#f4b606&#8243; css=&#8221;.vc_custom_1593437458871{margin-top: 0px !important;margin-bottom: 0px !important;padding-top: 0px !important;padding-bottom: 0px !important;}&#8221;][vc_row_inner][vc_column_inner][vc_column_text]Praktika sind in Kinderkrippe, Kindergarten und Schule m\u00f6glich. Da wir nur eine begrenzte Anzahl von Praktikumspl\u00e4tzen anbieten k\u00f6nnen, halten wir diese in der Regel f\u00fcr die Pflichtpraktika im Zusammenhang mit der Ausbildung der Lehramtsstudenten zur Verf\u00fcgung.<\/p>\n<p><a href=\"http:\/\/www.dstenerife.eu\/die-schule\/stellenangebote-und-praktikanten\/praktika\" target=\"_blank\" rel=\"noopener noreferrer\">www.dstenerife.eu\/die-schule\/stellenangebote-und-praktikanten\/praktika<\/a><\/p>\n<p>[\/vc_column_text][\/vc_column_inner][\/vc_row_inner][\/vc_column][\/vc_row][vc_row][vc_column][vc_column_text][\/vc_column_text][\/vc_column][\/vc_row]<\/p>\n","protected":false},"excerpt":{"rendered":"<p>[vc_row][vc_column width=&#8221;1\/4&#8243; css=&#8221;.vc_custom_1599554237801{background-color: #e6e6e6 !important;}&#8221; el_class=&#8221;menu_lateral&#8221;][vc_wp_custommenu nav_menu=&#8221;52&#8243;][vc_empty_space alter_height=&#8221;small&#8221; hide_on_mobile=&#8221;&#8221;][vc_wp_custommenu nav_menu=&#8221;53&#8243;][vc_empty_space alter_height=&#8221;small&#8221; hide_on_mobile=&#8221;&#8221;][vc_wp_custommenu nav_menu=&#8221;54&#8243;][\/vc_column][vc_column width=&#8221;3\/4&#8243;][vc_column_text] ESCOLA ALEM\u00c3 SANTA CRUZ DE TENERIFE [\/vc_column_text][vc_empty_space hide_on_mobile=&#8221;&#8221;][vc_row_inner][vc_column_inner width=&#8221;2\/3&#8243;][vc_single_image image=&#8221;1443&#8243; img_size=&#8221;full&#8221;][vc_empty_space hide_on_mobile=&#8221;&#8221;][vc_column_text]Na Escola Alem\u00e3 de Santa Cruz de Tenerife, o foco est\u00e1 nos jovens ao longo&hellip;<\/p>\n","protected":false},"author":1,"featured_media":0,"parent":0,"menu_order":0,"comment_status":"closed","ping_status":"closed","template":"","meta":[],"aioseo_notices":[],"_links":{"self":[{"href":"https:\/\/www.ds-iberien.de\/pt-pt\/wp-json\/wp\/v2\/pages\/2397"}],"collection":[{"href":"https:\/\/www.ds-iberien.de\/pt-pt\/wp-json\/wp\/v2\/pages"}],"about":[{"href":"https:\/\/www.ds-iberien.de\/pt-pt\/wp-json\/wp\/v2\/types\/page"}],"author":[{"embeddable":true,"href":"https:\/\/www.ds-iberien.de\/pt-pt\/wp-json\/wp\/v2\/users\/1"}],"replies":[{"embeddable":true,"href":"https:\/\/www.ds-iberien.de\/pt-pt\/wp-json\/wp\/v2\/comments?post=2397"}],"version-history":[{"count":2,"href":"https:\/\/www.ds-iberien.de\/pt-pt\/wp-json\/wp\/v2\/pages\/2397\/revisions"}],"predecessor-version":[{"id":2400,"href":"https:\/\/www.ds-iberien.de\/pt-pt\/wp-json\/wp\/v2\/pages\/2397\/revisions\/2400"}],"wp:attachment":[{"href":"https:\/\/www.ds-iberien.de\/pt-pt\/wp-json\/wp\/v2\/media?parent=2397"}],"curies":[{"name":"wp","href":"https:\/\/api.w.org\/{rel}","templated":true}]}}