{"id":2389,"date":"2020-07-10T13:45:34","date_gmt":"2020-07-10T11:45:34","guid":{"rendered":"https:\/\/www.ds-iberien.de\/deutsche-schule-san-sebastian-2\/"},"modified":"2024-11-13T20:48:19","modified_gmt":"2024-11-13T18:48:19","slug":"deutsche-schule-san-sebastian-2","status":"publish","type":"page","link":"https:\/\/www.ds-iberien.de\/pt-pt\/deutsche-schule-san-sebastian-2\/","title":{"rendered":"ESCOLA ALEM\u00c3 SAN SEBASTIAN"},"content":{"rendered":"<p>[vc_row][vc_column width=&#8221;1\/4&#8243; css=&#8221;.vc_custom_1599554222414{background-color: #e6e6e6 !important;}&#8221; el_class=&#8221;menu_lateral&#8221;][vc_wp_custommenu nav_menu=&#8221;52&#8243;][vc_empty_space alter_height=&#8221;small&#8221; hide_on_mobile=&#8221;&#8221;][vc_wp_custommenu nav_menu=&#8221;53&#8243;][vc_empty_space alter_height=&#8221;small&#8221; hide_on_mobile=&#8221;&#8221;][vc_wp_custommenu nav_menu=&#8221;54&#8243;][\/vc_column][vc_column width=&#8221;3\/4&#8243;][vc_column_text]<\/p>\n<h2 style=\"text-align: center; color: #d7362d;\">ESCOLA ALEM\u00c3 SAN SEBASTIAN<\/h2>\n<p>[\/vc_column_text][vc_empty_space hide_on_mobile=&#8221;&#8221;][vc_row_inner][vc_column_inner width=&#8221;2\/3&#8243;][vc_single_image image=&#8221;1412&#8243; img_size=&#8221;full&#8221;][vc_empty_space hide_on_mobile=&#8221;&#8221;][vc_column_text]O Col\u00e9gio Alem\u00e1n San Sebasti\u00e1n foi fundado em 1921 como uma escola de l\u00edngua e cultura alem\u00e3 e, portanto, tem cem anos de hist\u00f3ria como tal.<\/p>\n<p>O multilinguismo e uma s\u00f3lida educa\u00e7\u00e3o em valores s\u00e3o o cerne do nosso trabalho pedag\u00f3gico. Os nossos m\u00e9todos de aprendizagem inovadores e cooperativos promovem o desenvolvimento pessoal e social e proporcionam aos nossos estudantes as compet\u00eancias necess\u00e1rias para moldarem as suas vidas com sucesso. A educa\u00e7\u00e3o para a independ\u00eancia, capacidade de pensamento cr\u00edtico e responsabilidade social s\u00e3o outros pontos focais do nosso trabalho.<\/p>\n<p>O ensino de compet\u00eancias lingu\u00edsticas e interculturais em alem\u00e3o \u00e9 de particular import\u00e2ncia. O ensino cont\u00ednuo e orientado para a compet\u00eancia constitui a base para a participa\u00e7\u00e3o bem sucedida nos exames para o Diploma de L\u00edngua Alem\u00e3 da Confer\u00eancia dos Ministros da Educa\u00e7\u00e3o e dos Assuntos Culturais. Os alunos desenvolvem uma imagem distinta da Alemanha atrav\u00e9s da participa\u00e7\u00e3o em festivais tradicionais, actividades de interc\u00e2mbio, viagens de estudo e concursos em conjunto com outras escolas parceiras alem\u00e3s.<br \/>\nO nosso conceito de sala de aula aberta a todos os n\u00edveis assegura uma atmosfera de aprendizagem agrad\u00e1vel e permite uma aprendizagem independente, bem como a interac\u00e7\u00e3o em grupo. A nossa escola est\u00e1 dividida nos seguintes n\u00edveis:<\/p>\n<p><strong>Jardim de inf\u00e2ncia:<\/strong> o trabalho pedag\u00f3gico no jardim de inf\u00e2ncia (creche) baseia-se em projectos que fazem do mundo da experi\u00eancia das crian\u00e7as o objecto de aprendizagem. Em todos os grupos et\u00e1rios somos apoiados por falantes nativos de alem\u00e3o.<\/p>\n<p><strong>Escola prim\u00e1ria:<\/strong> O objectivo \u00e9 a expans\u00e3o dos conhecimentos existentes e a aquisi\u00e7\u00e3o de compet\u00eancias e habilidades pessoais, sociais e comunicativas, especialmente atrav\u00e9s da aprendizagem cooperativa.<\/p>\n<p><strong>Ensino secund\u00e1rio e liceu:<\/strong> A prepara\u00e7\u00e3o para o exame de admiss\u00e3o \u00e0 universidade, bem como o estabelecimento de compet\u00eancias de estudo, s\u00e3o os pontos focais de trabalho nestes graus. O ensino baseado em projectos permite aos alunos relacionar os conte\u00fados das diferentes \u00e1reas tem\u00e1ticas uns com os outros e trabalhar sobre eles num contexto mais amplo.[\/vc_column_text][\/vc_column_inner][vc_column_inner width=&#8221;1\/3&#8243; css=&#8221;.vc_custom_1593427104907{border-left-width: 2px !important;border-left-color: #f4b606 !important;border-left-style: solid !important;}&#8221;][vc_single_image image=&#8221;1834&#8243; img_size=&#8221;full&#8221; alignment=&#8221;right&#8221;][vc_empty_space hide_on_mobile=&#8221;&#8221;][vc_column_text]<\/p>\n<p style=\"text-align: right;\"><span style=\"color: #f4b606;\">ESCOLA ALEM\u00c3 SAN SEBASTIAN<\/span><\/p>\n<p>[\/vc_column_text][vc_empty_space alter_height=&#8221;medium&#8221; hide_on_mobile=&#8221;&#8221;][vc_column_text]<\/p>\n<p style=\"text-align: right;\"><strong>Juan Martorell<\/strong><br \/>\nSchulleiter<br \/>\n<strong>Telefon<\/strong><br \/>\n<a href=\"tel:+34943212244\">+34 943 212 244<\/a><br \/>\n<strong>E-Mail<\/strong><br \/>\n<a href=\"mailto:cv@colegioaleman.net\">cv@colegioaleman.net<\/a><br \/>\n<strong>Adresse<\/strong><br \/>\nDeutsche Schule San Sebasti\u00e1n<br \/>\nPaseo Oriamendi 25<br \/>\n20009 San Sebasti\u00e1n<br \/>\nSpanien<br \/>\n<strong>WEBSITE<\/strong><br \/>\n<a href=\"http:\/\/www.colegioaleman.net\" target=\"_Blank\" rel=\"noopener noreferrer\">www.colegioaleman.net<\/a><\/p>\n<p>[\/vc_column_text][\/vc_column_inner][\/vc_row_inner][\/vc_column][\/vc_row][vc_row][vc_column width=&#8221;1\/4&#8243;][\/vc_column][vc_column width=&#8221;3\/4&#8243;][vc_empty_space alter_height=&#8221;medium&#8221; hide_on_mobile=&#8221;&#8221;][vc_column_text]<\/p>\n<h3 style=\"text-align: left; color: #d7362d;\">ALLGEMEIN<\/h3>\n<p>[\/vc_column_text][vc_separator color=&#8221;custom&#8221; accent_color=&#8221;#f4b606&#8243; css=&#8221;.vc_custom_1593438972630{margin-top: 0px !important;margin-bottom: 0px !important;padding-top: 0px !important;padding-bottom: 0px !important;}&#8221;][vc_column_text]<\/p>\n<table style=\"border: 0!important; background-color: white!important;\" border=\"0\" width=\"100%\" cellspacing=\"0\" cellpadding=\"0\">\n<tbody>\n<tr valign=\"top\">\n<td style=\"text-align: left; width: 20%; border: 0!important; background-color: white!important;\"><strong>TR\u00c4GER<\/strong><\/td>\n<td style=\"width: 30%; border: 0px none !important; background-color: white !important; text-align: left;\">Deutsche Schule San Alberto Magno, S. Coop.<\/td>\n<td style=\"text-align: center; width: 25%; border: 0!important; background-color: white!important;\"><strong>GR\u00dcNDUNGSJAHR<\/strong><br \/>\n1921<\/td>\n<td style=\"text-align: center; width: 25%; border: 0!important; background-color: white!important;\"><strong>JAHRGANGSSTUFEN<\/strong><br \/>\nKinderkrippe (2 Jahre) -12 Klasse<\/td>\n<\/tr>\n<tr valign=\"top\">\n<td style=\"width: 20%; border: 0px none !important; background-color: white !important; text-align: left;\"><strong>AUSZEICHNUNGEN<\/strong><\/td>\n<td style=\"width: 30%; border: 0px none !important; background-color: white !important; text-align: left;\">G\u00fctesiegel BLI \u2013 Exzellente Deutsche Auslandsschule<\/td>\n<td style=\"text-align: center; width: 25%; border: 0!important; background-color: white!important;\"><strong>SCHULJAHRESBEGINN<\/strong><br \/>\nSeptember<\/td>\n<td style=\"text-align: center; width: 25%; border: 0!important; background-color: white!important;\"><strong>SOMMERFERIEN<\/strong><br \/>\nEnde Juni bis Anfang September<\/td>\n<\/tr>\n<tr valign=\"top\">\n<td style=\"width: 20%; border: 0px none !important; background-color: white !important; text-align: left;\"><strong>ABSCHL\u00dcSSE<\/strong><\/td>\n<td style=\"width: 30%; border: 0px none !important; background-color: white !important; text-align: left;\">Landeseigener Abschluss<br \/>\nDeutsches Sprachdiplom I (DSD I)<br \/>\nDeutsches Sprachdiplom II (DSD II)<\/td>\n<td style=\"text-align: center; width: 25%; border: 0!important; background-color: white!important;\"><strong>ANZAHL SCH\u00dcLER<\/strong><br \/>\n715<\/td>\n<td style=\"text-align: center; width: 25%; border: 0!important; background-color: white!important;\"><strong>ANZAHL LEHRKR\u00c4FTE<\/strong><br \/>\n51<\/td>\n<\/tr>\n<\/tbody>\n<\/table>\n<p>[\/vc_column_text][\/vc_column][\/vc_row][vc_row][vc_column width=&#8221;1\/4&#8243;][\/vc_column][vc_column width=&#8221;3\/4&#8243;][vc_empty_space alter_height=&#8221;medium&#8221; hide_on_mobile=&#8221;&#8221;][vc_row_inner][vc_column_inner width=&#8221;1\/2&#8243;][vc_single_image image=&#8221;1413&#8243; img_size=&#8221;full&#8221;][\/vc_column_inner][vc_column_inner width=&#8221;1\/2&#8243;][vc_column_text]<\/p>\n<h3 style=\"color: #d7362d; text-align: right;\">INFOS ZUR SCHULE<\/h3>\n<p>[\/vc_column_text][vc_separator color=&#8221;custom&#8221; accent_color=&#8221;#f4b606&#8243; css=&#8221;.vc_custom_1593437458871{margin-top: 0px !important;margin-bottom: 0px !important;padding-top: 0px !important;padding-bottom: 0px !important;}&#8221;][vc_column_text]<\/p>\n<table style=\"border: 0!important; background-color: white!important;\" border=\"0\" width=\"100%\" cellspacing=\"0\" cellpadding=\"0\">\n<tbody>\n<tr valign=\"top\">\n<td style=\"text-align: center; width: 50%; border: 0!important; background-color: white!important;\"><strong>UNTERRICHTSSPRACHEN<\/strong><br \/>\nBaskisch<br \/>\nDeutsch<br \/>\nSpanisch<\/td>\n<td style=\"text-align: center; width: 50%; border: 0!important; background-color: white!important;\"><strong>SCHULTYP<\/strong><br \/>\nDeutsch-Pro fil-Schu le (DPS)<\/td>\n<\/tr>\n<\/tbody>\n<\/table>\n<p>[\/vc_column_text][vc_empty_space hide_on_mobile=&#8221;&#8221;][vc_column_text]<\/p>\n<table style=\"border: 0!important; background-color: white!important;\" border=\"0\" width=\"100%\" cellspacing=\"0\" cellpadding=\"0\">\n<tbody>\n<tr valign=\"top\">\n<td style=\"text-align: center; width: 50%; border: 0!important; background-color: white!important;\"><strong>SCHULSTRUKTUR<\/strong><br \/>\nBilingualer Kindergarten<br \/>\nGanztagsbetreuung<br \/>\nGrundschule<br \/>\nKinderkrippe<br \/>\nMittelstufe<br \/>\nOberstufe<\/td>\n<td style=\"text-align: center; border: 0!important; background-color: white!important;\"><strong>FREMDSPRACHEN<\/strong><br \/>\nEnglisch<\/td>\n<\/tr>\n<\/tbody>\n<\/table>\n<p>[\/vc_column_text][\/vc_column_inner][\/vc_row_inner][\/vc_column][\/vc_row][vc_row][vc_column width=&#8221;1\/4&#8243;][\/vc_column][vc_column width=&#8221;3\/4&#8243;][vc_empty_space alter_height=&#8221;medium&#8221; hide_on_mobile=&#8221;&#8221;][vc_column_text]<\/p>\n<h3 style=\"text-align: left; color: #d7362d;\">PRAKTIKUM<\/h3>\n<p>[\/vc_column_text][vc_separator color=&#8221;custom&#8221; accent_color=&#8221;#f4b606&#8243; css=&#8221;.vc_custom_1593437458871{margin-top: 0px !important;margin-bottom: 0px !important;padding-top: 0px !important;padding-bottom: 0px !important;}&#8221;][vc_row_inner][vc_column_inner][vc_column_text]Praktika sind im Kindergarten und der Schule m\u00f6glich. Kontaktieren Sie die Schule oder besuchen Sie die Schul-Webseite, um mehr zu erfahren.<br \/>\n<a href=\"https:\/\/colegioaleman.net\/bolsa-de-trabajo\/\">https:\/\/colegioaleman.net\/bolsa-de-trabajo\/<\/a>[\/vc_column_text][\/vc_column_inner][\/vc_row_inner][\/vc_column][\/vc_row][vc_row][vc_column][vc_column_text][\/vc_column_text][\/vc_column][\/vc_row]<\/p>\n","protected":false},"excerpt":{"rendered":"<p>[vc_row][vc_column width=&#8221;1\/4&#8243; css=&#8221;.vc_custom_1599554222414{background-color: #e6e6e6 !important;}&#8221; el_class=&#8221;menu_lateral&#8221;][vc_wp_custommenu nav_menu=&#8221;52&#8243;][vc_empty_space alter_height=&#8221;small&#8221; hide_on_mobile=&#8221;&#8221;][vc_wp_custommenu nav_menu=&#8221;53&#8243;][vc_empty_space alter_height=&#8221;small&#8221; hide_on_mobile=&#8221;&#8221;][vc_wp_custommenu nav_menu=&#8221;54&#8243;][\/vc_column][vc_column width=&#8221;3\/4&#8243;][vc_column_text] ESCOLA ALEM\u00c3 SAN SEBASTIAN [\/vc_column_text][vc_empty_space hide_on_mobile=&#8221;&#8221;][vc_row_inner][vc_column_inner width=&#8221;2\/3&#8243;][vc_single_image image=&#8221;1412&#8243; img_size=&#8221;full&#8221;][vc_empty_space hide_on_mobile=&#8221;&#8221;][vc_column_text]O Col\u00e9gio Alem\u00e1n San Sebasti\u00e1n foi fundado em 1921 como uma escola de l\u00edngua e cultura alem\u00e3&hellip;<\/p>\n","protected":false},"author":1,"featured_media":0,"parent":0,"menu_order":0,"comment_status":"closed","ping_status":"closed","template":"","meta":[],"aioseo_notices":[],"_links":{"self":[{"href":"https:\/\/www.ds-iberien.de\/pt-pt\/wp-json\/wp\/v2\/pages\/2389"}],"collection":[{"href":"https:\/\/www.ds-iberien.de\/pt-pt\/wp-json\/wp\/v2\/pages"}],"about":[{"href":"https:\/\/www.ds-iberien.de\/pt-pt\/wp-json\/wp\/v2\/types\/page"}],"author":[{"embeddable":true,"href":"https:\/\/www.ds-iberien.de\/pt-pt\/wp-json\/wp\/v2\/users\/1"}],"replies":[{"embeddable":true,"href":"https:\/\/www.ds-iberien.de\/pt-pt\/wp-json\/wp\/v2\/comments?post=2389"}],"version-history":[{"count":3,"href":"https:\/\/www.ds-iberien.de\/pt-pt\/wp-json\/wp\/v2\/pages\/2389\/revisions"}],"predecessor-version":[{"id":4524,"href":"https:\/\/www.ds-iberien.de\/pt-pt\/wp-json\/wp\/v2\/pages\/2389\/revisions\/4524"}],"wp:attachment":[{"href":"https:\/\/www.ds-iberien.de\/pt-pt\/wp-json\/wp\/v2\/media?parent=2389"}],"curies":[{"name":"wp","href":"https:\/\/api.w.org\/{rel}","templated":true}]}}