{"id":2373,"date":"2020-06-16T16:02:41","date_gmt":"2020-06-16T14:02:41","guid":{"rendered":"https:\/\/www.ds-iberien.de\/ok\/"},"modified":"2021-05-06T08:57:32","modified_gmt":"2021-05-06T06:57:32","slug":"ok","status":"publish","type":"page","link":"https:\/\/www.ds-iberien.de\/pt-pt\/ok\/","title":{"rendered":"Pessoal local"},"content":{"rendered":"<p>[vc_row][vc_column width=&#8221;1\/4&#8243; css=&#8221;.vc_custom_1599053946139{background-color: #e6e6e6 !important;}&#8221; el_class=&#8221;menu_lateral&#8221;][vc_wp_custommenu nav_menu=&#8221;52&#8243;][vc_empty_space alter_height=&#8221;small&#8221; hide_on_mobile=&#8221;&#8221;][vc_wp_custommenu nav_menu=&#8221;53&#8243;][vc_empty_space alter_height=&#8221;small&#8221; hide_on_mobile=&#8221;&#8221;][vc_wp_custommenu nav_menu=&#8221;54&#8243;][\/vc_column][vc_column width=&#8221;3\/4&#8243;][vc_column_text]<\/p>\n<h2 style=\"text-align: center; color: #d7362d;\">Pessoal local<\/h2>\n<p>[\/vc_column_text][vc_empty_space hide_on_mobile=&#8221;&#8221;][vc_single_image image=&#8221;1172&#8243; img_size=&#8221;full&#8221;][vc_empty_space alter_height=&#8221;medium&#8221; hide_on_mobile=&#8221;&#8221;][vc_column_text]Pessoal local (OK para abreviar) refere-se ao pessoal que \u00e9 empregado directamente pelas escolas mas que n\u00e3o tem uma fun\u00e7\u00e3o ou papel pedag\u00f3gico. Este grupo inclui educadores, estagi\u00e1rios e outro pessoal pedag\u00f3gico, bem como outro pessoal empregado pela escola nas \u00e1reas de administra\u00e7\u00e3o, servi\u00e7o, manuten\u00e7\u00e3o, etc.<\/p>\n<p>Os contratos de trabalho s\u00e3o regidos pela legisla\u00e7\u00e3o do pa\u00eds em que a escola est\u00e1 situada e pelas conven\u00e7\u00f5es colectivas sectoriais ou privadas pertinentes.<\/p>\n<p>Pode candidatar-se ou encontrar vagas actuais no nosso website.[\/vc_column_text][\/vc_column][\/vc_row]<\/p>\n","protected":false},"excerpt":{"rendered":"<p>[vc_row][vc_column width=&#8221;1\/4&#8243; css=&#8221;.vc_custom_1599053946139{background-color: #e6e6e6 !important;}&#8221; el_class=&#8221;menu_lateral&#8221;][vc_wp_custommenu nav_menu=&#8221;52&#8243;][vc_empty_space alter_height=&#8221;small&#8221; hide_on_mobile=&#8221;&#8221;][vc_wp_custommenu nav_menu=&#8221;53&#8243;][vc_empty_space alter_height=&#8221;small&#8221; hide_on_mobile=&#8221;&#8221;][vc_wp_custommenu nav_menu=&#8221;54&#8243;][\/vc_column][vc_column width=&#8221;3\/4&#8243;][vc_column_text] Pessoal local [\/vc_column_text][vc_empty_space hide_on_mobile=&#8221;&#8221;][vc_single_image image=&#8221;1172&#8243; img_size=&#8221;full&#8221;][vc_empty_space alter_height=&#8221;medium&#8221; hide_on_mobile=&#8221;&#8221;][vc_column_text]Pessoal local (OK para abreviar) refere-se ao pessoal que \u00e9 empregado directamente pelas escolas mas que n\u00e3o tem uma&hellip;<\/p>\n","protected":false},"author":1,"featured_media":0,"parent":0,"menu_order":0,"comment_status":"closed","ping_status":"closed","template":"","meta":[],"aioseo_notices":[],"_links":{"self":[{"href":"https:\/\/www.ds-iberien.de\/pt-pt\/wp-json\/wp\/v2\/pages\/2373"}],"collection":[{"href":"https:\/\/www.ds-iberien.de\/pt-pt\/wp-json\/wp\/v2\/pages"}],"about":[{"href":"https:\/\/www.ds-iberien.de\/pt-pt\/wp-json\/wp\/v2\/types\/page"}],"author":[{"embeddable":true,"href":"https:\/\/www.ds-iberien.de\/pt-pt\/wp-json\/wp\/v2\/users\/1"}],"replies":[{"embeddable":true,"href":"https:\/\/www.ds-iberien.de\/pt-pt\/wp-json\/wp\/v2\/comments?post=2373"}],"version-history":[{"count":1,"href":"https:\/\/www.ds-iberien.de\/pt-pt\/wp-json\/wp\/v2\/pages\/2373\/revisions"}],"predecessor-version":[{"id":2375,"href":"https:\/\/www.ds-iberien.de\/pt-pt\/wp-json\/wp\/v2\/pages\/2373\/revisions\/2375"}],"wp:attachment":[{"href":"https:\/\/www.ds-iberien.de\/pt-pt\/wp-json\/wp\/v2\/media?parent=2373"}],"curies":[{"name":"wp","href":"https:\/\/api.w.org\/{rel}","templated":true}]}}