{"id":2365,"date":"2020-06-16T15:59:07","date_gmt":"2020-06-16T13:59:07","guid":{"rendered":"https:\/\/www.ds-iberien.de\/adlk\/"},"modified":"2021-05-06T08:51:29","modified_gmt":"2021-05-06T06:51:29","slug":"adlk","status":"publish","type":"page","link":"https:\/\/www.ds-iberien.de\/pt-pt\/adlk\/","title":{"rendered":"PROFESSORES DE SERVI\u00c7OS ESTRANGEIROS"},"content":{"rendered":"<p>[vc_row][vc_column width=&#8221;1\/4&#8243; css=&#8221;.vc_custom_1599053912898{background-color: #e6e6e6 !important;}&#8221; el_class=&#8221;menu_lateral&#8221;][vc_wp_custommenu nav_menu=&#8221;52&#8243;][vc_empty_space alter_height=&#8221;small&#8221; hide_on_mobile=&#8221;&#8221;][vc_wp_custommenu nav_menu=&#8221;53&#8243;][vc_empty_space alter_height=&#8221;small&#8221; hide_on_mobile=&#8221;&#8221;][vc_wp_custommenu nav_menu=&#8221;54&#8243;][\/vc_column][vc_column width=&#8221;3\/4&#8243;][vc_column_text]<\/p>\n<h2 style=\"text-align: center; color: #d7362d;\">PROFESSORES DE SERVI\u00c7OS ESTRANGEIROS<\/h2>\n<p>[\/vc_column_text][vc_empty_space hide_on_mobile=&#8221;&#8221;][vc_single_image image=&#8221;1163&#8243; img_size=&#8221;full&#8221;][vc_empty_space alter_height=&#8221;medium&#8221; hide_on_mobile=&#8221;&#8221;][vc_column_text]Os professores de servi\u00e7os estrangeiros (ADLK) s\u00e3o professores licenciados para ensinar na Alemanha que querem ensinar numa escola alem\u00e3 no estrangeiro. Se quiser candidatar-se, deve tamb\u00e9m procurar a aprova\u00e7\u00e3o do seu empregador para que possa ser dispensado.<\/p>\n<p>Isto requer, entre outras coisas, que seja funcion\u00e1rio p\u00fablico permanente ou empregado do servi\u00e7o escolar alem\u00e3o e que tenha passado nos exames necess\u00e1rios para uma carreira docente na Alemanha.<\/p>\n<p>Pode encontrar mais informa\u00e7\u00f5es neste link: <a href=\"https:\/\/www.auslandsschulwesen.de\/Webs\/ZfA\/DE\/Bewerbung\/Lehrkraefte\/ADLK\/adlk_node.html\" target=\"_blank\" rel=\"noopener noreferrer\">Professor de servi\u00e7os estrangeiros<\/a>[\/vc_column_text][\/vc_column][\/vc_row]<\/p>\n","protected":false},"excerpt":{"rendered":"<p>[vc_row][vc_column width=&#8221;1\/4&#8243; css=&#8221;.vc_custom_1599053912898{background-color: #e6e6e6 !important;}&#8221; el_class=&#8221;menu_lateral&#8221;][vc_wp_custommenu nav_menu=&#8221;52&#8243;][vc_empty_space alter_height=&#8221;small&#8221; hide_on_mobile=&#8221;&#8221;][vc_wp_custommenu nav_menu=&#8221;53&#8243;][vc_empty_space alter_height=&#8221;small&#8221; hide_on_mobile=&#8221;&#8221;][vc_wp_custommenu nav_menu=&#8221;54&#8243;][\/vc_column][vc_column width=&#8221;3\/4&#8243;][vc_column_text] PROFESSORES DE SERVI\u00c7OS ESTRANGEIROS [\/vc_column_text][vc_empty_space hide_on_mobile=&#8221;&#8221;][vc_single_image image=&#8221;1163&#8243; img_size=&#8221;full&#8221;][vc_empty_space alter_height=&#8221;medium&#8221; hide_on_mobile=&#8221;&#8221;][vc_column_text]Os professores de servi\u00e7os estrangeiros (ADLK) s\u00e3o professores licenciados para ensinar na Alemanha que querem ensinar numa&hellip;<\/p>\n","protected":false},"author":1,"featured_media":0,"parent":0,"menu_order":0,"comment_status":"closed","ping_status":"closed","template":"","meta":[],"aioseo_notices":[],"_links":{"self":[{"href":"https:\/\/www.ds-iberien.de\/pt-pt\/wp-json\/wp\/v2\/pages\/2365"}],"collection":[{"href":"https:\/\/www.ds-iberien.de\/pt-pt\/wp-json\/wp\/v2\/pages"}],"about":[{"href":"https:\/\/www.ds-iberien.de\/pt-pt\/wp-json\/wp\/v2\/types\/page"}],"author":[{"embeddable":true,"href":"https:\/\/www.ds-iberien.de\/pt-pt\/wp-json\/wp\/v2\/users\/1"}],"replies":[{"embeddable":true,"href":"https:\/\/www.ds-iberien.de\/pt-pt\/wp-json\/wp\/v2\/comments?post=2365"}],"version-history":[{"count":2,"href":"https:\/\/www.ds-iberien.de\/pt-pt\/wp-json\/wp\/v2\/pages\/2365\/revisions"}],"predecessor-version":[{"id":2368,"href":"https:\/\/www.ds-iberien.de\/pt-pt\/wp-json\/wp\/v2\/pages\/2365\/revisions\/2368"}],"wp:attachment":[{"href":"https:\/\/www.ds-iberien.de\/pt-pt\/wp-json\/wp\/v2\/media?parent=2365"}],"curies":[{"name":"wp","href":"https:\/\/api.w.org\/{rel}","templated":true}]}}