{"id":2361,"date":"2020-06-16T15:55:39","date_gmt":"2020-06-16T13:55:39","guid":{"rendered":"https:\/\/www.ds-iberien.de\/schulleitung\/"},"modified":"2024-07-31T19:06:00","modified_gmt":"2024-07-31T17:06:00","slug":"schulleitung","status":"publish","type":"page","link":"https:\/\/www.ds-iberien.de\/pt-pt\/schulleitung\/","title":{"rendered":"GEST\u00c3O ESCOLAR"},"content":{"rendered":"<p>[vc_row][vc_column width=&#8221;1\/4&#8243; css=&#8221;.vc_custom_1599053863613{background-color: #e6e6e6 !important;}&#8221; el_class=&#8221;menu_lateral&#8221;][vc_wp_custommenu nav_menu=&#8221;52&#8243;][vc_empty_space alter_height=&#8221;small&#8221; hide_on_mobile=&#8221;&#8221;][vc_wp_custommenu nav_menu=&#8221;53&#8243;][vc_empty_space alter_height=&#8221;small&#8221; hide_on_mobile=&#8221;&#8221;][vc_wp_custommenu nav_menu=&#8221;54&#8243;][\/vc_column][vc_column width=&#8221;3\/4&#8243;][vc_column_text]<\/p>\n<h2 style=\"text-align: center; color: #d7362d;\">GEST\u00c3O ESCOLAR<\/h2>\n<p>[\/vc_column_text][vc_empty_space hide_on_mobile=&#8221;&#8221;][vc_single_image image=&#8221;1158&#8243; img_size=&#8221;full&#8221;][vc_empty_space alter_height=&#8221;medium&#8221; hide_on_mobile=&#8221;&#8221;][vc_column_text]Se j\u00e1 provou o seu valor no servi\u00e7o escolar em casa ou no estrangeiro e est\u00e1 pronto a assumir novos desafios e responsabilidades acrescidas, ent\u00e3o deve considerar trabalhar connosco como chefe de escola.<\/p>\n<p>A sua candidatura deve ser submetida atrav\u00e9s da Ag\u00eancia Central para as Escolas no Estrangeiro (ZfA) &#8211; os candidatos ser\u00e3o recomendados ao conselho escolar para selec\u00e7\u00e3o por um painel de peritos (representantes do Governo Federal e dos L\u00e4nder no BLASchA).<\/p>\n<p>Mais informa\u00e7\u00f5es sobre o procedimento podem ser encontradas aqui: <a href=\"https:\/\/www.auslandsschulwesen.de\/DE\/Bewerbung\/Leitungs-und-Funktionsstellen\/Schulleitung\/schulleitung.html\" target=\"_blank\" rel=\"noopener noreferrer\">Gest\u00e3o de escolas no estrangeiro<\/a>[\/vc_column_text][\/vc_column][\/vc_row]<\/p>\n","protected":false},"excerpt":{"rendered":"<p>[vc_row][vc_column width=&#8221;1\/4&#8243; css=&#8221;.vc_custom_1599053863613{background-color: #e6e6e6 !important;}&#8221; el_class=&#8221;menu_lateral&#8221;][vc_wp_custommenu nav_menu=&#8221;52&#8243;][vc_empty_space alter_height=&#8221;small&#8221; hide_on_mobile=&#8221;&#8221;][vc_wp_custommenu nav_menu=&#8221;53&#8243;][vc_empty_space alter_height=&#8221;small&#8221; hide_on_mobile=&#8221;&#8221;][vc_wp_custommenu nav_menu=&#8221;54&#8243;][\/vc_column][vc_column width=&#8221;3\/4&#8243;][vc_column_text] GEST\u00c3O ESCOLAR [\/vc_column_text][vc_empty_space hide_on_mobile=&#8221;&#8221;][vc_single_image image=&#8221;1158&#8243; img_size=&#8221;full&#8221;][vc_empty_space alter_height=&#8221;medium&#8221; hide_on_mobile=&#8221;&#8221;][vc_column_text]Se j\u00e1 provou o seu valor no servi\u00e7o escolar em casa ou no estrangeiro e est\u00e1 pronto a assumir&hellip;<\/p>\n","protected":false},"author":1,"featured_media":0,"parent":0,"menu_order":0,"comment_status":"closed","ping_status":"closed","template":"","meta":[],"aioseo_notices":[],"_links":{"self":[{"href":"https:\/\/www.ds-iberien.de\/pt-pt\/wp-json\/wp\/v2\/pages\/2361"}],"collection":[{"href":"https:\/\/www.ds-iberien.de\/pt-pt\/wp-json\/wp\/v2\/pages"}],"about":[{"href":"https:\/\/www.ds-iberien.de\/pt-pt\/wp-json\/wp\/v2\/types\/page"}],"author":[{"embeddable":true,"href":"https:\/\/www.ds-iberien.de\/pt-pt\/wp-json\/wp\/v2\/users\/1"}],"replies":[{"embeddable":true,"href":"https:\/\/www.ds-iberien.de\/pt-pt\/wp-json\/wp\/v2\/comments?post=2361"}],"version-history":[{"count":3,"href":"https:\/\/www.ds-iberien.de\/pt-pt\/wp-json\/wp\/v2\/pages\/2361\/revisions"}],"predecessor-version":[{"id":4344,"href":"https:\/\/www.ds-iberien.de\/pt-pt\/wp-json\/wp\/v2\/pages\/2361\/revisions\/4344"}],"wp:attachment":[{"href":"https:\/\/www.ds-iberien.de\/pt-pt\/wp-json\/wp\/v2\/media?parent=2361"}],"curies":[{"name":"wp","href":"https:\/\/api.w.org\/{rel}","templated":true}]}}