{"id":2271,"date":"2020-07-15T11:26:07","date_gmt":"2020-07-15T09:26:07","guid":{"rendered":"https:\/\/www.ds-iberien.de\/deutsche-schule-sevilla-2\/"},"modified":"2021-04-16T01:34:26","modified_gmt":"2021-04-15T23:34:26","slug":"deutsche-schule-sevilla-2","status":"publish","type":"page","link":"https:\/\/www.ds-iberien.de\/es\/deutsche-schule-sevilla-2\/","title":{"rendered":"COLEGIO ALEMAN DE SEVILLA"},"content":{"rendered":"<p>[vc_row][vc_column width=\u00bb1\/4&#8243; css=\u00bb.vc_custom_1593425825505{background-color: #e6e6e6 !important;}\u00bb][vc_wp_custommenu nav_menu=\u00bb52&#8243;][vc_empty_space alter_height=\u00bbsmall\u00bb hide_on_mobile=\u00bb\u00bb][vc_wp_custommenu nav_menu=\u00bb53&#8243;][vc_empty_space alter_height=\u00bbsmall\u00bb hide_on_mobile=\u00bb\u00bb][vc_wp_custommenu nav_menu=\u00bb54&#8243; el_class=\u00bbmenu_lateral\u00bb][\/vc_column][vc_column width=\u00bb3\/4&#8243;][vc_column_text]<\/p>\n<h2 style=\"text-align: center; color: #d7362d;\">COLEGIO ALEMAN DE SEVILLA<\/h2>\n<p>[\/vc_column_text][vc_empty_space hide_on_mobile=\u00bb\u00bb][vc_row_inner][vc_column_inner width=\u00bb2\/3&#8243;][vc_single_image image=\u00bb1439&#8243; img_size=\u00bbfull\u00bb][vc_empty_space hide_on_mobile=\u00bb\u00bb][vc_column_text]Die Deutsche Schule Sevilla \u201cAlbrecht Du\u0308rer\u201d ist eine vom andalusischen Bildungsministerium \u201cConsejer\u00eda de Educaci\u00f3n\u201d und von der Zentralstelle f\u00fcr das Auslandsschulwesen (ZfA) anerkannte bilinguale (Deutsch-Spanisch) Privatschule, die aufgrund ihrer guten Sprachdiploms-Ergebnisse (DSD Stufe II) von der Bundesrepublik Deutschland die sogenannte Sprachbeihilfe erh\u00e4lt. Seit Ende 2016 ist sie zudem eine durch das Ausw\u00e4rtige Amt und die Zentralstelle fu\u0308r das Auslandsschulwesen (ZfA) ernannte Deutsch-Profil-Schule (DPS).<br \/>\nDas p\u00e4dagogische Leitbild vereinigt spanische und deutsche Erziehungs- und Bildungsgrundlagen. In diesem Zusammenhang sind beispielsweise Konzepte wie \u201eFordern und F\u00f6rdern\u201c (reduzierte Schu\u0308lerzahlen, DaM- und F\u00f6rderunterricht), Werte-Erziehung sowie die Ausbildung eines Umwelt- bzw. Gesundheitsbewusstseins als besondere Identit\u00e4tsmerkmale hervorzuheben. Deutsch wird ab dem Kindergarten als erste Fremdsprache erlernt und in den folgenden F\u00e4chern ist die deutsche Sprache auch Unterrichtssprache (DFU): Kunst (1. bis 6. Klasse), Sport (3. bis 7. Klasse), Medienkunde (6. Klasse), Physik\/Chemie (8. Klasse), Technologie (7. bis 10. Klasse), Musik (1. bis 8. Klasse), Sozial- und Naturwissenschaften (1. bis 10. Klasse) sowie im f\u00e4cheru\u0308bergreifenden Unterricht (\u201eVerantwortung und Herausforderung\u201c) der 9. und 10. Klassen. Englisch wird als zweite Fremdsprache ab der 3. Klasse erlernt.<br \/>\nZurzeit werden an der Schule \u2013vom Kindergarten bis zum spanischen Abitur \u2013 739 Schu\u0308ler\/innen von ca. 60 Lehrenden unterrichtet. Die Schule wird vom Kindergarten (ab 3 Jahren) bis zum Ende der 12. Klasse zweizu\u0308gig gefu\u0308hrt, d.h. in jeder Jahrgangsstufe gibt es zwei Parallelklassen zu je rund 25 Schu\u0308lern\/innen. Aktuell fu\u0308hrt die Schule zum landeseigenen Abschluss \u201eBachillerato\u201c. In Verbindung mit dem Deutschen Sprachdiplom der Kultusministerkonferenz (DSD Stufe II), das bei uns in den Jahrgangsstufen 10, 11 oder 12 abgelegt wird, erfu\u0308llen die Schu\u0308ler\/innen nach ihrem Abschluss auch die sprachlichen Bedingungen zum Studium an deutschen Universit\u00e4ten. Schu\u0308ler\/innen, die das DSD II bereits in der 10. Klasse ablegen, haben die M\u00f6glichkeit, in der 12. Klasse an den Modulen der externen Pru\u0308fung \u201eGoethe-Zertifikat C2\u201c teilzunehmen. Die Englischkenntnisse unserer Schu\u0308ler\/innen werden durch das \u201eCambridge Certificate\u201c (B1 -C2) nachgewiesen. Der Schulalltag wird durch ein breit gef\u00e4chertes Austauschprogramm v.a. mit deutschen Gymnasien, au\u00dferschulische Aktivit\u00e4ten und verschiedenste Arbeitsgemeinschaften und Workshops am Nachmittag erg\u00e4nzt.[\/vc_column_text][\/vc_column_inner][vc_column_inner width=\u00bb1\/3&#8243; css=\u00bb.vc_custom_1593427104907{border-left-width: 2px !important;border-left-color: #f4b606 !important;border-left-style: solid !important;}\u00bb][vc_single_image image=\u00bb918&#8243; img_size=\u00bbfull\u00bb alignment=\u00bbright\u00bb][vc_empty_space hide_on_mobile=\u00bb\u00bb][vc_column_text]<\/p>\n<p style=\"text-align: right;\"><span style=\"color: #f4b606;\">COLEGIO ALEMAN DE SEVILLA<\/span><\/p>\n<p>[\/vc_column_text][vc_empty_space alter_height=\u00bbmedium\u00bb hide_on_mobile=\u00bb\u00bb][vc_column_text]<\/p>\n<p style=\"text-align: right;\"><strong>Annika Herrmann<\/strong><br \/>\nSchulleiterin<br \/>\n<strong>Telefon<\/strong><br \/>\n<a href=\"tel:+34954999509\">+34 954 999 50 9<\/a><br \/>\n<strong>E-Mail<\/strong><br \/>\n<a href=\"mailto:info@colegioalemansevilla.com\">info@colegioalemansevilla.com<\/a><br \/>\n<strong>Adresse<\/strong><br \/>\nDeutsche Schule Sevilla \u00abAlbrecht D\u00fcrer\u00bb<br \/>\nAvda. Cueva del Gato s\/n<br \/>\n41020 Sevilla<br \/>\nK\u00f6nigreich Spanien<br \/>\n<strong>WEBSITE<\/strong><br \/>\n<a href=\"https:\/\/www.colegioalemansevilla.com\" target=\"_Blank\" rel=\"noopener noreferrer\">www.colegioalemansevilla.com<\/a><\/p>\n<p>[\/vc_column_text][\/vc_column_inner][\/vc_row_inner][\/vc_column][\/vc_row][vc_row][vc_column width=\u00bb1\/4&#8243;][\/vc_column][vc_column width=\u00bb3\/4&#8243;][vc_empty_space alter_height=\u00bbmedium\u00bb hide_on_mobile=\u00bb\u00bb][vc_column_text]<\/p>\n<h3 style=\"text-align: left; color: #d7362d;\">ALLGEMEIN<\/h3>\n<p>[\/vc_column_text][vc_separator color=\u00bbcustom\u00bb accent_color=\u00bb#f4b606&#8243; css=\u00bb.vc_custom_1593438972630{margin-top: 0px !important;margin-bottom: 0px !important;padding-top: 0px !important;padding-bottom: 0px !important;}\u00bb][vc_column_text]<\/p>\n<table style=\"border: 0!important; background-color: white!important;\" border=\"0\" width=\"100%\" cellspacing=\"0\" cellpadding=\"0\">\n<tbody>\n<tr valign=\"top\">\n<td style=\"text-align: left; width: 20%; border: 0!important; background-color: white!important;\"><strong>TR\u00c4GER<\/strong><\/td>\n<td style=\"width: 30%; border: 0px none !important; background-color: white !important; text-align: left;\">Deutscher Schulverein \u201eCCA\u201c (Centro Cultural Alem\u00e1n)<\/td>\n<td style=\"text-align: center; width: 25%; border: 0!important; background-color: white!important;\"><strong>GR\u00dcNDUNGSJAHR<\/strong><br \/>\n1921<\/td>\n<td style=\"text-align: center; width: 25%; border: 0!important; background-color: white!important;\"><strong>JAHRGANGSSTUFEN<\/strong><br \/>\n1-12<\/td>\n<\/tr>\n<tr valign=\"top\">\n<td style=\"width: 20%; border: 0px none !important; background-color: white !important; text-align: left;\"><strong>AUSZEICHNUNGEN<\/strong><\/td>\n<td style=\"width: 30%; border: 0px none !important; background-color: white !important; text-align: left;\">Auszeichnung als \u00abUnternehmens-Schule\u00bb in Sevilla durch die \u00abEscuela<br \/>\nUniversitaria EUSA\u00bb der Handelskammer Sevilla (2016\/17) Ergebnisse der DS<br \/>\nSevilla beim Bundeswettbewerb Jugend musiziert 2019 in Halle, Saale: 1. Preis<br \/>\nf\u00fcr Klavierbegleitung 3. Preis in der Kategorie Pop-Gesang Auszeichnung \u2013 mit<br \/>\nviel Erfolg teilgenommen in der Kategorie Pop-Gesang mit Begleitung<br \/>\nErgebnisse der DS Sevilla bei Jugend Forscht IBERIA 2018 an der Deutschen<br \/>\nSchule Madrid: ein erster Preis in der Kategorie Jugend forscht (\u00fcber 15) ein<br \/>\nerster Preis in der Kategorie Sch\u00fcler experimentieren (unter 15) Jeweils<br \/>\nWeiterleitung zum Landeswettbewerb nach Deutschland. 2. Platz beim<br \/>\nWettbewerb \u00abJunior Manager 2019\u00bb Entwicklung einer Top-Kandidatur aus<br \/>\nfiktiven Bewerbungen f\u00fcr eine positive Candidate Experience im Rahmen des<br \/>\nVorstellungsgespr\u00e4chs f\u00fcr die Firma Siemens. 2019: Ausrichtung der zweiten<br \/>\n\u00abMesse f\u00fcr Unternehmergeist f\u00fcr die Sek I\/II in Sevilla\u00bb Ab 2019\/20: Teilnahme<br \/>\nder DS Sevilla am Wettbewerb \u00abJugend debattiert Iberien\u00bb<\/td>\n<td style=\"text-align: center; width: 25%; border: 0!important; background-color: white!important;\"><strong>SCHULJAHRESBEGINN<\/strong><br \/>\nSeptember<\/td>\n<td style=\"text-align: center; width: 25%; border: 0!important; background-color: white!important;\"><strong>SOMMERFERIEN<\/strong><br \/>\nVon Ende Juni bis Mitte September<\/td>\n<\/tr>\n<tr valign=\"top\">\n<td style=\"width: 20%; border: 0px none !important; background-color: white !important; text-align: left;\"><strong>ABSCHL\u00dcSSE<\/strong><\/td>\n<td style=\"width: 30%; border: 0px none !important; background-color: white !important; text-align: left;\">Landeseigener Abschluss<br \/>\nDeutsches Sprachdiplom II (DSD II)<br \/>\nGoethe-Zertifikat C2: Gro\u00dfes Deutsches Sprachdiplom (GDS)<\/td>\n<td style=\"text-align: center; width: 25%; border: 0!important; background-color: white!important;\"><strong>ANZAHL SCH\u00dcLER<\/strong><br \/>\n730<\/td>\n<td style=\"text-align: center; width: 25%; border: 0!important; background-color: white!important;\"><strong>ANZAHL LEHRKR\u00c4FTE<\/strong><br \/>\n60<\/td>\n<\/tr>\n<\/tbody>\n<\/table>\n<p>[\/vc_column_text][\/vc_column][\/vc_row][vc_row][vc_column width=\u00bb1\/4&#8243;][\/vc_column][vc_column width=\u00bb3\/4&#8243;][vc_empty_space alter_height=\u00bbmedium\u00bb hide_on_mobile=\u00bb\u00bb][vc_row_inner][vc_column_inner width=\u00bb1\/2&#8243;][vc_single_image image=\u00bb1827&#8243; img_size=\u00bbfull\u00bb][\/vc_column_inner][vc_column_inner width=\u00bb1\/2&#8243;][vc_column_text]<\/p>\n<h3 style=\"color: #d7362d; text-align: right;\">INFOS ZUR SCHULE<\/h3>\n<p>[\/vc_column_text][vc_separator color=\u00bbcustom\u00bb accent_color=\u00bb#f4b606&#8243; css=\u00bb.vc_custom_1593437458871{margin-top: 0px !important;margin-bottom: 0px !important;padding-top: 0px !important;padding-bottom: 0px !important;}\u00bb][vc_column_text]<\/p>\n<table style=\"border: 0!important; background-color: white!important;\" border=\"0\" width=\"100%\" cellspacing=\"0\" cellpadding=\"0\">\n<tbody>\n<tr valign=\"top\">\n<td style=\"text-align: center; width: 50%; border: 0!important; background-color: white!important;\"><strong>UNTERRICHTSSPRACHEN<\/strong><br \/>\nDeutsch<br \/>\nSpanisch<\/td>\n<td style=\"text-align: center; width: 50%; border: 0!important; background-color: white!important;\"><strong>SCHULTYP<\/strong><br \/>\nDeutsch-Pro fil-Schu le (DPS)<\/td>\n<\/tr>\n<\/tbody>\n<\/table>\n<p>[\/vc_column_text][vc_empty_space hide_on_mobile=\u00bb\u00bb][vc_column_text]<\/p>\n<table style=\"border: 0!important; background-color: white!important;\" border=\"0\" width=\"100%\" cellspacing=\"0\" cellpadding=\"0\">\n<tbody>\n<tr valign=\"top\">\n<td style=\"text-align: center; width: 50%; border: 0!important; background-color: white!important;\"><strong>SCHULSTRUKTUR<\/strong><br \/>\nGrundschule<br \/>\nKindergarten<br \/>\nSekundarstufe 1<br \/>\nSekundarstufe 2<\/td>\n<td style=\"text-align: center; border: 0!important; background-color: white!important;\"><strong>FREMDSPRACHEN<\/strong><br \/>\nEnglisch<\/td>\n<\/tr>\n<\/tbody>\n<\/table>\n<p>[\/vc_column_text][\/vc_column_inner][\/vc_row_inner][\/vc_column][\/vc_row][vc_row][vc_column width=\u00bb1\/4&#8243;][\/vc_column][vc_column width=\u00bb3\/4&#8243;][vc_empty_space alter_height=\u00bbmedium\u00bb hide_on_mobile=\u00bb\u00bb][vc_column_text]<\/p>\n<h3 style=\"text-align: left; color: #d7362d;\">PRAKTIKUM<\/h3>\n<p>[\/vc_column_text][vc_separator color=\u00bbcustom\u00bb accent_color=\u00bb#f4b606&#8243; css=\u00bb.vc_custom_1593437458871{margin-top: 0px !important;margin-bottom: 0px !important;padding-top: 0px !important;padding-bottom: 0px !important;}\u00bb][vc_row_inner][vc_column_inner][vc_column_text]Kontaktieren Sie bitte die jeweiligen Ansprechparterinnen f\u00fcr ein Praktikum im Bereich \u00abDeutsch als Fremdsprache\u00bb: Kindergarten: Frau Pichler (susannepichler@colegioalemansevilla.com); Grundschule: Frau Speck (ingaspeck@colegioalemansevilla.com); Sekundarstufe I und II: Carmen Bernabeu (carmenbernabeu@colegioalemansevilla.com)<\/p>\n<p>[\/vc_column_text][\/vc_column_inner][\/vc_row_inner][\/vc_column][\/vc_row][vc_row][vc_column][vc_column_text][\/vc_column_text][\/vc_column][\/vc_row]<\/p>\n","protected":false},"excerpt":{"rendered":"<p>[vc_row][vc_column width=\u00bb1\/4&#8243; css=\u00bb.vc_custom_1593425825505{background-color: #e6e6e6 !important;}\u00bb][vc_wp_custommenu nav_menu=\u00bb52&#8243;][vc_empty_space alter_height=\u00bbsmall\u00bb hide_on_mobile=\u00bb\u00bb][vc_wp_custommenu nav_menu=\u00bb53&#8243;][vc_empty_space alter_height=\u00bbsmall\u00bb hide_on_mobile=\u00bb\u00bb][vc_wp_custommenu nav_menu=\u00bb54&#8243; el_class=\u00bbmenu_lateral\u00bb][\/vc_column][vc_column width=\u00bb3\/4&#8243;][vc_column_text] COLEGIO ALEMAN DE SEVILLA [\/vc_column_text][vc_empty_space hide_on_mobile=\u00bb\u00bb][vc_row_inner][vc_column_inner width=\u00bb2\/3&#8243;][vc_single_image image=\u00bb1439&#8243; img_size=\u00bbfull\u00bb][vc_empty_space hide_on_mobile=\u00bb\u00bb][vc_column_text]Die Deutsche Schule Sevilla \u201cAlbrecht Du\u0308rer\u201d ist eine vom andalusischen Bildungsministerium \u201cConsejer\u00eda de Educaci\u00f3n\u201d und von der&hellip;<\/p>\n","protected":false},"author":1,"featured_media":0,"parent":0,"menu_order":0,"comment_status":"closed","ping_status":"closed","template":"","meta":[],"aioseo_notices":[],"_links":{"self":[{"href":"https:\/\/www.ds-iberien.de\/es\/wp-json\/wp\/v2\/pages\/2271"}],"collection":[{"href":"https:\/\/www.ds-iberien.de\/es\/wp-json\/wp\/v2\/pages"}],"about":[{"href":"https:\/\/www.ds-iberien.de\/es\/wp-json\/wp\/v2\/types\/page"}],"author":[{"embeddable":true,"href":"https:\/\/www.ds-iberien.de\/es\/wp-json\/wp\/v2\/users\/1"}],"replies":[{"embeddable":true,"href":"https:\/\/www.ds-iberien.de\/es\/wp-json\/wp\/v2\/comments?post=2271"}],"version-history":[{"count":2,"href":"https:\/\/www.ds-iberien.de\/es\/wp-json\/wp\/v2\/pages\/2271\/revisions"}],"predecessor-version":[{"id":2289,"href":"https:\/\/www.ds-iberien.de\/es\/wp-json\/wp\/v2\/pages\/2271\/revisions\/2289"}],"wp:attachment":[{"href":"https:\/\/www.ds-iberien.de\/es\/wp-json\/wp\/v2\/media?parent=2271"}],"curies":[{"name":"wp","href":"https:\/\/api.w.org\/{rel}","templated":true}]}}