{"id":2265,"date":"2020-07-15T12:35:32","date_gmt":"2020-07-15T10:35:32","guid":{"rendered":"https:\/\/www.ds-iberien.de\/deutsche-schule-teneriffa-2\/"},"modified":"2021-04-16T01:33:40","modified_gmt":"2021-04-15T23:33:40","slug":"deutsche-schule-teneriffa-2","status":"publish","type":"page","link":"https:\/\/www.ds-iberien.de\/es\/deutsche-schule-teneriffa-2\/","title":{"rendered":"COLEGIO ALEMAN DE SANTA CRUZ DE TENERIFE"},"content":{"rendered":"<p>[vc_row][vc_column width=\u00bb1\/4&#8243; css=\u00bb.vc_custom_1599554237801{background-color: #e6e6e6 !important;}\u00bb el_class=\u00bbmenu_lateral\u00bb][vc_wp_custommenu nav_menu=\u00bb52&#8243;][vc_empty_space alter_height=\u00bbsmall\u00bb hide_on_mobile=\u00bb\u00bb][vc_wp_custommenu nav_menu=\u00bb53&#8243;][vc_empty_space alter_height=\u00bbsmall\u00bb hide_on_mobile=\u00bb\u00bb][vc_wp_custommenu nav_menu=\u00bb54&#8243;][\/vc_column][vc_column width=\u00bb3\/4&#8243;][vc_column_text]<\/p>\n<h2 style=\"text-align: center; color: #d7362d;\">COLEGIO ALEMAN DE SANTA CRUZ DE TENERIFE<\/h2>\n<p>[\/vc_column_text][vc_empty_space hide_on_mobile=\u00bb\u00bb][vc_row_inner][vc_column_inner width=\u00bb2\/3&#8243;][vc_single_image image=\u00bb1443&#8243; img_size=\u00bbfull\u00bb][vc_empty_space hide_on_mobile=\u00bb\u00bb][vc_column_text]Die Deutsche Schule Santa Cruz de Tenerife (DST) ist eine Begegnungsschule, an der die Sch\u00fclerinnen und Sch\u00fcler auf den deutschen und den spanischen Hochschulzugang vorbereitet werden. Daneben besteht die M\u00f6glichkeit, den Realschulabschluss nach Klasse 10 zu erwerben. Die DST ist eine selbst\u00e4ndige ausl\u00e4ndische Privatschule und wird vom spanischen Staat gem\u00e4\u00df dem Real Decreto 806\/1993 vom 28.05.1993 als solche anerkannt. Sie wird vom Ausw\u00e4rtigen Amt der.<\/p>\n<p>Bundesrepublik Deutschland personell und finanziell gef\u00f6rdert, ist von der St\u00e4ndigen Konferenz der Kultusminister der L\u00e4nder der Bundesrepublik Deutschland (KMK) anerkannt und wird von ihr beaufsichtigt.[\/vc_column_text][\/vc_column_inner][vc_column_inner width=\u00bb1\/3&#8243; css=\u00bb.vc_custom_1593427104907{border-left-width: 2px !important;border-left-color: #f4b606 !important;border-left-style: solid !important;}\u00bb][vc_single_image image=\u00bb1338&#8243; img_size=\u00bbfull\u00bb alignment=\u00bbright\u00bb][vc_empty_space hide_on_mobile=\u00bb\u00bb][vc_column_text]<\/p>\n<p style=\"text-align: right;\"><span style=\"color: #f4b606;\">COLEGIO ALEMAN DE SANTA CRUZ DE TENERIFE<\/span><\/p>\n<p>[\/vc_column_text][vc_empty_space alter_height=\u00bbmedium\u00bb hide_on_mobile=\u00bb\u00bb][vc_column_text]<\/p>\n<p style=\"text-align: right;\"><strong>Lisa Schneider<\/strong><br \/>\nSchulleiterin<br \/>\n<strong>Telefon<\/strong><br \/>\n<a href=\"tel:+34922682010\">+34 922 68 20 10<\/a><br \/>\n<strong>E-Mail<\/strong><br \/>\n<a href=\"mailto:dstenerife@dstenerife.eu\">dstenerife@dstenerife.eu<\/a><br \/>\n<strong>Adresse<\/strong><br \/>\nDeutsche Schule &#8211; Colegio Alem\u00e1n Santa Cruz de Tenerife<br \/>\nCalle Drago 1<br \/>\n38190 El Rosario (Tabaiba Alta)<br \/>\nSpanien<br \/>\n<strong>WEBSITE<\/strong><br \/>\n<a href=\"https:\/\/www.dstenerife.eu\" target=\"_Blank\" rel=\"noopener noreferrer\">www.dstenerife.eu<\/a><\/p>\n<p>[\/vc_column_text][\/vc_column_inner][\/vc_row_inner][\/vc_column][\/vc_row][vc_row][vc_column width=\u00bb1\/4&#8243;][\/vc_column][vc_column width=\u00bb3\/4&#8243;][vc_empty_space alter_height=\u00bbmedium\u00bb hide_on_mobile=\u00bb\u00bb][vc_column_text]<\/p>\n<h3 style=\"text-align: left; color: #d7362d;\">ALLGEMEIN<\/h3>\n<p>[\/vc_column_text][vc_separator color=\u00bbcustom\u00bb accent_color=\u00bb#f4b606&#8243; css=\u00bb.vc_custom_1593438972630{margin-top: 0px !important;margin-bottom: 0px !important;padding-top: 0px !important;padding-bottom: 0px !important;}\u00bb][vc_column_text]<\/p>\n<table style=\"border: 0!important; background-color: white!important;\" border=\"0\" width=\"100%\" cellspacing=\"0\" cellpadding=\"0\">\n<tbody>\n<tr valign=\"top\">\n<td style=\"text-align: left; width: 20%; border: 0!important; background-color: white!important;\"><strong>TR\u00c4GER<\/strong><\/td>\n<td style=\"width: 30%; border: 0px none !important; background-color: white !important; text-align: left;\">Deutscher Schulverein Santa Cruz de Tenerife<\/td>\n<td style=\"text-align: center; width: 25%; border: 0!important; background-color: white!important;\"><strong>GR\u00dcNDUNGSJAHR<\/strong><br \/>\n1909<\/td>\n<td style=\"text-align: center; width: 25%; border: 0!important; background-color: white!important;\"><strong>JAHRGANGSSTUFEN<\/strong><br \/>\n1-12<\/td>\n<\/tr>\n<tr valign=\"top\">\n<td style=\"width: 20%; border: 0px none !important; background-color: white !important; text-align: left;\"><strong>AUSZEICHNUNGEN<\/strong><\/td>\n<td style=\"width: 30%; border: 0px none !important; background-color: white !important; text-align: left;\">G\u00fctesiegel BLI \u2013 Exzellente Deutsche Auslandsschule<\/td>\n<td style=\"text-align: center; width: 25%; border: 0!important; background-color: white!important;\"><strong>SCHULJAHRESBEGINN<\/strong><br \/>\nSeptember<\/td>\n<td style=\"text-align: center; width: 25%; border: 0!important; background-color: white!important;\"><strong>SOMMERFERIEN<\/strong><br \/>\nJuli\/August<\/td>\n<\/tr>\n<tr valign=\"top\">\n<td style=\"width: 20%; border: 0px none !important; background-color: white !important; text-align: left;\"><strong>ABSCHL\u00dcSSE<\/strong><\/td>\n<td style=\"width: 30%; border: 0px none !important; background-color: white !important; text-align: left;\">Deutsche Internationale Abiturpr\u00fcfung (DIAP)<\/td>\n<td style=\"text-align: center; width: 25%; border: 0!important; background-color: white!important;\"><strong>ANZAHL SCH\u00dcLER<\/strong><br \/>\n542<\/td>\n<td style=\"text-align: center; width: 25%; border: 0!important; background-color: white!important;\"><strong>ANZAHL LEHRKR\u00c4FTE<\/strong><br \/>\n51<\/td>\n<\/tr>\n<\/tbody>\n<\/table>\n<p>[\/vc_column_text][\/vc_column][\/vc_row][vc_row][vc_column width=\u00bb1\/4&#8243;][\/vc_column][vc_column width=\u00bb3\/4&#8243;][vc_empty_space alter_height=\u00bbmedium\u00bb hide_on_mobile=\u00bb\u00bb][vc_row_inner][vc_column_inner width=\u00bb1\/2&#8243;][vc_single_image image=\u00bb1444&#8243; img_size=\u00bbfull\u00bb][\/vc_column_inner][vc_column_inner width=\u00bb1\/2&#8243;][vc_column_text]<\/p>\n<h3 style=\"color: #d7362d; text-align: right;\">INFOS ZUR SCHULE<\/h3>\n<p>[\/vc_column_text][vc_separator color=\u00bbcustom\u00bb accent_color=\u00bb#f4b606&#8243; css=\u00bb.vc_custom_1593437458871{margin-top: 0px !important;margin-bottom: 0px !important;padding-top: 0px !important;padding-bottom: 0px !important;}\u00bb][vc_column_text]<\/p>\n<table style=\"border: 0!important; background-color: white!important;\" border=\"0\" width=\"100%\" cellspacing=\"0\" cellpadding=\"0\">\n<tbody>\n<tr valign=\"top\">\n<td style=\"text-align: center; width: 50%; border: 0!important; background-color: white!important;\"><strong>UNTERRICHTSSPRACHEN<\/strong><br \/>\nDeutsch<br \/>\nSpanisch<\/td>\n<td style=\"text-align: center; width: 50%; border: 0!important; background-color: white!important;\"><strong>SCHULTYP<\/strong><br \/>\nBegegnungsschule<\/td>\n<\/tr>\n<\/tbody>\n<\/table>\n<p>[\/vc_column_text][vc_empty_space hide_on_mobile=\u00bb\u00bb][vc_column_text]<\/p>\n<table style=\"border: 0!important; background-color: white!important;\" border=\"0\" width=\"100%\" cellspacing=\"0\" cellpadding=\"0\">\n<tbody>\n<tr valign=\"top\">\n<td style=\"text-align: center; width: 50%; border: 0!important; background-color: white!important;\"><strong>SCHULSTRUKTUR<\/strong><br \/>\nGrundschule<br \/>\nKindergarten<br \/>\nKinderkrippe<br \/>\nSekundarstufe 1<br \/>\nSekundarstufe 2<br \/>\nVorschule<\/td>\n<td style=\"text-align: center; border: 0!important; background-color: white!important;\"><strong>FREMDSPRACHEN<\/strong><br \/>\nEnglisch<br \/>\nFranz\u00f6sisch<\/td>\n<\/tr>\n<\/tbody>\n<\/table>\n<p>[\/vc_column_text][\/vc_column_inner][\/vc_row_inner][\/vc_column][\/vc_row][vc_row][vc_column width=\u00bb1\/4&#8243;][\/vc_column][vc_column width=\u00bb3\/4&#8243;][vc_empty_space alter_height=\u00bbmedium\u00bb hide_on_mobile=\u00bb\u00bb][vc_column_text]<\/p>\n<h3 style=\"text-align: left; color: #d7362d;\">PRAKTIKUM<\/h3>\n<p>[\/vc_column_text][vc_separator color=\u00bbcustom\u00bb accent_color=\u00bb#f4b606&#8243; css=\u00bb.vc_custom_1593437458871{margin-top: 0px !important;margin-bottom: 0px !important;padding-top: 0px !important;padding-bottom: 0px !important;}\u00bb][vc_row_inner][vc_column_inner][vc_column_text]Praktika sind in Kinderkrippe, Kindergarten und Schule m\u00f6glich. Da wir nur eine begrenzte Anzahl von Praktikumspl\u00e4tzen anbieten k\u00f6nnen, halten wir diese in der Regel f\u00fcr die Pflichtpraktika im Zusammenhang mit der Ausbildung der Lehramtsstudenten zur Verf\u00fcgung.<\/p>\n<p><a href=\"http:\/\/www.dstenerife.eu\/die-schule\/stellenangebote-und-praktikanten\/praktika\" target=\"_blank\" rel=\"noopener noreferrer\">www.dstenerife.eu\/die-schule\/stellenangebote-und-praktikanten\/praktika<\/a><\/p>\n<p>[\/vc_column_text][\/vc_column_inner][\/vc_row_inner][\/vc_column][\/vc_row][vc_row][vc_column][vc_column_text][\/vc_column_text][\/vc_column][\/vc_row]<\/p>\n","protected":false},"excerpt":{"rendered":"<p>[vc_row][vc_column width=\u00bb1\/4&#8243; css=\u00bb.vc_custom_1599554237801{background-color: #e6e6e6 !important;}\u00bb el_class=\u00bbmenu_lateral\u00bb][vc_wp_custommenu nav_menu=\u00bb52&#8243;][vc_empty_space alter_height=\u00bbsmall\u00bb hide_on_mobile=\u00bb\u00bb][vc_wp_custommenu nav_menu=\u00bb53&#8243;][vc_empty_space alter_height=\u00bbsmall\u00bb hide_on_mobile=\u00bb\u00bb][vc_wp_custommenu nav_menu=\u00bb54&#8243;][\/vc_column][vc_column width=\u00bb3\/4&#8243;][vc_column_text] COLEGIO ALEMAN DE SANTA CRUZ DE TENERIFE [\/vc_column_text][vc_empty_space hide_on_mobile=\u00bb\u00bb][vc_row_inner][vc_column_inner width=\u00bb2\/3&#8243;][vc_single_image image=\u00bb1443&#8243; img_size=\u00bbfull\u00bb][vc_empty_space hide_on_mobile=\u00bb\u00bb][vc_column_text]Die Deutsche Schule Santa Cruz de Tenerife (DST) ist eine Begegnungsschule, an der die&hellip;<\/p>\n","protected":false},"author":1,"featured_media":0,"parent":0,"menu_order":0,"comment_status":"closed","ping_status":"closed","template":"","meta":[],"aioseo_notices":[],"_links":{"self":[{"href":"https:\/\/www.ds-iberien.de\/es\/wp-json\/wp\/v2\/pages\/2265"}],"collection":[{"href":"https:\/\/www.ds-iberien.de\/es\/wp-json\/wp\/v2\/pages"}],"about":[{"href":"https:\/\/www.ds-iberien.de\/es\/wp-json\/wp\/v2\/types\/page"}],"author":[{"embeddable":true,"href":"https:\/\/www.ds-iberien.de\/es\/wp-json\/wp\/v2\/users\/1"}],"replies":[{"embeddable":true,"href":"https:\/\/www.ds-iberien.de\/es\/wp-json\/wp\/v2\/comments?post=2265"}],"version-history":[{"count":2,"href":"https:\/\/www.ds-iberien.de\/es\/wp-json\/wp\/v2\/pages\/2265\/revisions"}],"predecessor-version":[{"id":2287,"href":"https:\/\/www.ds-iberien.de\/es\/wp-json\/wp\/v2\/pages\/2265\/revisions\/2287"}],"wp:attachment":[{"href":"https:\/\/www.ds-iberien.de\/es\/wp-json\/wp\/v2\/media?parent=2265"}],"curies":[{"name":"wp","href":"https:\/\/api.w.org\/{rel}","templated":true}]}}