{"id":2263,"date":"2020-07-10T13:45:34","date_gmt":"2020-07-10T11:45:34","guid":{"rendered":"https:\/\/www.ds-iberien.de\/deutsche-schule-san-sebastian-2\/"},"modified":"2024-11-13T20:51:05","modified_gmt":"2024-11-13T18:51:05","slug":"deutsche-schule-san-sebastian-2","status":"publish","type":"page","link":"https:\/\/www.ds-iberien.de\/es\/deutsche-schule-san-sebastian-2\/","title":{"rendered":"COLEGIO ALEMAN DE SAN SEBASTI\u00c1N"},"content":{"rendered":"<p>[vc_row][vc_column width=\u00bb1\/4&#8243; css=\u00bb.vc_custom_1599554222414{background-color: #e6e6e6 !important;}\u00bb el_class=\u00bbmenu_lateral\u00bb][vc_wp_custommenu nav_menu=\u00bb52&#8243;][vc_empty_space alter_height=\u00bbsmall\u00bb hide_on_mobile=\u00bb\u00bb][vc_wp_custommenu nav_menu=\u00bb53&#8243;][vc_empty_space alter_height=\u00bbsmall\u00bb hide_on_mobile=\u00bb\u00bb][vc_wp_custommenu nav_menu=\u00bb54&#8243;][\/vc_column][vc_column width=\u00bb3\/4&#8243;][vc_column_text]<\/p>\n<h2 style=\"text-align: center; color: #d7362d;\">COLEGIO ALEMAN DE SAN SEBASTI\u00c1N<\/h2>\n<p>[\/vc_column_text][vc_empty_space hide_on_mobile=\u00bb\u00bb][vc_row_inner][vc_column_inner width=\u00bb2\/3&#8243;][vc_single_image image=\u00bb1412&#8243; img_size=\u00bbfull\u00bb][vc_empty_space hide_on_mobile=\u00bb\u00bb][vc_column_text]Als Zentrum f\u00fcr die Vermittlung der deutschen Sprache und Kultur wurde die Deutsche<br \/>\nSchule San Sebastian im Jahr 1921 gegr\u00fcndet und kann somit auf eine hundertj\u00e4hrige Geschichte verweisen.<\/p>\n<p>Im Mittelpunkt unserer p\u00e4dagogischen Arbeit stehen die Mehrsprachigkeit sowie eine solide Werteerziehung. Innovative und kooperative Lernmethoden beg\u00fcnstigen die pers\u00f6nliche und soziale Entfaltung und vermitteln unseren Sch\u00fclern die notwendigen Kompetenzen f\u00fcr eine erfolgreiche Lebensgestaltung. Erziehung zur Selbstst\u00e4ndigkeit, zu kritischem Denkverm\u00f6gen und zur sozialen Verantwortung sind weitere Arbeitsschwerpunkte.<\/p>\n<p>Eine besondere Bedeutung kommt der Vermittlung der sprachlichen und interkulturellen Kompetenzen im Fach Deutsch zu. Ein kontinuierlicher, kompetenzorientierter Unterricht bildet die Grundlage f\u00fcr eine erfolgreiche Teilnahme an den Pr\u00fcfungen zum Deutschen Sprachdiplom der Kultusministerkonferenz. Ein differenziertes Deutschlandbild entwickeln die Sch\u00fcler durch die Teilnahme an traditionellen Festen, Austauschaktivit\u00e4ten, Studienreisen und Wettbewerben gemeinsam mit anderen deutschen Partnerschulen.<br \/>\nUnser offenes Raumkonzept in allen Stufen gew\u00e4hrt eine angenehme Lernatmosph\u00e4re und erm\u00f6glicht selbstst\u00e4ndiges Lernen sowie die Interaktion in Gruppen. Untergliedert ist unsere Schule in folgende Stufen:<br \/>\nKindergarten: Die p\u00e4dagogische Arbeit im Kindergarten basiert auf Projekten, die die Erlebnis- und Erfahrungswelt der Kinder zum Lerngegenstand macht. In allen Altersstufen verf\u00fcgen wir \u00fcber Unterst\u00fctzung durch Muttersprachler aus Deutschland.<br \/>\nGrundschule: Ziel ist der Ausbau vorhandenen Wissens und die Aneignung pers\u00f6nlicher, sozialer und kommunikativer Kompetenzen und F\u00e4higkeiten, insbesondere durch kooperatives Lernen.<br \/>\nMittel- und Oberstufe: Die Vorbereitung auf die Hochschulzulassungspr\u00fcfung sowie die Herstellung der Studierf\u00e4higkeit sind Arbeitsschwerpunkte in diesen Jahrgangsstufen. Projektbasierter Unterricht erlaubt den Sch\u00fclern, Inhalte diverser Themengebiete miteinander in Verbindung zu bringen und in einem erweiterten Kontext zu bearbeiten.[\/vc_column_text][\/vc_column_inner][vc_column_inner width=\u00bb1\/3&#8243; css=\u00bb.vc_custom_1593427104907{border-left-width: 2px !important;border-left-color: #f4b606 !important;border-left-style: solid !important;}\u00bb][vc_single_image image=\u00bb1834&#8243; img_size=\u00bbfull\u00bb alignment=\u00bbright\u00bb][vc_empty_space hide_on_mobile=\u00bb\u00bb][vc_column_text]<\/p>\n<p style=\"text-align: right;\"><span style=\"color: #f4b606;\">COLEGIO ALEMAN DE SAN SEBASTI\u00c1N<\/span><\/p>\n<p>[\/vc_column_text][vc_empty_space alter_height=\u00bbmedium\u00bb hide_on_mobile=\u00bb\u00bb][vc_column_text]<\/p>\n<p style=\"text-align: right;\"><strong>Juan Martorell<\/strong><br \/>\nDirector<br \/>\n<strong>Telefon<\/strong><br \/>\n<a href=\"tel:+34943212244\">+34 943 212 244<\/a><br \/>\n<strong>E-Mail<\/strong><br \/>\n<a href=\"mailto:cv@colegioaleman.net\">cv@colegioaleman.net<\/a><br \/>\n<strong>Adresse<\/strong><br \/>\nDeutsche Schule San Sebasti\u00e1n<br \/>\nPaseo Oriamendi 25<br \/>\n20009 San Sebasti\u00e1n<br \/>\nSpanien<br \/>\n<strong>WEBSITE<\/strong><br \/>\n<a href=\"http:\/\/www.colegioaleman.net\" target=\"_Blank\" rel=\"noopener noreferrer\">www.colegioaleman.net<\/a><\/p>\n<p>[\/vc_column_text][\/vc_column_inner][\/vc_row_inner][\/vc_column][\/vc_row][vc_row][vc_column width=\u00bb1\/4&#8243;][\/vc_column][vc_column width=\u00bb3\/4&#8243;][vc_empty_space alter_height=\u00bbmedium\u00bb hide_on_mobile=\u00bb\u00bb][vc_column_text]<\/p>\n<h3 style=\"text-align: left; color: #d7362d;\">ALLGEMEIN<\/h3>\n<p>[\/vc_column_text][vc_separator color=\u00bbcustom\u00bb accent_color=\u00bb#f4b606&#8243; css=\u00bb.vc_custom_1593438972630{margin-top: 0px !important;margin-bottom: 0px !important;padding-top: 0px !important;padding-bottom: 0px !important;}\u00bb][vc_column_text]<\/p>\n<table style=\"border: 0!important; background-color: white!important;\" border=\"0\" width=\"100%\" cellspacing=\"0\" cellpadding=\"0\">\n<tbody>\n<tr valign=\"top\">\n<td style=\"text-align: left; width: 20%; border: 0!important; background-color: white!important;\"><strong>TR\u00c4GER<\/strong><\/td>\n<td style=\"width: 30%; border: 0px none !important; background-color: white !important; text-align: left;\">Deutsche Schule San Alberto Magno, S. Coop.<\/td>\n<td style=\"text-align: center; width: 25%; border: 0!important; background-color: white!important;\"><strong>GR\u00dcNDUNGSJAHR<\/strong><br \/>\n1921<\/td>\n<td style=\"text-align: center; width: 25%; border: 0!important; background-color: white!important;\"><strong>JAHRGANGSSTUFEN<\/strong><br \/>\nKinderkrippe (2 Jahre) -12 Klasse<\/td>\n<\/tr>\n<tr valign=\"top\">\n<td style=\"width: 20%; border: 0px none !important; background-color: white !important; text-align: left;\"><strong>AUSZEICHNUNGEN<\/strong><\/td>\n<td style=\"width: 30%; border: 0px none !important; background-color: white !important; text-align: left;\">G\u00fctesiegel BLI \u2013 Exzellente Deutsche Auslandsschule<\/td>\n<td style=\"text-align: center; width: 25%; border: 0!important; background-color: white!important;\"><strong>SCHULJAHRESBEGINN<\/strong><br \/>\nSeptember<\/td>\n<td style=\"text-align: center; width: 25%; border: 0!important; background-color: white!important;\"><strong>SOMMERFERIEN<\/strong><br \/>\nEnde Juni bis Anfang September<\/td>\n<\/tr>\n<tr valign=\"top\">\n<td style=\"width: 20%; border: 0px none !important; background-color: white !important; text-align: left;\"><strong>ABSCHL\u00dcSSE<\/strong><\/td>\n<td style=\"width: 30%; border: 0px none !important; background-color: white !important; text-align: left;\">Landeseigener Abschluss<br \/>\nDeutsches Sprachdiplom I (DSD I)<br \/>\nDeutsches Sprachdiplom II (DSD II)<\/td>\n<td style=\"text-align: center; width: 25%; border: 0!important; background-color: white!important;\"><strong>ANZAHL SCH\u00dcLER<\/strong><br \/>\n715<\/td>\n<td style=\"text-align: center; width: 25%; border: 0!important; background-color: white!important;\"><strong>ANZAHL LEHRKR\u00c4FTE<\/strong><br \/>\n51<\/td>\n<\/tr>\n<\/tbody>\n<\/table>\n<p>[\/vc_column_text][\/vc_column][\/vc_row][vc_row][vc_column width=\u00bb1\/4&#8243;][\/vc_column][vc_column width=\u00bb3\/4&#8243;][vc_empty_space alter_height=\u00bbmedium\u00bb hide_on_mobile=\u00bb\u00bb][vc_row_inner][vc_column_inner width=\u00bb1\/2&#8243;][vc_single_image image=\u00bb1413&#8243; img_size=\u00bbfull\u00bb][\/vc_column_inner][vc_column_inner width=\u00bb1\/2&#8243;][vc_column_text]<\/p>\n<h3 style=\"color: #d7362d; text-align: right;\">INFOS ZUR SCHULE<\/h3>\n<p>[\/vc_column_text][vc_separator color=\u00bbcustom\u00bb accent_color=\u00bb#f4b606&#8243; css=\u00bb.vc_custom_1593437458871{margin-top: 0px !important;margin-bottom: 0px !important;padding-top: 0px !important;padding-bottom: 0px !important;}\u00bb][vc_column_text]<\/p>\n<table style=\"border: 0!important; background-color: white!important;\" border=\"0\" width=\"100%\" cellspacing=\"0\" cellpadding=\"0\">\n<tbody>\n<tr valign=\"top\">\n<td style=\"text-align: center; width: 50%; border: 0!important; background-color: white!important;\"><strong>UNTERRICHTSSPRACHEN<\/strong><br \/>\nBaskisch<br \/>\nDeutsch<br \/>\nSpanisch<\/td>\n<td style=\"text-align: center; width: 50%; border: 0!important; background-color: white!important;\"><strong>SCHULTYP<\/strong><br \/>\nDeutsch-Pro fil-Schu le (DPS)<\/td>\n<\/tr>\n<\/tbody>\n<\/table>\n<p>[\/vc_column_text][vc_empty_space hide_on_mobile=\u00bb\u00bb][vc_column_text]<\/p>\n<table style=\"border: 0!important; background-color: white!important;\" border=\"0\" width=\"100%\" cellspacing=\"0\" cellpadding=\"0\">\n<tbody>\n<tr valign=\"top\">\n<td style=\"text-align: center; width: 50%; border: 0!important; background-color: white!important;\"><strong>SCHULSTRUKTUR<\/strong><br \/>\nBilingualer Kindergarten<br \/>\nGanztagsbetreuung<br \/>\nGrundschule<br \/>\nKinderkrippe<br \/>\nMittelstufe<br \/>\nOberstufe<\/td>\n<td style=\"text-align: center; border: 0!important; background-color: white!important;\"><strong>FREMDSPRACHEN<\/strong><br \/>\nEnglisch<\/td>\n<\/tr>\n<\/tbody>\n<\/table>\n<p>[\/vc_column_text][\/vc_column_inner][\/vc_row_inner][\/vc_column][\/vc_row][vc_row][vc_column width=\u00bb1\/4&#8243;][\/vc_column][vc_column width=\u00bb3\/4&#8243;][vc_empty_space alter_height=\u00bbmedium\u00bb hide_on_mobile=\u00bb\u00bb][vc_column_text]<\/p>\n<h3 style=\"text-align: left; color: #d7362d;\">PRAKTIKUM<\/h3>\n<p>[\/vc_column_text][vc_separator color=\u00bbcustom\u00bb accent_color=\u00bb#f4b606&#8243; css=\u00bb.vc_custom_1593437458871{margin-top: 0px !important;margin-bottom: 0px !important;padding-top: 0px !important;padding-bottom: 0px !important;}\u00bb][vc_row_inner][vc_column_inner][vc_column_text]Praktika sind im Kindergarten und der Schule m\u00f6glich. Kontaktieren Sie die Schule oder besuchen Sie die Schul-Webseite, um mehr zu erfahren.<br \/>\n<a href=\"https:\/\/colegioaleman.net\/bolsa-de-trabajo\/\">https:\/\/colegioaleman.net\/bolsa-de-trabajo\/<\/a>[\/vc_column_text][\/vc_column_inner][\/vc_row_inner][\/vc_column][\/vc_row][vc_row][vc_column][vc_column_text][\/vc_column_text][\/vc_column][\/vc_row]<\/p>\n","protected":false},"excerpt":{"rendered":"<p>[vc_row][vc_column width=\u00bb1\/4&#8243; css=\u00bb.vc_custom_1599554222414{background-color: #e6e6e6 !important;}\u00bb el_class=\u00bbmenu_lateral\u00bb][vc_wp_custommenu nav_menu=\u00bb52&#8243;][vc_empty_space alter_height=\u00bbsmall\u00bb hide_on_mobile=\u00bb\u00bb][vc_wp_custommenu nav_menu=\u00bb53&#8243;][vc_empty_space alter_height=\u00bbsmall\u00bb hide_on_mobile=\u00bb\u00bb][vc_wp_custommenu nav_menu=\u00bb54&#8243;][\/vc_column][vc_column width=\u00bb3\/4&#8243;][vc_column_text] COLEGIO ALEMAN DE SAN SEBASTI\u00c1N [\/vc_column_text][vc_empty_space hide_on_mobile=\u00bb\u00bb][vc_row_inner][vc_column_inner width=\u00bb2\/3&#8243;][vc_single_image image=\u00bb1412&#8243; img_size=\u00bbfull\u00bb][vc_empty_space hide_on_mobile=\u00bb\u00bb][vc_column_text]Als Zentrum f\u00fcr die Vermittlung der deutschen Sprache und Kultur wurde die Deutsche Schule San Sebastian&hellip;<\/p>\n","protected":false},"author":1,"featured_media":0,"parent":0,"menu_order":0,"comment_status":"closed","ping_status":"closed","template":"","meta":[],"aioseo_notices":[],"_links":{"self":[{"href":"https:\/\/www.ds-iberien.de\/es\/wp-json\/wp\/v2\/pages\/2263"}],"collection":[{"href":"https:\/\/www.ds-iberien.de\/es\/wp-json\/wp\/v2\/pages"}],"about":[{"href":"https:\/\/www.ds-iberien.de\/es\/wp-json\/wp\/v2\/types\/page"}],"author":[{"embeddable":true,"href":"https:\/\/www.ds-iberien.de\/es\/wp-json\/wp\/v2\/users\/1"}],"replies":[{"embeddable":true,"href":"https:\/\/www.ds-iberien.de\/es\/wp-json\/wp\/v2\/comments?post=2263"}],"version-history":[{"count":4,"href":"https:\/\/www.ds-iberien.de\/es\/wp-json\/wp\/v2\/pages\/2263\/revisions"}],"predecessor-version":[{"id":4525,"href":"https:\/\/www.ds-iberien.de\/es\/wp-json\/wp\/v2\/pages\/2263\/revisions\/4525"}],"wp:attachment":[{"href":"https:\/\/www.ds-iberien.de\/es\/wp-json\/wp\/v2\/media?parent=2263"}],"curies":[{"name":"wp","href":"https:\/\/api.w.org\/{rel}","templated":true}]}}