{"id":2192,"date":"2020-06-16T16:00:32","date_gmt":"2020-06-16T14:00:32","guid":{"rendered":"https:\/\/www.ds-iberien.de\/olk\/"},"modified":"2021-04-16T00:14:47","modified_gmt":"2021-04-15T22:14:47","slug":"olk","status":"publish","type":"page","link":"https:\/\/www.ds-iberien.de\/es\/olk\/","title":{"rendered":"OLK"},"content":{"rendered":"<p>[vc_row][vc_column width=\u00bb1\/4&#8243; css=\u00bb.vc_custom_1599053970495{background-color: #e6e6e6 !important;}\u00bb el_class=\u00bbmenu_lateral\u00bb][vc_wp_custommenu nav_menu=\u00bb52&#8243;][vc_empty_space alter_height=\u00bbsmall\u00bb hide_on_mobile=\u00bb\u00bb][vc_wp_custommenu nav_menu=\u00bb53&#8243;][vc_empty_space alter_height=\u00bbsmall\u00bb hide_on_mobile=\u00bb\u00bb][vc_wp_custommenu nav_menu=\u00bb54&#8243;][\/vc_column][vc_column width=\u00bb3\/4&#8243;][vc_column_text]<\/p>\n<h2 style=\"text-align: center; color: #d7362d;\">PROFESORES LOCALES<\/h2>\n<p>[\/vc_column_text][vc_empty_space hide_on_mobile=\u00bb\u00bb][vc_single_image image=\u00bb1168&#8243; img_size=\u00bbfull\u00bb][vc_empty_space alter_height=\u00bbmedium\u00bb hide_on_mobile=\u00bb\u00bb][vc_column_text]Los profesores locales (OLK) son empleados directamente por las escuelas de acuerdo con las respectivas leyes estatales y convenios laborales. Por lo tanto, deben dirigir su solicitud directamente a las escuelas.<br \/>\nLos OLK pueden ser profesores con un t\u00edtulo de ense\u00f1anza adquirido en Alemania o un t\u00edtulo de ense\u00f1anza reconocido de otro pa\u00eds. A menudo se requiere el examen del segundo estado. La demanda se produce principalmente en el nivel secundario II.<br \/>\nAqu\u00ed puede encontrar las vacantes actuales en nuestros colegios: <a href=\"https:\/\/www.ds-iberien.de\/es\/angebote-liste-filter\/\">ofertas de empleo<\/a>[\/vc_column_text][\/vc_column][\/vc_row]<\/p>\n","protected":false},"excerpt":{"rendered":"<p>[vc_row][vc_column width=\u00bb1\/4&#8243; css=\u00bb.vc_custom_1599053970495{background-color: #e6e6e6 !important;}\u00bb el_class=\u00bbmenu_lateral\u00bb][vc_wp_custommenu nav_menu=\u00bb52&#8243;][vc_empty_space alter_height=\u00bbsmall\u00bb hide_on_mobile=\u00bb\u00bb][vc_wp_custommenu nav_menu=\u00bb53&#8243;][vc_empty_space alter_height=\u00bbsmall\u00bb hide_on_mobile=\u00bb\u00bb][vc_wp_custommenu nav_menu=\u00bb54&#8243;][\/vc_column][vc_column width=\u00bb3\/4&#8243;][vc_column_text] PROFESORES LOCALES [\/vc_column_text][vc_empty_space hide_on_mobile=\u00bb\u00bb][vc_single_image image=\u00bb1168&#8243; img_size=\u00bbfull\u00bb][vc_empty_space alter_height=\u00bbmedium\u00bb hide_on_mobile=\u00bb\u00bb][vc_column_text]Los profesores locales (OLK) son empleados directamente por las escuelas de acuerdo con las respectivas leyes estatales y convenios&hellip;<\/p>\n","protected":false},"author":1,"featured_media":0,"parent":0,"menu_order":0,"comment_status":"closed","ping_status":"closed","template":"","meta":[],"aioseo_notices":[],"_links":{"self":[{"href":"https:\/\/www.ds-iberien.de\/es\/wp-json\/wp\/v2\/pages\/2192"}],"collection":[{"href":"https:\/\/www.ds-iberien.de\/es\/wp-json\/wp\/v2\/pages"}],"about":[{"href":"https:\/\/www.ds-iberien.de\/es\/wp-json\/wp\/v2\/types\/page"}],"author":[{"embeddable":true,"href":"https:\/\/www.ds-iberien.de\/es\/wp-json\/wp\/v2\/users\/1"}],"replies":[{"embeddable":true,"href":"https:\/\/www.ds-iberien.de\/es\/wp-json\/wp\/v2\/comments?post=2192"}],"version-history":[{"count":2,"href":"https:\/\/www.ds-iberien.de\/es\/wp-json\/wp\/v2\/pages\/2192\/revisions"}],"predecessor-version":[{"id":2214,"href":"https:\/\/www.ds-iberien.de\/es\/wp-json\/wp\/v2\/pages\/2192\/revisions\/2214"}],"wp:attachment":[{"href":"https:\/\/www.ds-iberien.de\/es\/wp-json\/wp\/v2\/media?parent=2192"}],"curies":[{"name":"wp","href":"https:\/\/api.w.org\/{rel}","templated":true}]}}