{"id":2190,"date":"2020-06-16T16:02:41","date_gmt":"2020-06-16T14:02:41","guid":{"rendered":"https:\/\/www.ds-iberien.de\/ok\/"},"modified":"2021-05-17T09:02:38","modified_gmt":"2021-05-17T07:02:38","slug":"ok","status":"publish","type":"page","link":"https:\/\/www.ds-iberien.de\/es\/ok\/","title":{"rendered":"OK"},"content":{"rendered":"<p>[vc_row][vc_column width=\u00bb1\/4&#8243; css=\u00bb.vc_custom_1599053946139{background-color: #e6e6e6 !important;}\u00bb el_class=\u00bbmenu_lateral\u00bb][vc_wp_custommenu nav_menu=\u00bb52&#8243;][vc_empty_space alter_height=\u00bbsmall\u00bb hide_on_mobile=\u00bb\u00bb][vc_wp_custommenu nav_menu=\u00bb53&#8243;][vc_empty_space alter_height=\u00bbsmall\u00bb hide_on_mobile=\u00bb\u00bb][vc_wp_custommenu nav_menu=\u00bb54&#8243;][\/vc_column][vc_column width=\u00bb3\/4&#8243;][vc_column_text]<\/p>\n<h2 style=\"text-align: center; color: #d7362d;\">Personal local<\/h2>\n<p>[\/vc_column_text][vc_empty_space hide_on_mobile=\u00bb\u00bb][vc_single_image image=\u00bb1172&#8243; img_size=\u00bbfull\u00bb][vc_empty_space alter_height=\u00bbmedium\u00bb hide_on_mobile=\u00bb\u00bb][vc_column_text]El personal local (OK para abreviar) se refiere al personal que es empleado directamente por las escuelas pero que no tiene una funci\u00f3n o papel de ense\u00f1anza. Este grupo incluye educadores, becarios, psic\u00f3logos y dem\u00e1s personal pedag\u00f3gico, as\u00ed como otro personal empleado por la escuela en las \u00e1reas de administraci\u00f3n, servicio, mantenimiento, etc.<\/p>\n<p>Los contratos de trabajo se rigen por la legislaci\u00f3n del pa\u00eds en el que se encuentra el colegio y los convenios colectivos sectoriales o privados pertinentes.<\/p>\n<p>Puede solicitar o encontrar las vacantes actuales en nuestro sitio web: <a href=\"https:\/\/www.ds-iberien.de\/es\/angebote-liste-filter\/\">ofertas de empleo<\/a>[\/vc_column_text][\/vc_column][\/vc_row]<\/p>\n","protected":false},"excerpt":{"rendered":"<p>[vc_row][vc_column width=\u00bb1\/4&#8243; css=\u00bb.vc_custom_1599053946139{background-color: #e6e6e6 !important;}\u00bb el_class=\u00bbmenu_lateral\u00bb][vc_wp_custommenu nav_menu=\u00bb52&#8243;][vc_empty_space alter_height=\u00bbsmall\u00bb hide_on_mobile=\u00bb\u00bb][vc_wp_custommenu nav_menu=\u00bb53&#8243;][vc_empty_space alter_height=\u00bbsmall\u00bb hide_on_mobile=\u00bb\u00bb][vc_wp_custommenu nav_menu=\u00bb54&#8243;][\/vc_column][vc_column width=\u00bb3\/4&#8243;][vc_column_text] Personal local [\/vc_column_text][vc_empty_space hide_on_mobile=\u00bb\u00bb][vc_single_image image=\u00bb1172&#8243; img_size=\u00bbfull\u00bb][vc_empty_space alter_height=\u00bbmedium\u00bb hide_on_mobile=\u00bb\u00bb][vc_column_text]El personal local (OK para abreviar) se refiere al personal que es empleado directamente por las escuelas pero que&hellip;<\/p>\n","protected":false},"author":1,"featured_media":0,"parent":0,"menu_order":0,"comment_status":"closed","ping_status":"closed","template":"","meta":[],"aioseo_notices":[],"_links":{"self":[{"href":"https:\/\/www.ds-iberien.de\/es\/wp-json\/wp\/v2\/pages\/2190"}],"collection":[{"href":"https:\/\/www.ds-iberien.de\/es\/wp-json\/wp\/v2\/pages"}],"about":[{"href":"https:\/\/www.ds-iberien.de\/es\/wp-json\/wp\/v2\/types\/page"}],"author":[{"embeddable":true,"href":"https:\/\/www.ds-iberien.de\/es\/wp-json\/wp\/v2\/users\/1"}],"replies":[{"embeddable":true,"href":"https:\/\/www.ds-iberien.de\/es\/wp-json\/wp\/v2\/comments?post=2190"}],"version-history":[{"count":3,"href":"https:\/\/www.ds-iberien.de\/es\/wp-json\/wp\/v2\/pages\/2190\/revisions"}],"predecessor-version":[{"id":2496,"href":"https:\/\/www.ds-iberien.de\/es\/wp-json\/wp\/v2\/pages\/2190\/revisions\/2496"}],"wp:attachment":[{"href":"https:\/\/www.ds-iberien.de\/es\/wp-json\/wp\/v2\/media?parent=2190"}],"curies":[{"name":"wp","href":"https:\/\/api.w.org\/{rel}","templated":true}]}}