{"id":2183,"date":"2020-06-16T13:57:37","date_gmt":"2020-06-16T11:57:37","guid":{"rendered":"https:\/\/www.ds-iberien.de\/arbeiten-in-spanien\/"},"modified":"2021-05-17T08:48:44","modified_gmt":"2021-05-17T06:48:44","slug":"trabajar-en-espana","status":"publish","type":"page","link":"https:\/\/www.ds-iberien.de\/es\/trabajar-en-espana\/","title":{"rendered":"TRABAJAR EN ESPA\u00d1A"},"content":{"rendered":"<p>[vc_row][vc_column width=\u00bb1\/4&#8243; css=\u00bb.vc_custom_1599053752521{background-color: #e6e6e6 !important;}\u00bb el_class=\u00bbmenu_lateral\u00bb][vc_wp_custommenu nav_menu=\u00bb52&#8243;][vc_empty_space alter_height=\u00bbsmall\u00bb hide_on_mobile=\u00bb\u00bb][vc_wp_custommenu nav_menu=\u00bb53&#8243;][vc_empty_space alter_height=\u00bbsmall\u00bb hide_on_mobile=\u00bb\u00bb][vc_wp_custommenu nav_menu=\u00bb54&#8243;][\/vc_column][vc_column width=\u00bb3\/4&#8243;][vc_column_text]<\/p>\n<h2 style=\"text-align: center; color: #d7362d;\">TRABAJAR EN ESPA\u00d1A<\/h2>\n<p>[\/vc_column_text][vc_empty_space alter_height=\u00bbsmall\u00bb hide_on_mobile=\u00bb\u00bb][vc_single_image image=\u00bb1664&#8243; img_size=\u00bbfull\u00bb][vc_empty_space hide_on_mobile=\u00bb\u00bb][vc_column_text]Espa\u00f1a es un pa\u00eds muy diverso y sus 9 colegios est\u00e1n repartidos por toda la geograf\u00eda. Puede elegir como destino desde el clima tropical de las Islas Canarias, el sol de la costa mediterr\u00e1nea, la cultura de las grandes ciudades o la gastronom\u00eda del norte. En todos los lugares sus habitantes y las comunidades alemanas all\u00ed residentes le har\u00e1n sentir como en casa. En los colegios el personal se encuentra con una comunidad abierta y comprometida, que facilita su adaptaci\u00f3n y trabajo en equipo.[\/vc_column_text][vc_empty_space alter_height=\u00bblarge\u00bb hide_on_mobile=\u00bb\u00bb][vc_row_inner][vc_column_inner width=\u00bb1\/5&#8243;][vc_single_image image=\u00bb1517&#8243; img_size=\u00bbfull\u00bb][vc_empty_space alter_height=\u00bbsmall\u00bb hide_on_mobile=\u00bb\u00bb][vc_column_text]<\/p>\n<p style=\"text-align: center;\"><a style=\"color: #fbd44f;\" href=\"#\">FEDA EU BARCELONA<\/a><\/p>\n<p>[\/vc_column_text][vc_empty_space alter_height=\u00bbsmall\u00bb hide_on_mobile=\u00bb\u00bb][\/vc_column_inner][vc_column_inner width=\u00bb1\/5&#8243;][vc_single_image image=\u00bb922&#8243; img_size=\u00bbfull\u00bb alignment=\u00bbcenter\u00bb][vc_empty_space alter_height=\u00bbsmall\u00bb hide_on_mobile=\u00bb\u00bb][vc_column_text]<\/p>\n<p style=\"text-align: center;\"><a style=\"color: #fbd44f;\" href=\"https:\/\/www.ds-iberien.de\/es\/deutsche-schule-bilbao-2\/\">COLEGIO ALEM\u00c1N DE BILBAO<\/a><\/p>\n<p>[\/vc_column_text][vc_empty_space alter_height=\u00bbsmall\u00bb hide_on_mobile=\u00bb\u00bb][\/vc_column_inner][vc_column_inner width=\u00bb1\/5&#8243;][vc_single_image image=\u00bb1836&#8243; img_size=\u00bbfull\u00bb alignment=\u00bbcenter\u00bb][vc_empty_space alter_height=\u00bbsmall\u00bb hide_on_mobile=\u00bb\u00bb][vc_column_text]<\/p>\n<p style=\"text-align: center;\"><a style=\"color: #fbd44f;\" href=\"https:\/\/www.ds-iberien.de\/es\/deutsche-schule-las-palmas-2\/\">COLEGIO ALEM\u00c1N LAS PALMAS<\/a><\/p>\n<p>[\/vc_column_text][vc_empty_space alter_height=\u00bbsmall\u00bb hide_on_mobile=\u00bb\u00bb][\/vc_column_inner][vc_column_inner width=\u00bb1\/5&#8243;][vc_single_image image=\u00bb919&#8243; img_size=\u00bbfull\u00bb alignment=\u00bbcenter\u00bb][vc_empty_space alter_height=\u00bbsmall\u00bb hide_on_mobile=\u00bb\u00bb][vc_column_text]<\/p>\n<p style=\"text-align: center;\"><a style=\"color: #fbd44f;\" href=\"https:\/\/www.ds-iberien.de\/es\/deutsche-schule-teneriffa-2\/\">COLEGIO ALEM\u00c1N SANTA CRUZ DE TENERIFE<\/a><\/p>\n<p>[\/vc_column_text][vc_empty_space alter_height=\u00bbsmall\u00bb hide_on_mobile=\u00bb\u00bb][\/vc_column_inner][vc_column_inner width=\u00bb1\/5&#8243;][vc_single_image image=\u00bb926&#8243; img_size=\u00bbfull\u00bb alignment=\u00bbcenter\u00bb][vc_empty_space alter_height=\u00bbsmall\u00bb hide_on_mobile=\u00bb\u00bb][vc_column_text]<\/p>\n<p style=\"text-align: center;\"><a style=\"color: #fbd44f;\" href=\"https:\/\/www.ds-iberien.de\/es\/deutsche-schule-madrid-2\/\">COLEGIO ALEMAN DE MADRID<\/a><\/p>\n<p>[\/vc_column_text][vc_empty_space alter_height=\u00bbsmall\u00bb hide_on_mobile=\u00bb\u00bb][\/vc_column_inner][\/vc_row_inner][vc_row_inner][vc_column_inner width=\u00bb1\/5&#8243;][vc_single_image image=\u00bb1822&#8243; img_size=\u00bbfull\u00bb alignment=\u00bbcenter\u00bb][vc_empty_space alter_height=\u00bbsmall\u00bb hide_on_mobile=\u00bb\u00bb][vc_column_text]<\/p>\n<p style=\"text-align: center;\"><a style=\"color: #fbd44f;\" href=\"https:\/\/www.ds-iberien.de\/es\/deutsche-schule-valencia-2\/\">COLEGIO ALEMAN DE VALENCIA<\/a><\/p>\n<p>[\/vc_column_text][vc_empty_space alter_height=\u00bbsmall\u00bb hide_on_mobile=\u00bb\u00bb][\/vc_column_inner][vc_column_inner width=\u00bb1\/5&#8243;][vc_single_image image=\u00bb1834&#8243; img_size=\u00bbfull\u00bb alignment=\u00bbcenter\u00bb][vc_empty_space alter_height=\u00bbsmall\u00bb hide_on_mobile=\u00bb\u00bb][vc_column_text]<\/p>\n<p style=\"text-align: center;\"><a style=\"color: #fbd44f;\" href=\"https:\/\/www.ds-iberien.de\/es\/deutsche-schule-san-sebastian-2\/\">COLEGIO ALEM\u00c1N DE SAN SEBASTI\u00c1N<\/a><\/p>\n<p>[\/vc_column_text][vc_empty_space alter_height=\u00bbsmall\u00bb hide_on_mobile=\u00bb\u00bb][\/vc_column_inner][vc_column_inner width=\u00bb1\/5&#8243;][vc_single_image image=\u00bb925&#8243; img_size=\u00bbfull\u00bb alignment=\u00bbcenter\u00bb][vc_empty_space alter_height=\u00bbsmall\u00bb hide_on_mobile=\u00bb\u00bb][vc_column_text]<\/p>\n<p style=\"text-align: center;\"><a style=\"color: #fbd44f;\" href=\"https:\/\/www.ds-iberien.de\/es\/deutsche-schule-malaga-2\/\">COLEGIO ALEM\u00c1N DE M\u00c1LAGA<\/a><\/p>\n<p>[\/vc_column_text][vc_empty_space alter_height=\u00bbsmall\u00bb hide_on_mobile=\u00bb\u00bb][\/vc_column_inner][vc_column_inner width=\u00bb1\/5&#8243;][vc_single_image image=\u00bb918&#8243; img_size=\u00bbfull\u00bb alignment=\u00bbcenter\u00bb][vc_empty_space alter_height=\u00bbsmall\u00bb hide_on_mobile=\u00bb\u00bb][vc_column_text]<\/p>\n<p style=\"text-align: center;\"><a style=\"color: #fbd44f;\" href=\"https:\/\/www.ds-iberien.de\/es\/deutsche-schule-sevilla-2\/\">COLEGIO ALEM\u00c1N DE SEVILLA<\/a><\/p>\n<p>[\/vc_column_text][vc_empty_space alter_height=\u00bbsmall\u00bb hide_on_mobile=\u00bb\u00bb][\/vc_column_inner][vc_column_inner width=\u00bb1\/5&#8243;][vc_single_image image=\u00bb1503&#8243; img_size=\u00bbfull\u00bb][vc_empty_space alter_height=\u00bbsmall\u00bb hide_on_mobile=\u00bb\u00bb][vc_column_text]<\/p>\n<p style=\"text-align: center;\"><a style=\"color: #fbd44f;\" href=\"#\">FEDA MADRID<\/a><\/p>\n<p>[\/vc_column_text][vc_empty_space alter_height=\u00bbsmall\u00bb hide_on_mobile=\u00bb\u00bb][\/vc_column_inner][\/vc_row_inner][\/vc_column][\/vc_row]<\/p>\n","protected":false},"excerpt":{"rendered":"<p>[vc_row][vc_column width=\u00bb1\/4&#8243; css=\u00bb.vc_custom_1599053752521{background-color: #e6e6e6 !important;}\u00bb el_class=\u00bbmenu_lateral\u00bb][vc_wp_custommenu nav_menu=\u00bb52&#8243;][vc_empty_space alter_height=\u00bbsmall\u00bb hide_on_mobile=\u00bb\u00bb][vc_wp_custommenu nav_menu=\u00bb53&#8243;][vc_empty_space alter_height=\u00bbsmall\u00bb hide_on_mobile=\u00bb\u00bb][vc_wp_custommenu nav_menu=\u00bb54&#8243;][\/vc_column][vc_column width=\u00bb3\/4&#8243;][vc_column_text] TRABAJAR EN ESPA\u00d1A [\/vc_column_text][vc_empty_space alter_height=\u00bbsmall\u00bb hide_on_mobile=\u00bb\u00bb][vc_single_image image=\u00bb1664&#8243; img_size=\u00bbfull\u00bb][vc_empty_space hide_on_mobile=\u00bb\u00bb][vc_column_text]Espa\u00f1a es un pa\u00eds muy diverso y sus 9 colegios est\u00e1n repartidos por toda la geograf\u00eda. Puede elegir&hellip;<\/p>\n","protected":false},"author":1,"featured_media":0,"parent":0,"menu_order":0,"comment_status":"closed","ping_status":"closed","template":"","meta":[],"aioseo_notices":[],"_links":{"self":[{"href":"https:\/\/www.ds-iberien.de\/es\/wp-json\/wp\/v2\/pages\/2183"}],"collection":[{"href":"https:\/\/www.ds-iberien.de\/es\/wp-json\/wp\/v2\/pages"}],"about":[{"href":"https:\/\/www.ds-iberien.de\/es\/wp-json\/wp\/v2\/types\/page"}],"author":[{"embeddable":true,"href":"https:\/\/www.ds-iberien.de\/es\/wp-json\/wp\/v2\/users\/1"}],"replies":[{"embeddable":true,"href":"https:\/\/www.ds-iberien.de\/es\/wp-json\/wp\/v2\/comments?post=2183"}],"version-history":[{"count":4,"href":"https:\/\/www.ds-iberien.de\/es\/wp-json\/wp\/v2\/pages\/2183\/revisions"}],"predecessor-version":[{"id":2493,"href":"https:\/\/www.ds-iberien.de\/es\/wp-json\/wp\/v2\/pages\/2183\/revisions\/2493"}],"wp:attachment":[{"href":"https:\/\/www.ds-iberien.de\/es\/wp-json\/wp\/v2\/media?parent=2183"}],"curies":[{"name":"wp","href":"https:\/\/api.w.org\/{rel}","templated":true}]}}