{"id":1927,"date":"2020-06-30T12:57:47","date_gmt":"2020-06-30T10:57:47","guid":{"rendered":"https:\/\/www.ds-iberien.de\/deutsche-schule-malaga\/"},"modified":"2021-05-17T08:30:38","modified_gmt":"2021-05-17T06:30:38","slug":"deutsche-schule-malaga","status":"publish","type":"page","link":"https:\/\/www.ds-iberien.de\/es\/deutsche-schule-malaga\/","title":{"rendered":"COLEGIO ALEM\u00c1N DE M\u00c1LAGA"},"content":{"rendered":"<p>[vc_row full_width=\u00bbstretch_row_content_no_spaces\u00bb css=\u00bb.vc_custom_1593772347789{padding-top: 500px !important;padding-bottom: 500px !important;background-image: url(https:\/\/www.ds-iberien.de\/wp-content\/uploads\/2020\/07\/Aussenanalgen-1.jpg?id=1369) !important;background-position: center !important;background-repeat: no-repeat !important;background-size: cover !important;}\u00bb][vc_column][\/vc_column][\/vc_row][vc_row gap=\u00bb15&#8243; css=\u00bb.vc_custom_1591617474487{margin-top: -70px !important;background-color: rgba(221,51,51,0.01) !important;*background-color: rgb(221,51,51) !important;}\u00bb][vc_column width=\u00bb2\/6&#8243; icons_position=\u00bbleft\u00bb css=\u00bb.vc_custom_1591615516296{background-color: #f2f2f2 !important;}\u00bb][vc_empty_space height=\u00bb60px\u00bb alter_height=\u00bbnone\u00bb hide_on_mobile=\u00bb\u00bb][vc_single_image image=\u00bb1329&#8243; img_size=\u00bbfull\u00bb alignment=\u00bbcenter\u00bb][vc_empty_space hide_on_mobile=\u00bb\u00bb][vc_column_text]<\/p>\n<p style=\"text-align: center; font-size: 25px;\"><a style=\"color: #a0002f;\" href=\"http:\/\/www.dsmalaga.com\" target=\"_blank\" rel=\"noopener noreferrer\">www.dsmalaga.com<\/a><\/p>\n<p>[\/vc_column_text][vc_empty_space alter_height=\u00bbnone\u00bb hide_on_mobile=\u00bb\u00bb][\/vc_column][vc_column width=\u00bb1\/6&#8243; css=\u00bb.vc_custom_1591616350551{background-color: #ffffff !important;}\u00bb][vc_empty_space alter_height=\u00bbnone\u00bb hide_on_mobile=\u00bb\u00bb][vc_single_image image=\u00bb949&#8243; img_size=\u00bbfull\u00bb alignment=\u00bbcenter\u00bb][vc_empty_space hide_on_mobile=\u00bb\u00bb][vc_column_text]<\/p>\n<p style=\"text-align: center;\"><strong><span style=\"color: #c10c0c;\">1898<\/span><\/strong><br \/>\n<strong><span style=\"color: #c10c0c;\">FUNDACI\u00d3N<\/span><\/strong><\/p>\n<p>[\/vc_column_text][vc_empty_space hide_on_mobile=\u00bb\u00bb][\/vc_column][vc_column width=\u00bb1\/6&#8243; css=\u00bb.vc_custom_1591616358805{background-color: #ffffff !important;}\u00bb][vc_empty_space alter_height=\u00bbnone\u00bb hide_on_mobile=\u00bb\u00bb][vc_single_image image=\u00bb950&#8243; img_size=\u00bbfull\u00bb alignment=\u00bbcenter\u00bb][vc_empty_space hide_on_mobile=\u00bb\u00bb][vc_column_text]<\/p>\n<p style=\"text-align: center;\"><strong><span style=\"color: #c10c0c;\">717<br \/>\nALUMNOS<\/span><\/strong><\/p>\n<p>[\/vc_column_text][vc_empty_space hide_on_mobile=\u00bb\u00bb][\/vc_column][vc_column width=\u00bb1\/6&#8243; css=\u00bb.vc_custom_1591616367652{background-color: #ffffff !important;}\u00bb][vc_empty_space alter_height=\u00bbnone\u00bb hide_on_mobile=\u00bb\u00bb][vc_single_image image=\u00bb951&#8243; img_size=\u00bbfull\u00bb alignment=\u00bbcenter\u00bb][vc_empty_space hide_on_mobile=\u00bb\u00bb][vc_column_text]<\/p>\n<p style=\"text-align: center;\"><strong><span style=\"color: #c10c0c;\">37<br \/>\nBACHILLERATOS<\/span><\/strong><\/p>\n<p>[\/vc_column_text][vc_empty_space hide_on_mobile=\u00bb\u00bb][\/vc_column][vc_column width=\u00bb1\/6&#8243; css=\u00bb.vc_custom_1591616387443{background-color: #ffffff !important;}\u00bb][vc_empty_space alter_height=\u00bbnone\u00bb hide_on_mobile=\u00bb\u00bb][vc_single_image image=\u00bb952&#8243; img_size=\u00bbfull\u00bb alignment=\u00bbcenter\u00bb][vc_empty_space hide_on_mobile=\u00bb\u00bb][vc_column_text]<\/p>\n<p style=\"text-align: center;\"><strong><span style=\"color: #c10c0c;\">90<br \/>\nEMPLEADOS<\/span><\/strong><\/p>\n<p>[\/vc_column_text][vc_empty_space hide_on_mobile=\u00bb\u00bb][\/vc_column][\/vc_row][vc_row full_width=\u00bbstretch_row\u00bb gap=\u00bb35&#8243;][vc_column][vc_empty_space alter_height=\u00bbmedium\u00bb hide_on_mobile=\u00bb\u00bb][\/vc_column][\/vc_row][vc_row full_width=\u00bbstretch_row_content_no_spaces\u00bb scheme=\u00bbdark\u00bb css=\u00bb.vc_custom_1591616563751{background-color: #f2f3f6 !important;}\u00bb][vc_column width=\u00bb1\/2&#8243; icons_position=\u00bbleft\u00bb css=\u00bb.vc_custom_1593772453707{border-right-width: 15px !important;padding-top: 500px !important;padding-bottom: 500px !important;background-image: url(https:\/\/www.ds-iberien.de\/wp-content\/uploads\/2020\/07\/DSMalaga-2017-Foto2-RGB-3600&#215;2400-1.jpg?id=1370) !important;background-position: center !important;background-repeat: no-repeat !important;background-size: cover !important;border-right-color: #a00007 !important;border-right-style: solid !important;}\u00bb][\/vc_column][vc_column width=\u00bb1\/2&#8243; icons_position=\u00bbleft\u00bb css=\u00bb.vc_custom_1621233034010{padding-top: 40px !important;padding-left: 40px !important;}\u00bb el_class=\u00bboverflow\u00bb][vc_column_text css=\u00bb.vc_custom_1613733837683{padding-top: 40px !important;padding-bottom: 40px !important;padding-left: 40px !important;}\u00bb]El Colegio Alem\u00e1n de M\u00e1laga es un colegio privado independiente homologado por las autoridades educativas espa\u00f1olas y reconocido y supervisado por la \u00abConferencia Permanente de Ministros de Educaci\u00f3n y Asuntos Culturales de los L\u00e4nder de la Rep\u00fablica Federal de Alemania\u00bb (KMK) como colegio oficial en el extranjero. El centro es un colegio de encuentro totalmente desarrollado con el objetivo de ofrecer una educaci\u00f3n biling\u00fce y fue el primer colegio del mundo en recibir el sello de calidad \u00abExcelente Colegio Alem\u00e1n en el Extranjero\u00bb en 2008.[\/vc_column_text][\/vc_column][\/vc_row][vc_row full_width=\u00bbstretch_row\u00bb gap=\u00bb35&#8243;][vc_column][vc_empty_space alter_height=\u00bbmedium\u00bb hide_on_mobile=\u00bb\u00bb][\/vc_column][\/vc_row][vc_row equal_height=\u00bbyes\u00bb content_placement=\u00bbmiddle\u00bb][vc_column width=\u00bb1\/4&#8243;][vc_single_image image=\u00bb855&#8243; img_size=\u00bbfull\u00bb][\/vc_column][vc_column width=\u00bb1\/4&#8243;][vc_single_image image=\u00bb856&#8243; img_size=\u00bbfull\u00bb][\/vc_column][vc_column width=\u00bb1\/4&#8243;][vc_single_image image=\u00bb857&#8243; img_size=\u00bbfull\u00bb][\/vc_column][vc_column width=\u00bb1\/4&#8243;][vc_single_image image=\u00bb858&#8243; img_size=\u00bbfull\u00bb][\/vc_column][\/vc_row][vc_row full_width=\u00bbstretch_row\u00bb gap=\u00bb35&#8243;][vc_column][vc_empty_space alter_height=\u00bbmedium\u00bb hide_on_mobile=\u00bb\u00bb][\/vc_column][\/vc_row]<\/p>\n","protected":false},"excerpt":{"rendered":"<p>[vc_row full_width=\u00bbstretch_row_content_no_spaces\u00bb css=\u00bb.vc_custom_1593772347789{padding-top: 500px !important;padding-bottom: 500px !important;background-image: url(https:\/\/www.ds-iberien.de\/wp-content\/uploads\/2020\/07\/Aussenanalgen-1.jpg?id=1369) !important;background-position: center !important;background-repeat: no-repeat !important;background-size: cover !important;}\u00bb][vc_column][\/vc_column][\/vc_row][vc_row gap=\u00bb15&#8243; css=\u00bb.vc_custom_1591617474487{margin-top: -70px !important;background-color: rgba(221,51,51,0.01) !important;*background-color: rgb(221,51,51) !important;}\u00bb][vc_column width=\u00bb2\/6&#8243; icons_position=\u00bbleft\u00bb css=\u00bb.vc_custom_1591615516296{background-color: #f2f2f2 !important;}\u00bb][vc_empty_space height=\u00bb60px\u00bb alter_height=\u00bbnone\u00bb hide_on_mobile=\u00bb\u00bb][vc_single_image image=\u00bb1329&#8243; img_size=\u00bbfull\u00bb alignment=\u00bbcenter\u00bb][vc_empty_space hide_on_mobile=\u00bb\u00bb][vc_column_text] www.dsmalaga.com [\/vc_column_text][vc_empty_space alter_height=\u00bbnone\u00bb hide_on_mobile=\u00bb\u00bb][\/vc_column][vc_column width=\u00bb1\/6&#8243;&hellip;<\/p>\n","protected":false},"author":1,"featured_media":0,"parent":0,"menu_order":0,"comment_status":"closed","ping_status":"open","template":"","meta":[],"aioseo_notices":[],"_links":{"self":[{"href":"https:\/\/www.ds-iberien.de\/es\/wp-json\/wp\/v2\/pages\/1927"}],"collection":[{"href":"https:\/\/www.ds-iberien.de\/es\/wp-json\/wp\/v2\/pages"}],"about":[{"href":"https:\/\/www.ds-iberien.de\/es\/wp-json\/wp\/v2\/types\/page"}],"author":[{"embeddable":true,"href":"https:\/\/www.ds-iberien.de\/es\/wp-json\/wp\/v2\/users\/1"}],"replies":[{"embeddable":true,"href":"https:\/\/www.ds-iberien.de\/es\/wp-json\/wp\/v2\/comments?post=1927"}],"version-history":[{"count":3,"href":"https:\/\/www.ds-iberien.de\/es\/wp-json\/wp\/v2\/pages\/1927\/revisions"}],"predecessor-version":[{"id":2484,"href":"https:\/\/www.ds-iberien.de\/es\/wp-json\/wp\/v2\/pages\/1927\/revisions\/2484"}],"wp:attachment":[{"href":"https:\/\/www.ds-iberien.de\/es\/wp-json\/wp\/v2\/media?parent=1927"}],"curies":[{"name":"wp","href":"https:\/\/api.w.org\/{rel}","templated":true}]}}