{"id":1923,"date":"2020-06-08T12:50:05","date_gmt":"2020-06-08T10:50:05","guid":{"rendered":"https:\/\/www.ds-iberien.de\/deutsche-schule-lissabon\/"},"modified":"2021-05-17T08:44:18","modified_gmt":"2021-05-17T06:44:18","slug":"deutsche-schule-lissabon","status":"publish","type":"page","link":"https:\/\/www.ds-iberien.de\/es\/deutsche-schule-lissabon\/","title":{"rendered":"COLEGIO ALEM\u00c1N DE LISBOA"},"content":{"rendered":"<p>[vc_row full_width=\u00bbstretch_row_content_no_spaces\u00bb css=\u00bb.vc_custom_1591615843041{padding-top: 500px !important;padding-bottom: 500px !important;background-image: url(https:\/\/www.ds-iberien.de\/wp-content\/uploads\/2020\/06\/Deutsche-Schule-Lissabon.jpg?id=955) !important;}\u00bb][vc_column][\/vc_column][\/vc_row][vc_row gap=\u00bb15&#8243; css=\u00bb.vc_custom_1591617474487{margin-top: -70px !important;background-color: rgba(221,51,51,0.01) !important;*background-color: rgb(221,51,51) !important;}\u00bb][vc_column width=\u00bb2\/6&#8243; icons_position=\u00bbleft\u00bb css=\u00bb.vc_custom_1591615516296{background-color: #f2f2f2 !important;}\u00bb][vc_empty_space height=\u00bb60px\u00bb alter_height=\u00bbnone\u00bb hide_on_mobile=\u00bb\u00bb][vc_single_image image=\u00bb957&#8243; img_size=\u00bbfull\u00bb alignment=\u00bbcenter\u00bb][vc_empty_space hide_on_mobile=\u00bb\u00bb][vc_column_text]<\/p>\n<p style=\"text-align: center; font-size: 25px;\"><a style=\"color: #a0002f;\" href=\"https:\/\/dslissabon.com\/\" target=\"_blank\" rel=\"noopener noreferrer\">www.dslissabon.com<\/a><\/p>\n<p>[\/vc_column_text][vc_empty_space alter_height=\u00bbnone\u00bb hide_on_mobile=\u00bb\u00bb][\/vc_column][vc_column width=\u00bb1\/6&#8243; css=\u00bb.vc_custom_1591616350551{background-color: #ffffff !important;}\u00bb][vc_empty_space alter_height=\u00bbnone\u00bb hide_on_mobile=\u00bb\u00bb][vc_single_image image=\u00bb949&#8243; img_size=\u00bbfull\u00bb alignment=\u00bbcenter\u00bb][vc_empty_space hide_on_mobile=\u00bb\u00bb][vc_column_text]<\/p>\n<p style=\"text-align: center;\"><strong><span style=\"color: #c10c0c;\">1848<\/span><\/strong><br \/>\n<strong><span style=\"color: #c10c0c;\">FUNDACI\u00d3N<\/span><\/strong><\/p>\n<p>[\/vc_column_text][vc_empty_space hide_on_mobile=\u00bb\u00bb][\/vc_column][vc_column width=\u00bb1\/6&#8243; css=\u00bb.vc_custom_1591616358805{background-color: #ffffff !important;}\u00bb][vc_empty_space alter_height=\u00bbnone\u00bb hide_on_mobile=\u00bb\u00bb][vc_single_image image=\u00bb950&#8243; img_size=\u00bbfull\u00bb alignment=\u00bbcenter\u00bb][vc_empty_space hide_on_mobile=\u00bb\u00bb][vc_column_text]<\/p>\n<p style=\"text-align: center;\"><strong><span style=\"color: #c10c0c;\">1068<br \/>\nALUMNOS<\/span><\/strong><\/p>\n<p>[\/vc_column_text][vc_empty_space hide_on_mobile=\u00bb\u00bb][\/vc_column][vc_column width=\u00bb1\/6&#8243; css=\u00bb.vc_custom_1591616367652{background-color: #ffffff !important;}\u00bb][vc_empty_space alter_height=\u00bbnone\u00bb hide_on_mobile=\u00bb\u00bb][vc_single_image image=\u00bb951&#8243; img_size=\u00bbfull\u00bb alignment=\u00bbcenter\u00bb][vc_empty_space hide_on_mobile=\u00bb\u00bb][vc_column_text]<\/p>\n<p style=\"text-align: center;\"><strong><span style=\"color: #c10c0c;\">60<br \/>\nBACHILLERATOS<\/span><\/strong><\/p>\n<p>[\/vc_column_text][vc_empty_space hide_on_mobile=\u00bb\u00bb][\/vc_column][vc_column width=\u00bb1\/6&#8243; css=\u00bb.vc_custom_1591616387443{background-color: #ffffff !important;}\u00bb][vc_empty_space alter_height=\u00bbnone\u00bb hide_on_mobile=\u00bb\u00bb][vc_single_image image=\u00bb952&#8243; img_size=\u00bbfull\u00bb alignment=\u00bbcenter\u00bb][vc_empty_space hide_on_mobile=\u00bb\u00bb][vc_column_text]<\/p>\n<p style=\"text-align: center;\"><strong><span style=\"color: #c10c0c;\">182<br \/>\nEMPLEADOS<\/span><\/strong><\/p>\n<p>[\/vc_column_text][vc_empty_space hide_on_mobile=\u00bb\u00bb][\/vc_column][\/vc_row][vc_row full_width=\u00bbstretch_row\u00bb gap=\u00bb35&#8243;][vc_column][vc_empty_space alter_height=\u00bbmedium\u00bb hide_on_mobile=\u00bb\u00bb][\/vc_column][\/vc_row][vc_row full_width=\u00bbstretch_row_content_no_spaces\u00bb scheme=\u00bbdark\u00bb css=\u00bb.vc_custom_1591616563751{background-color: #f2f3f6 !important;}\u00bb][vc_column width=\u00bb1\/2&#8243; icons_position=\u00bbleft\u00bb css=\u00bb.vc_custom_1593771655159{border-right-width: 15px !important;padding-top: 500px !important;padding-bottom: 500px !important;background-image: url(https:\/\/www.ds-iberien.de\/wp-content\/uploads\/2020\/07\/Vorhof-Aula.jpg?id=1362) !important;border-right-color: #a00007 !important;border-right-style: solid !important;}\u00bb][\/vc_column][vc_column width=\u00bb1\/2&#8243; icons_position=\u00bbleft\u00bb css=\u00bb.vc_custom_1621233855195{padding-top: 40px !important;padding-left: 40px !important;}\u00bb el_class=\u00bboverflow\u00bb][vc_column_text css=\u00bb.vc_custom_1613732516392{padding-top: 40px !important;padding-bottom: 40px !important;padding-left: 40px !important;}\u00bb]Fundada en 1848, la DSL es el segundo Colegio Alem\u00e1n en el Extranjero m\u00e1s antiguo del mundo. Es una escuela privada de encuentro germano-portuguesa, cuyo \u00f3rgano de gobierno es la asociaci\u00f3n del colegio. La escuela se financia con un amplio apoyo financiero, estructural y de personal de Alemania, as\u00ed como con las cuotas escolares que pagan los padres.<\/p>\n<p>En su p\u00e1gina web encontrar\u00e1 informaci\u00f3n sobre los programas educativos de la escuela, desde el jard\u00edn de infancia hasta el Abitur Internacional Alem\u00e1n al final del 12\u00ba curso. Reconocer\u00e1 c\u00f3mo los ni\u00f1os y adolescentes portugueses y alemanes se encuentran en el DSL, c\u00f3mo la cultura y la sociedad de Portugal y Alemania se enriquecen mutuamente.<\/p>\n<p>El sitio web le permite conocer la ense\u00f1anza y las diversas actividades y ofertas del Colegio Alem\u00e1n de Lisboa. Nuestro objetivo es la educaci\u00f3n integral de los ni\u00f1os y alumnos que se nos conf\u00edan. Deben poder desarrollar sus talentos y, sobretodo, aprender con gusto y \u00e9xito. Para ello, existe una amplia gama de actividades fuera del aula. El DSL ofrece amplios y acogedores terrenos, as\u00ed como modernas aulas equipadas, la peque\u00f1a y la gran biblioteca, las instalaciones de medios de comunicaci\u00f3n, la piscina y el gran pabell\u00f3n deportivo en Lisboa. En Estoril se encuentran el jard\u00edn de infancia y la escuela primaria, que tambi\u00e9n est\u00e1n excelentemente equipados.[\/vc_column_text][\/vc_column][\/vc_row][vc_row full_width=\u00bbstretch_row\u00bb gap=\u00bb35&#8243;][vc_column][vc_empty_space alter_height=\u00bbmedium\u00bb hide_on_mobile=\u00bb\u00bb][\/vc_column][\/vc_row][vc_row equal_height=\u00bbyes\u00bb content_placement=\u00bbmiddle\u00bb][vc_column width=\u00bb1\/4&#8243;][vc_single_image image=\u00bb855&#8243; img_size=\u00bbfull\u00bb][\/vc_column][vc_column width=\u00bb1\/4&#8243;][vc_single_image image=\u00bb856&#8243; img_size=\u00bbfull\u00bb][\/vc_column][vc_column width=\u00bb1\/4&#8243;][vc_single_image image=\u00bb857&#8243; img_size=\u00bbfull\u00bb][\/vc_column][vc_column width=\u00bb1\/4&#8243;][vc_single_image image=\u00bb858&#8243; img_size=\u00bbfull\u00bb][\/vc_column][\/vc_row][vc_row full_width=\u00bbstretch_row\u00bb gap=\u00bb35&#8243;][vc_column][vc_empty_space alter_height=\u00bbmedium\u00bb hide_on_mobile=\u00bb\u00bb][\/vc_column][\/vc_row]<\/p>\n","protected":false},"excerpt":{"rendered":"<p>[vc_row full_width=\u00bbstretch_row_content_no_spaces\u00bb css=\u00bb.vc_custom_1591615843041{padding-top: 500px !important;padding-bottom: 500px !important;background-image: url(https:\/\/www.ds-iberien.de\/wp-content\/uploads\/2020\/06\/Deutsche-Schule-Lissabon.jpg?id=955) !important;}\u00bb][vc_column][\/vc_column][\/vc_row][vc_row gap=\u00bb15&#8243; css=\u00bb.vc_custom_1591617474487{margin-top: -70px !important;background-color: rgba(221,51,51,0.01) !important;*background-color: rgb(221,51,51) !important;}\u00bb][vc_column width=\u00bb2\/6&#8243; icons_position=\u00bbleft\u00bb css=\u00bb.vc_custom_1591615516296{background-color: #f2f2f2 !important;}\u00bb][vc_empty_space height=\u00bb60px\u00bb alter_height=\u00bbnone\u00bb hide_on_mobile=\u00bb\u00bb][vc_single_image image=\u00bb957&#8243; img_size=\u00bbfull\u00bb alignment=\u00bbcenter\u00bb][vc_empty_space hide_on_mobile=\u00bb\u00bb][vc_column_text] www.dslissabon.com [\/vc_column_text][vc_empty_space alter_height=\u00bbnone\u00bb hide_on_mobile=\u00bb\u00bb][\/vc_column][vc_column width=\u00bb1\/6&#8243; css=\u00bb.vc_custom_1591616350551{background-color: #ffffff !important;}\u00bb][vc_empty_space alter_height=\u00bbnone\u00bb hide_on_mobile=\u00bb\u00bb][vc_single_image image=\u00bb949&#8243;&hellip;<\/p>\n","protected":false},"author":1,"featured_media":0,"parent":0,"menu_order":0,"comment_status":"closed","ping_status":"open","template":"","meta":[],"aioseo_notices":[],"_links":{"self":[{"href":"https:\/\/www.ds-iberien.de\/es\/wp-json\/wp\/v2\/pages\/1923"}],"collection":[{"href":"https:\/\/www.ds-iberien.de\/es\/wp-json\/wp\/v2\/pages"}],"about":[{"href":"https:\/\/www.ds-iberien.de\/es\/wp-json\/wp\/v2\/types\/page"}],"author":[{"embeddable":true,"href":"https:\/\/www.ds-iberien.de\/es\/wp-json\/wp\/v2\/users\/1"}],"replies":[{"embeddable":true,"href":"https:\/\/www.ds-iberien.de\/es\/wp-json\/wp\/v2\/comments?post=1923"}],"version-history":[{"count":3,"href":"https:\/\/www.ds-iberien.de\/es\/wp-json\/wp\/v2\/pages\/1923\/revisions"}],"predecessor-version":[{"id":2492,"href":"https:\/\/www.ds-iberien.de\/es\/wp-json\/wp\/v2\/pages\/1923\/revisions\/2492"}],"wp:attachment":[{"href":"https:\/\/www.ds-iberien.de\/es\/wp-json\/wp\/v2\/media?parent=1923"}],"curies":[{"name":"wp","href":"https:\/\/api.w.org\/{rel}","templated":true}]}}