{"id":1910,"date":"2020-06-30T12:55:33","date_gmt":"2020-06-30T10:55:33","guid":{"rendered":"https:\/\/www.ds-iberien.de\/deutsche-schule-bilbao\/"},"modified":"2021-05-17T08:23:41","modified_gmt":"2021-05-17T06:23:41","slug":"deutsche-schule-bilbao","status":"publish","type":"page","link":"https:\/\/www.ds-iberien.de\/es\/deutsche-schule-bilbao\/","title":{"rendered":"COLEGIO ALEM\u00c1N DE BILBAO"},"content":{"rendered":"<p>[vc_row full_width=\u00bbstretch_row_content_no_spaces\u00bb css=\u00bb.vc_custom_1593525403230{padding-top: 500px !important;padding-bottom: 500px !important;background-image: url(https:\/\/www.ds-iberien.de\/wp-content\/uploads\/2020\/06\/ColegioAleman-11.jpg?id=1351) !important;background-position: center !important;background-repeat: no-repeat !important;background-size: cover !important;}\u00bb][vc_column][\/vc_column][\/vc_row][vc_row gap=\u00bb15&#8243; css=\u00bb.vc_custom_1591617474487{margin-top: -70px !important;background-color: rgba(221,51,51,0.01) !important;*background-color: rgb(221,51,51) !important;}\u00bb][vc_column width=\u00bb2\/6&#8243; icons_position=\u00bbleft\u00bb css=\u00bb.vc_custom_1591615516296{background-color: #f2f2f2 !important;}\u00bb][vc_empty_space height=\u00bb60px\u00bb alter_height=\u00bbnone\u00bb hide_on_mobile=\u00bb\u00bb][vc_single_image image=\u00bb1319&#8243; img_size=\u00bbfull\u00bb alignment=\u00bbcenter\u00bb][vc_empty_space hide_on_mobile=\u00bb\u00bb][vc_column_text]<\/p>\n<p style=\"text-align: center; font-size: 25px;\"><a style=\"color: #a0002f;\" href=\"https:\/\/www.dsbilbao.org\/\" target=\"_blank\" rel=\"noopener noreferrer\">www.dsbilbao.org<\/a><\/p>\n<p>[\/vc_column_text][vc_empty_space alter_height=\u00bbnone\u00bb hide_on_mobile=\u00bb\u00bb][\/vc_column][vc_column width=\u00bb1\/6&#8243; css=\u00bb.vc_custom_1591616350551{background-color: #ffffff !important;}\u00bb][vc_empty_space alter_height=\u00bbnone\u00bb hide_on_mobile=\u00bb\u00bb][vc_single_image image=\u00bb949&#8243; img_size=\u00bbfull\u00bb alignment=\u00bbcenter\u00bb][vc_empty_space hide_on_mobile=\u00bb\u00bb][vc_column_text]<\/p>\n<p style=\"text-align: center;\"><strong><span style=\"color: #c10c0c;\">1917<\/span><\/strong><br \/>\n<strong><span style=\"color: #c10c0c;\">FUNDACI\u00d3N<\/span><\/strong><\/p>\n<p>[\/vc_column_text][vc_empty_space hide_on_mobile=\u00bb\u00bb][\/vc_column][vc_column width=\u00bb1\/6&#8243; css=\u00bb.vc_custom_1591616358805{background-color: #ffffff !important;}\u00bb][vc_empty_space alter_height=\u00bbnone\u00bb hide_on_mobile=\u00bb\u00bb][vc_single_image image=\u00bb950&#8243; img_size=\u00bbfull\u00bb alignment=\u00bbcenter\u00bb][vc_empty_space hide_on_mobile=\u00bb\u00bb][vc_column_text]<\/p>\n<p style=\"text-align: center;\"><strong><span style=\"color: #c10c0c;\">715<br \/>\nALUMNOS<\/span><\/strong><\/p>\n<p>[\/vc_column_text][vc_empty_space hide_on_mobile=\u00bb\u00bb][\/vc_column][vc_column width=\u00bb1\/6&#8243; css=\u00bb.vc_custom_1591616367652{background-color: #ffffff !important;}\u00bb][vc_empty_space alter_height=\u00bbnone\u00bb hide_on_mobile=\u00bb\u00bb][vc_single_image image=\u00bb951&#8243; img_size=\u00bbfull\u00bb alignment=\u00bbcenter\u00bb][vc_empty_space hide_on_mobile=\u00bb\u00bb][vc_column_text]<\/p>\n<p style=\"text-align: center;\"><strong><span style=\"color: #c10c0c;\">35<br \/>\nBACHILLERATOS<\/span><\/strong><\/p>\n<p>[\/vc_column_text][vc_empty_space hide_on_mobile=\u00bb\u00bb][\/vc_column][vc_column width=\u00bb1\/6&#8243; css=\u00bb.vc_custom_1591616387443{background-color: #ffffff !important;}\u00bb][vc_empty_space alter_height=\u00bbnone\u00bb hide_on_mobile=\u00bb\u00bb][vc_single_image image=\u00bb952&#8243; img_size=\u00bbfull\u00bb alignment=\u00bbcenter\u00bb][vc_empty_space hide_on_mobile=\u00bb\u00bb][vc_column_text]<\/p>\n<p style=\"text-align: center;\"><strong><span style=\"color: #c10c0c;\">79<br \/>\nEMPLEADOS<\/span><\/strong><\/p>\n<p>[\/vc_column_text][vc_empty_space hide_on_mobile=\u00bb\u00bb][\/vc_column][\/vc_row][vc_row full_width=\u00bbstretch_row\u00bb gap=\u00bb35&#8243;][vc_column][vc_empty_space alter_height=\u00bbmedium\u00bb hide_on_mobile=\u00bb\u00bb][\/vc_column][\/vc_row][vc_row full_width=\u00bbstretch_row_content_no_spaces\u00bb scheme=\u00bbdark\u00bb css=\u00bb.vc_custom_1591616563751{background-color: #f2f3f6 !important;}\u00bb][vc_column width=\u00bb1\/2&#8243; icons_position=\u00bbleft\u00bb css=\u00bb.vc_custom_1593525412573{border-right-width: 15px !important;padding-top: 500px !important;padding-bottom: 500px !important;background-image: url(https:\/\/www.ds-iberien.de\/wp-content\/uploads\/2020\/06\/BILBAO.jpg?id=1350) !important;background-position: center !important;background-repeat: no-repeat !important;background-size: cover !important;border-right-color: #a00007 !important;border-right-style: solid !important;}\u00bb][\/vc_column][vc_column width=\u00bb1\/2&#8243; icons_position=\u00bbleft\u00bb css=\u00bb.vc_custom_1621232617666{padding-top: 40px !important;padding-left: 40px !important;}\u00bb el_class=\u00bboverflow\u00bb][vc_column_text css=\u00bb.vc_custom_1613731565586{padding-top: 40px !important;padding-bottom: 40px !important;padding-left: 40px !important;}\u00bb]El Colegio Alem\u00e1n de Bilbao es un colegio de encuentro en el contexto europeo que promueve el entendimiento entre culturas. Forma parte de un conjunto de m\u00e1s de 140 Colegios oficiales alemanes existentes fuera de las fronteras de Alemania.<\/p>\n<p>Estos Colegios oficiales forman una parte esencial de la pol\u00edtica cultural alemana y reciben apoyo tanto financiero como de personal docente de Alemania. En un mundo globalizado, la formaci\u00f3n en el idioma alem\u00e1n refuerza el pluralismo cultural y proporciona una aptitud adicional extraordinaria.<\/p>\n<p>A trav\u00e9s de la ense\u00f1anza de conocimientos cient\u00edficos y competencias basadas en el dominio y soberan\u00eda ling\u00fc\u00edstica preparamos al alumnado para que puedan estudiar en universidades de Alemania o Espa\u00f1a.[\/vc_column_text][\/vc_column][\/vc_row][vc_row full_width=\u00bbstretch_row\u00bb gap=\u00bb35&#8243;][vc_column][vc_empty_space alter_height=\u00bbmedium\u00bb hide_on_mobile=\u00bb\u00bb][\/vc_column][\/vc_row][vc_row equal_height=\u00bbyes\u00bb content_placement=\u00bbmiddle\u00bb][vc_column width=\u00bb1\/4&#8243;][vc_single_image image=\u00bb855&#8243; img_size=\u00bbfull\u00bb][\/vc_column][vc_column width=\u00bb1\/4&#8243;][vc_single_image image=\u00bb856&#8243; img_size=\u00bbfull\u00bb][\/vc_column][vc_column width=\u00bb1\/4&#8243;][vc_single_image image=\u00bb857&#8243; img_size=\u00bbfull\u00bb][\/vc_column][vc_column width=\u00bb1\/4&#8243;][vc_single_image image=\u00bb858&#8243; img_size=\u00bbfull\u00bb][\/vc_column][\/vc_row][vc_row full_width=\u00bbstretch_row\u00bb gap=\u00bb35&#8243;][vc_column][vc_empty_space alter_height=\u00bbmedium\u00bb hide_on_mobile=\u00bb\u00bb][\/vc_column][\/vc_row]<\/p>\n","protected":false},"excerpt":{"rendered":"<p>[vc_row full_width=\u00bbstretch_row_content_no_spaces\u00bb css=\u00bb.vc_custom_1593525403230{padding-top: 500px !important;padding-bottom: 500px !important;background-image: url(https:\/\/www.ds-iberien.de\/wp-content\/uploads\/2020\/06\/ColegioAleman-11.jpg?id=1351) !important;background-position: center !important;background-repeat: no-repeat !important;background-size: cover !important;}\u00bb][vc_column][\/vc_column][\/vc_row][vc_row gap=\u00bb15&#8243; css=\u00bb.vc_custom_1591617474487{margin-top: -70px !important;background-color: rgba(221,51,51,0.01) !important;*background-color: rgb(221,51,51) !important;}\u00bb][vc_column width=\u00bb2\/6&#8243; icons_position=\u00bbleft\u00bb css=\u00bb.vc_custom_1591615516296{background-color: #f2f2f2 !important;}\u00bb][vc_empty_space height=\u00bb60px\u00bb alter_height=\u00bbnone\u00bb hide_on_mobile=\u00bb\u00bb][vc_single_image image=\u00bb1319&#8243; img_size=\u00bbfull\u00bb alignment=\u00bbcenter\u00bb][vc_empty_space hide_on_mobile=\u00bb\u00bb][vc_column_text] www.dsbilbao.org [\/vc_column_text][vc_empty_space alter_height=\u00bbnone\u00bb hide_on_mobile=\u00bb\u00bb][\/vc_column][vc_column width=\u00bb1\/6&#8243;&hellip;<\/p>\n","protected":false},"author":1,"featured_media":0,"parent":0,"menu_order":0,"comment_status":"closed","ping_status":"open","template":"","meta":[],"aioseo_notices":[],"_links":{"self":[{"href":"https:\/\/www.ds-iberien.de\/es\/wp-json\/wp\/v2\/pages\/1910"}],"collection":[{"href":"https:\/\/www.ds-iberien.de\/es\/wp-json\/wp\/v2\/pages"}],"about":[{"href":"https:\/\/www.ds-iberien.de\/es\/wp-json\/wp\/v2\/types\/page"}],"author":[{"embeddable":true,"href":"https:\/\/www.ds-iberien.de\/es\/wp-json\/wp\/v2\/users\/1"}],"replies":[{"embeddable":true,"href":"https:\/\/www.ds-iberien.de\/es\/wp-json\/wp\/v2\/comments?post=1910"}],"version-history":[{"count":7,"href":"https:\/\/www.ds-iberien.de\/es\/wp-json\/wp\/v2\/pages\/1910\/revisions"}],"predecessor-version":[{"id":2482,"href":"https:\/\/www.ds-iberien.de\/es\/wp-json\/wp\/v2\/pages\/1910\/revisions\/2482"}],"wp:attachment":[{"href":"https:\/\/www.ds-iberien.de\/es\/wp-json\/wp\/v2\/media?parent=1910"}],"curies":[{"name":"wp","href":"https:\/\/api.w.org\/{rel}","templated":true}]}}