{"id":1866,"date":"2020-06-05T12:40:26","date_gmt":"2020-06-05T10:40:26","guid":{"rendered":"https:\/\/www.ds-iberien.de\/uber-uns\/"},"modified":"2025-03-28T18:14:44","modified_gmt":"2025-03-28T16:14:44","slug":"sobre-nosotros","status":"publish","type":"page","link":"https:\/\/www.ds-iberien.de\/es\/sobre-nosotros\/","title":{"rendered":"SOBRE NOSOTROS"},"content":{"rendered":"<p>[vc_row full_width=\u00bbstretch_row_content_no_spaces\u00bb css=\u00bb.vc_custom_1599551197445{padding-top: 250px !important;padding-bottom: 250px !important;background-image: url(https:\/\/www.ds-iberien.de\/wp-content\/uploads\/2020\/09\/SOBRE_NOSOTROS.jpg?id=1654) !important;background-position: center !important;background-repeat: no-repeat !important;background-size: cover !important;}\u00bb][vc_column][\/vc_column][\/vc_row][vc_row][vc_column][vc_empty_space height=\u00bb60px\u00bb alter_height=\u00bblarge\u00bb hide_on_mobile=\u00bb\u00bb][vc_column_text]<\/p>\n<p style=\"text-align: center;\">Los colegios alemanes en el extranjero son lugares de encuentro y de intercambio intercultural. Dirigidos por asociaciones y subvencionados por el Estado alem\u00e1n, son el ejemplo m\u00e1s antiguo de una asociaci\u00f3n p\u00fablico-privada de la pol\u00edtica cultural y educativa exterior alemana.<\/p>\n<p style=\"text-align: center;\">Desde hace m\u00e1s de 170 a\u00f1os, los colegios alemanes de Portugal y Espa\u00f1a no solo han realizado una importante contribuci\u00f3n al desarrollo social \u00a0con una educaci\u00f3n basada en el aprendizaje colaborativo y el desarrollo de la personalidad, tambi\u00e9n han ayudado a divulgar el idiomay la cultura alemana en sus pa\u00edses.<\/p>\n<p>[\/vc_column_text][vc_empty_space height=\u00bb60px\u00bb alter_height=\u00bblarge\u00bb hide_on_mobile=\u00bb\u00bb][\/vc_column][\/vc_row][vc_row][vc_column width=\u00bb1\/2&#8243;][vc_single_image image=\u00bb871&#8243; alignment=\u00bbcenter\u00bb][vc_empty_space height=\u00bb40px\u00bb alter_height=\u00bbnone\u00bb hide_on_mobile=\u00bb\u00bb][vc_column_text]<\/p>\n<p style=\"text-align: left;\">En Espa\u00f1a y Portugal hay 11 escuelas alemanas en el extranjero (DAS), incluidas 2 escuelas de formaci\u00f3n profesional, y 2 escuelas con un perfil alem\u00e1n especial (DPS).<\/p>\n<p>[\/vc_column_text][\/vc_column][vc_column width=\u00bb1\/2&#8243;][vc_single_image image=\u00bb874&#8243; alignment=\u00bbcenter\u00bb][vc_empty_space height=\u00bb40px\u00bb alter_height=\u00bbnone\u00bb hide_on_mobile=\u00bb\u00bb][vc_column_text]<\/p>\n<p style=\"text-align: right;\">M\u00e1s de 10.000 alumnas y alumnos son atendidos en estos colegios &#8211; desde preescolar o el jard\u00edn de infancia hasta el final de la secundaria y m\u00e1s all\u00e1 durante la formaci\u00f3n profesional.<\/p>\n<p>[\/vc_column_text][\/vc_column][\/vc_row][vc_row css=\u00bb.vc_custom_1591355535997{margin-top: 60px !important;}\u00bb][vc_column][vc_single_image image=\u00bb878&#8243; alignment=\u00bbcenter\u00bb][vc_empty_space height=\u00bb40px\u00bb alter_height=\u00bbnone\u00bb hide_on_mobile=\u00bb\u00bb][vc_column_text]<\/p>\n<p style=\"text-align: justify;\">Cada a\u00f1o, m\u00e1s de 600 j\u00f3venes terminan el bachillerato espa\u00f1ol o portugu\u00e9s y el t\u00edtulo de acceso a la universidad alem\u00e1n: 470 graduados de Bachillerato Internacional Alem\u00e1n (DIA), comparativamente el mayor n\u00famero de graduados de DIA en el extranjero; 60 alumnas y alumnos con el Diploma de Lengua Alemana II (DSD II) y, por tanto, con capacidad de ingreso a los estudios universitarios en Alemania; alrededor de 70 estudiante con formaci\u00f3n profesional dual o estudios duales en nuestros colegios de formaci\u00f3n profesional. Adem\u00e1s, unos 20 estudiantes al a\u00f1o finalizan los ciclos formativos de grado medio con lo que adquieren el t\u00edtulo para continuar su carrera escolar. De los 470 graduados de bachillerato, un promedio del 50% estudia en universidades alemanas.<\/p>\n<p>[\/vc_column_text][vc_empty_space height=\u00bb40px\u00bb alter_height=\u00bblarge\u00bb hide_on_mobile=\u00bb\u00bb][\/vc_column][\/vc_row][vc_row][vc_column width=\u00bb1\/2&#8243;][vc_single_image image=\u00bb879&#8243; alignment=\u00bbcenter\u00bb][vc_empty_space height=\u00bb40px\u00bb alter_height=\u00bbnone\u00bb hide_on_mobile=\u00bb\u00bb][vc_column_text]<\/p>\n<p style=\"text-align: justify;\">M\u00e1s de 120 profesores p\u00fablicos alemanes, que son temporalmente liberados de sus puestos para poder impartir clases en los DAS; 850 profesores locales, educadoras y educadores, as\u00ed como m\u00e1s de 200 empleados en las \u00e1reas de administraci\u00f3n y servicios garantizan que los colegios alemanes de Portugal y Espa\u00f1a gocen de una excelente reputaci\u00f3n en estos pa\u00edses.<\/p>\n<p>[\/vc_column_text][vc_empty_space height=\u00bb40px\u00bb alter_height=\u00bblarge\u00bb hide_on_mobile=\u00bb\u00bb][\/vc_column][vc_column width=\u00bb1\/2&#8243;][vc_single_image image=\u00bb880&#8243; alignment=\u00bbcenter\u00bb][vc_empty_space height=\u00bb40px\u00bb alter_height=\u00bbnone\u00bb hide_on_mobile=\u00bb\u00bb][vc_column_text]<\/p>\n<p style=\"text-align: right;\">Siempre esforz\u00e1ndose por mantener y mejorar la calidad educativa, todas nuestras escuelas llevan el sello de calidad \u00abColegio Excelente en el Extranjero\u00bb otorgado por el Presidente Federal Alem\u00e1n. Tradicionalmente alguno de nuestros colegios ha participado como escuela piloto en el desarrollo e implantaci\u00f3n de nuevos sistemas de calidad pedag\u00f3gica.<\/p>\n<p>[\/vc_column_text][vc_empty_space height=\u00bb40px\u00bb alter_height=\u00bblarge\u00bb hide_on_mobile=\u00bb\u00bb][\/vc_column][\/vc_row][vc_row full_width=\u00bbstretch_row\u00bb css=\u00bb.vc_custom_1591355623373{background-color: #f2f3f6 !important;}\u00bb][vc_column]<a id=\"sc_anchor_ziele\" class=\"sc_anchor sc_anchor_default\" \n\t\ttitle=\"\" \n\t\tdata-icon=\"\" \n\t\tdata-url=\"\"\n><\/a>[vc_empty_space height=\u00bb40px\u00bb alter_height=\u00bbnone\u00bb hide_on_mobile=\u00bb\u00bb][vc_column_text]<\/p>\n<p style=\"text-align: center; font-size: 80px;\"><a href=\"https:\/\/www.ds-iberien.de\/wp-content\/uploads\/2020\/06\/icono6.png\"><img decoding=\"async\" loading=\"lazy\" class=\"wp-image-884 size-full alignnone\" src=\"https:\/\/www.ds-iberien.de\/wp-content\/uploads\/2020\/06\/icono6.png\" alt=\"\" width=\"126\" height=\"126\" srcset=\"https:\/\/www.ds-iberien.de\/wp-content\/uploads\/2020\/06\/icono6.png 126w, https:\/\/www.ds-iberien.de\/wp-content\/uploads\/2020\/06\/icono6-90x90.png 90w\" sizes=\"(max-width: 126px) 100vw, 126px\" \/><\/a>\u00a0 Objetivos<\/p>\n<p>[\/vc_column_text][vc_empty_space height=\u00bb40px\u00bb alter_height=\u00bbnone\u00bb hide_on_mobile=\u00bb\u00bb][vc_column_text]<\/p>\n<p style=\"text-align: center;\">Los colegios alemanes en el extranjero en Portugal y Espa\u00f1a han estado trabajando en estrecha colaboraci\u00f3n durante m\u00e1s de 20 a\u00f1os. En nuestra regi\u00f3n, tutelada por el Organismo Alem\u00e1n Central de Colegios en el Extranjero, tanto la direcci\u00f3n escolar, como el profesorado, los gerentes y las juntas de gobierno se re\u00fanen peri\u00f3dicamente para intercambiar experiencias, casos de \u00e9xito y cualquier asunto relacionado con la gesti\u00f3n pedag\u00f3gica y administrativa.<\/p>\n<p style=\"text-align: center;\">Los consejos escolares de los colegios alemanes y de los colegios de formaci\u00f3n profesional de Portugal y Espa\u00f1a han unido sus fuerzas en un grupo de trabajo para abordar juntos los desaf\u00edos comunes como un grupo unido. Nos hemos fijado los siguientes objetivos:<\/p>\n<p>[\/vc_column_text][vc_empty_space height=\u00bb40px\u00bb alter_height=\u00bblarge\u00bb hide_on_mobile=\u00bb\u00bb][\/vc_column][\/vc_row][vc_row full_width=\u00bbstretch_row\u00bb css=\u00bb.vc_custom_1591355904684{background-color: #f2f3f6 !important;}\u00bb][vc_column width=\u00bb1\/2&#8243;][vc_column_text]<a href=\"https:\/\/www.ds-iberien.de\/wp-content\/uploads\/2020\/06\/flecha.png\"><img decoding=\"async\" loading=\"lazy\" class=\"size-full wp-image-893 alignnone\" src=\"https:\/\/www.ds-iberien.de\/wp-content\/uploads\/2020\/06\/flecha.png\" alt=\"\" width=\"35\" height=\"25\" \/><\/a>\u00a0 Promover la cooperaci\u00f3n entre las escuelas en los \u00e1mbitos de gesti\u00f3n, pedag\u00f3gicos \u00a0y estrat\u00e9gicos.<\/p>\n<p><a href=\"https:\/\/www.ds-iberien.de\/wp-content\/uploads\/2020\/06\/flecha.png\"><img decoding=\"async\" loading=\"lazy\" class=\"size-full wp-image-893 alignnone\" src=\"https:\/\/www.ds-iberien.de\/wp-content\/uploads\/2020\/06\/flecha.png\" alt=\"\" width=\"35\" height=\"25\" \/><\/a>\u00a0 Representaci\u00f3n de nuestros intereses ante los organismos p\u00fablicos tanto alemanes como nacionales.<\/p>\n<p><a href=\"https:\/\/www.ds-iberien.de\/wp-content\/uploads\/2020\/06\/flecha.png\"><img decoding=\"async\" loading=\"lazy\" class=\"size-full wp-image-893 alignnone\" src=\"https:\/\/www.ds-iberien.de\/wp-content\/uploads\/2020\/06\/flecha.png\" alt=\"\" width=\"35\" height=\"25\" \/><\/a>\u00a0 Lobby en los \u00f3rganos de decisi\u00f3n y la comunidad empresarial<\/p>\n<p><a href=\"https:\/\/www.ds-iberien.de\/wp-content\/uploads\/2020\/06\/flecha.png\"><img decoding=\"async\" loading=\"lazy\" class=\"size-full wp-image-893 alignnone\" src=\"https:\/\/www.ds-iberien.de\/wp-content\/uploads\/2020\/06\/flecha.png\" alt=\"\" width=\"35\" height=\"25\" \/><\/a>\u00a0 Benchmarking y desarrollo de conceptos y estrategias comunes en temas como: Gesti\u00f3n escolar, Gesti\u00f3n de la Calidad, Digitalizaci\u00f3n, Mediaci\u00f3n escolar, Inclusi\u00f3n, etc.<\/p>\n<p><a href=\"https:\/\/www.ds-iberien.de\/wp-content\/uploads\/2020\/06\/flecha.png\"><img decoding=\"async\" loading=\"lazy\" class=\"size-full wp-image-893 alignnone\" src=\"https:\/\/www.ds-iberien.de\/wp-content\/uploads\/2020\/06\/flecha.png\" alt=\"\" width=\"35\" height=\"25\" \/><\/a>\u00a0 Promoci\u00f3n de actividades conjuntas: Concursos, eventos culturales, intercambios de estudiantes, formaci\u00f3n de profesores, orientaci\u00f3n de estudios, etc<\/p>\n<p><a href=\"https:\/\/www.ds-iberien.de\/wp-content\/uploads\/2020\/06\/flecha.png\"><img decoding=\"async\" loading=\"lazy\" class=\"size-full wp-image-893 alignnone\" src=\"https:\/\/www.ds-iberien.de\/wp-content\/uploads\/2020\/06\/flecha.png\" alt=\"\" width=\"35\" height=\"25\" \/><\/a>\u00a0 Relaciones p\u00fablicas para comunicar y difundir los valores de nuestros colegios y colegios profesionales y para fortalecer la marca de los colegios alemanes en el extranjero.[\/vc_column_text][\/vc_column][vc_column width=\u00bb1\/2&#8243;][vc_single_image image=\u00bb892&#8243; img_size=\u00bbfull\u00bb alignment=\u00bbright\u00bb][\/vc_column][\/vc_row][vc_row][vc_column]<a id=\"sc_anchor_mit\" class=\"sc_anchor sc_anchor_default\" \n\t\ttitle=\"\" \n\t\tdata-icon=\"\" \n\t\tdata-url=\"\"\n><\/a>[vc_empty_space height=\u00bb40px\u00bb alter_height=\u00bblarge\u00bb hide_on_mobile=\u00bb\u00bb][vc_column_text]<\/p>\n<p style=\"text-align: center; font-size: 80px;\"><a href=\"https:\/\/www.ds-iberien.de\/wp-content\/uploads\/2020\/06\/icono1.png\"><img decoding=\"async\" loading=\"lazy\" class=\"wp-image-871 size-full alignnone\" src=\"https:\/\/www.ds-iberien.de\/wp-content\/uploads\/2020\/06\/icono1.png\" alt=\"\" width=\"126\" height=\"125\" srcset=\"https:\/\/www.ds-iberien.de\/wp-content\/uploads\/2020\/06\/icono1.png 126w, https:\/\/www.ds-iberien.de\/wp-content\/uploads\/2020\/06\/icono1-90x90.png 90w\" sizes=\"(max-width: 126px) 100vw, 126px\" \/><\/a>\u00a0 Miembros asociados<\/p>\n<p>[\/vc_column_text][vc_empty_space height=\u00bb40px\u00bb alter_height=\u00bblarge\u00bb hide_on_mobile=\u00bb\u00bb][\/vc_column][\/vc_row][vc_row][vc_column width=\u00bb1\/3&#8243;][vc_single_image image=\u00bb1822&#8243; img_size=\u00bbfull\u00bb alignment=\u00bbcenter\u00bb onclick=\u00bbcustom_link\u00bb link=\u00bbhttps:\/\/www.ds-iberien.de\/es\/deutsche-schule-valencia\/\u00bb][vc_empty_space height=\u00bb25px\u00bb alter_height=\u00bbnone\u00bb hide_on_mobile=\u00bb\u00bb][vc_column_text]<\/p>\n<p style=\"text-align: center; color: #f9cd39;\"><a style=\"color: color: #f9cd39; text-decoration: none;\" href=\"https:\/\/www.ds-iberien.de\/es\/deutsche-schule-bilbao\/\">COLEGIO ALEMAN DE<\/a><a style=\"color: color: #f9cd39; text-decoration: none;\" href=\"https:\/\/www.ds-iberien.de\/es\/deutsche-schule-valencia\/\"> VALENCIA<\/a><\/p>\n<p>[\/vc_column_text][vc_empty_space alter_height=\u00bblarge\u00bb hide_on_mobile=\u00bb\u00bb][\/vc_column][vc_column width=\u00bb1\/3&#8243;][vc_single_image image=\u00bb922&#8243; img_size=\u00bbfull\u00bb alignment=\u00bbcenter\u00bb onclick=\u00bbcustom_link\u00bb link=\u00bbhttps:\/\/www.ds-iberien.de\/es\/deutsche-schule-bilbao\/\u00bb][vc_empty_space height=\u00bb25px\u00bb alter_height=\u00bbnone\u00bb hide_on_mobile=\u00bb\u00bb][vc_column_text]<\/p>\n<p style=\"text-align: center; color: #f9cd39;\"><a style=\"color: color: #f9cd39; text-decoration: none;\" href=\"https:\/\/www.ds-iberien.de\/es\/deutsche-schule-bilbao\/\">COLEGIO ALEMAN DE BILBAO<\/a><\/p>\n<p>[\/vc_column_text][vc_empty_space alter_height=\u00bblarge\u00bb hide_on_mobile=\u00bb\u00bb][\/vc_column][vc_column width=\u00bb1\/3&#8243;][vc_single_image image=\u00bb4782&#8243; img_size=\u00bbfull\u00bb alignment=\u00bbcenter\u00bb onclick=\u00bbcustom_link\u00bb link=\u00bbhttps:\/\/www.ds-iberien.de\/es\/colegio-aleman-zaragoza\u00bb][vc_empty_space height=\u00bb25px\u00bb alter_height=\u00bbnone\u00bb hide_on_mobile=\u00bb\u00bb][vc_column_text]<\/p>\n<p style=\"text-align: center; color: #f9cd39;\"><a style=\"color: color: #f9cd39; text-decoration: none;\" href=\"https:\/\/www.ds-iberien.de\/es\/colegio-aleman-zaragoza\">COLEGIO ALEMAN DE ZARAGOZA<\/a><\/p>\n<p>[\/vc_column_text][vc_empty_space alter_height=\u00bblarge\u00bb hide_on_mobile=\u00bb\u00bb][\/vc_column][\/vc_row][vc_row][vc_column width=\u00bb1\/3&#8243;][vc_single_image image=\u00bb1630&#8243; img_size=\u00bbfull\u00bb alignment=\u00bbcenter\u00bb onclick=\u00bbcustom_link\u00bb link=\u00bbhttps:\/\/www.ds-iberien.de\/es\/feda-madrid\/\u00bb][vc_empty_space height=\u00bb25px\u00bb alter_height=\u00bbnone\u00bb hide_on_mobile=\u00bb\u00bb][vc_column_text]<\/p>\n<p style=\"text-align: center; color: #f9cd39;\"><a style=\"color: color: #f9cd39; text-decoration: none;\" href=\"https:\/\/www.ds-iberien.de\/es\/feda-madrid\/\">FEDA MADRID<\/a><\/p>\n<p>[\/vc_column_text][vc_empty_space alter_height=\u00bblarge\u00bb hide_on_mobile=\u00bb\u00bb][\/vc_column][vc_column width=\u00bb1\/3&#8243;][vc_single_image image=\u00bb1836&#8243; img_size=\u00bbfull\u00bb alignment=\u00bbcenter\u00bb onclick=\u00bbcustom_link\u00bb link=\u00bbhttps:\/\/www.ds-iberien.de\/es\/deutsche-schule-las-palmas\/\u00bb][vc_empty_space height=\u00bb25px\u00bb alter_height=\u00bbnone\u00bb hide_on_mobile=\u00bb\u00bb][vc_column_text]<\/p>\n<p style=\"text-align: center; color: #f9cd39;\"><a style=\"color: color: #f9cd39; text-decoration: none;\" href=\"https:\/\/www.ds-iberien.de\/es\/deutsche-schule-bilbao\/\">COLEGIO ALEMAN DE<\/a><a style=\"color: color: #f9cd39; text-decoration: none;\" href=\"https:\/\/www.ds-iberien.de\/es\/deutsche-schule-las-palmas\/\"> LAS PALMAS<\/a><\/p>\n<p>[\/vc_column_text][vc_empty_space alter_height=\u00bblarge\u00bb hide_on_mobile=\u00bb\u00bb][\/vc_column][vc_column width=\u00bb1\/3&#8243;][vc_single_image image=\u00bb924&#8243; img_size=\u00bbfull\u00bb alignment=\u00bbcenter\u00bb onclick=\u00bbcustom_link\u00bb link=\u00bbhttps:\/\/www.ds-iberien.de\/es\/deutsche-schule-lissabon\/\u00bb][vc_empty_space height=\u00bb25px\u00bb alter_height=\u00bbnone\u00bb hide_on_mobile=\u00bb\u00bb][vc_column_text]<\/p>\n<p style=\"text-align: center; color: #f9cd39;\"><a style=\"color: color: #f9cd39; text-decoration: none;\" href=\"https:\/\/www.ds-iberien.de\/es\/deutsche-schule-bilbao\/\">COLEGIO ALEMAN DE<\/a><a style=\"color: color: #f9cd39; text-decoration: none;\" href=\"https:\/\/www.ds-iberien.de\/es\/deutsche-schule-lissabon\/\"> LISBOA<\/a><\/p>\n<p>[\/vc_column_text][vc_empty_space alter_height=\u00bblarge\u00bb hide_on_mobile=\u00bb\u00bb][\/vc_column][\/vc_row][vc_row][vc_column width=\u00bb1\/3&#8243;][vc_single_image image=\u00bb926&#8243; img_size=\u00bbfull\u00bb alignment=\u00bbcenter\u00bb onclick=\u00bbcustom_link\u00bb link=\u00bbhttps:\/\/www.ds-iberien.de\/es\/deutsche-schule-madrid\/\u00bb][vc_empty_space height=\u00bb25px\u00bb alter_height=\u00bbnone\u00bb hide_on_mobile=\u00bb\u00bb][vc_column_text]<\/p>\n<p style=\"text-align: center; color: #f9cd39;\"><a style=\"color: color: #f9cd39; text-decoration: none;\" href=\"https:\/\/www.ds-iberien.de\/es\/deutsche-schule-bilbao\/\">COLEGIO ALEMAN DE<\/a><a style=\"color: color: #f9cd39; text-decoration: none;\" href=\"https:\/\/www.ds-iberien.de\/es\/deutsche-schule-madrid\/\"> MADRID<\/a><\/p>\n<p>[\/vc_column_text][vc_empty_space alter_height=\u00bblarge\u00bb hide_on_mobile=\u00bb\u00bb][\/vc_column][vc_column width=\u00bb1\/3&#8243;][vc_single_image image=\u00bb925&#8243; img_size=\u00bbfull\u00bb alignment=\u00bbcenter\u00bb onclick=\u00bbcustom_link\u00bb link=\u00bbhttps:\/\/www.ds-iberien.de\/es\/deutsche-schule-malaga\/\u00bb][vc_empty_space height=\u00bb25px\u00bb alter_height=\u00bbnone\u00bb hide_on_mobile=\u00bb\u00bb][vc_column_text]<\/p>\n<p style=\"text-align: center; color: #f9cd39;\"><a style=\"color: color: #f9cd39; text-decoration: none;\" href=\"https:\/\/www.ds-iberien.de\/es\/deutsche-schule-bilbao\/\">COLEGIO ALEMAN DE<\/a><a style=\"color: color: #f9cd39; text-decoration: none;\" href=\"https:\/\/www.ds-iberien.de\/es\/deutsche-schule-malaga\/\"> MALAGA<\/a><\/p>\n<p>[\/vc_column_text][vc_empty_space alter_height=\u00bblarge\u00bb hide_on_mobile=\u00bb\u00bb][\/vc_column][vc_column width=\u00bb1\/3&#8243;][vc_single_image image=\u00bb917&#8243; img_size=\u00bbfull\u00bb alignment=\u00bbcenter\u00bb onclick=\u00bbcustom_link\u00bb link=\u00bbhttps:\/\/www.ds-iberien.de\/es\/deutsche-schule-zu-porto\/\u00bb][vc_empty_space height=\u00bb25px\u00bb alter_height=\u00bbnone\u00bb hide_on_mobile=\u00bb\u00bb][vc_column_text]<\/p>\n<p style=\"text-align: center; color: #f9cd39;\"><a style=\"color: color: #f9cd39; text-decoration: none;\" href=\"https:\/\/www.ds-iberien.de\/es\/deutsche-schule-bilbao\/\">COLEGIO ALEMAN DE<\/a><a style=\"color: color: #f9cd39; text-decoration: none;\" href=\"https:\/\/www.ds-iberien.de\/es\/deutsche-schule-zu-porto\/\"> OPORTO<\/a><\/p>\n<p>[\/vc_column_text][vc_empty_space alter_height=\u00bblarge\u00bb hide_on_mobile=\u00bb\u00bb][\/vc_column][\/vc_row][vc_row][vc_column width=\u00bb1\/3&#8243;][vc_single_image image=\u00bb1834&#8243; img_size=\u00bbfull\u00bb alignment=\u00bbcenter\u00bb onclick=\u00bbcustom_link\u00bb link=\u00bbhttps:\/\/www.ds-iberien.de\/es\/deutsche-schule-san-sebastian\/\u00bb][vc_empty_space height=\u00bb25px\u00bb alter_height=\u00bbnone\u00bb hide_on_mobile=\u00bb\u00bb][vc_column_text]<\/p>\n<p style=\"text-align: center; color: #f9cd39;\"><a style=\"color: color: #f9cd39; text-decoration: none;\" href=\"https:\/\/www.ds-iberien.de\/es\/deutsche-schule-bilbao\/\">COLEGIO ALEMAN DE<\/a><a style=\"color: color: #f9cd39; text-decoration: none;\" href=\"https:\/\/www.ds-iberien.de\/es\/deutsche-schule-san-sebastian\/\"> SAN SEBASTIAN<\/a><\/p>\n<p>[\/vc_column_text][vc_empty_space alter_height=\u00bblarge\u00bb hide_on_mobile=\u00bb\u00bb][\/vc_column][vc_column width=\u00bb1\/3&#8243;][vc_single_image image=\u00bb918&#8243; img_size=\u00bbfull\u00bb alignment=\u00bbcenter\u00bb onclick=\u00bbcustom_link\u00bb link=\u00bbhttps:\/\/www.ds-iberien.de\/es\/deutsche-schule-sevilla\/\u00bb][vc_empty_space height=\u00bb25px\u00bb alter_height=\u00bbnone\u00bb hide_on_mobile=\u00bb\u00bb][vc_column_text]<\/p>\n<p style=\"text-align: center; color: #f9cd39;\"><a style=\"color: color: #f9cd39; text-decoration: none;\" href=\"https:\/\/www.ds-iberien.de\/es\/deutsche-schule-bilbao\/\">COLEGIO ALEMAN DE<\/a><a style=\"color: color: #f9cd39; text-decoration: none;\" href=\"https:\/\/www.ds-iberien.de\/es\/deutsche-schule-sevilla\/\"> SEVILLA<\/a><\/p>\n<p>[\/vc_column_text][vc_empty_space alter_height=\u00bblarge\u00bb hide_on_mobile=\u00bb\u00bb][\/vc_column][vc_column width=\u00bb1\/3&#8243;][vc_single_image image=\u00bb919&#8243; img_size=\u00bbfull\u00bb alignment=\u00bbcenter\u00bb onclick=\u00bbcustom_link\u00bb link=\u00bbhttps:\/\/www.ds-iberien.de\/es\/deutsche-schule-teneriffa\/\u00bb][vc_empty_space height=\u00bb25px\u00bb alter_height=\u00bbnone\u00bb hide_on_mobile=\u00bb\u00bb][vc_column_text]<\/p>\n<p style=\"text-align: center; color: #f9cd39;\"><a style=\"color: color: #f9cd39; text-decoration: none;\" href=\"https:\/\/www.ds-iberien.de\/es\/deutsche-schule-bilbao\/\">COLEGIO ALEMAN DE<\/a><a style=\"color: color: #f9cd39; text-decoration: none;\" href=\"https:\/\/www.ds-iberien.de\/es\/deutsche-schule-teneriffa\/\"> SANTA CRUZ DE TENERIFE<\/a><\/p>\n<p>[\/vc_column_text][vc_empty_space alter_height=\u00bblarge\u00bb hide_on_mobile=\u00bb\u00bb][\/vc_column][\/vc_row][vc_row][vc_column width=\u00bb1\/6&#8243;][\/vc_column][vc_column width=\u00bb1\/6&#8243;][vc_single_image image=\u00bb933&#8243; img_size=\u00bbfull\u00bb alignment=\u00bbcenter\u00bb][\/vc_column][vc_column width=\u00bb1\/6&#8243;][vc_single_image image=\u00bb930&#8243; img_size=\u00bbfull\u00bb alignment=\u00bbcenter\u00bb][\/vc_column][vc_column width=\u00bb1\/6&#8243;][vc_single_image image=\u00bb931&#8243; img_size=\u00bbfull\u00bb alignment=\u00bbcenter\u00bb][\/vc_column][vc_column width=\u00bb1\/6&#8243;][vc_single_image image=\u00bb932&#8243; img_size=\u00bbfull\u00bb alignment=\u00bbcenter\u00bb][\/vc_column][vc_column width=\u00bb1\/6&#8243;][\/vc_column][\/vc_row]<\/p>\n","protected":false},"excerpt":{"rendered":"<p>[vc_row full_width=\u00bbstretch_row_content_no_spaces\u00bb css=\u00bb.vc_custom_1599551197445{padding-top: 250px !important;padding-bottom: 250px !important;background-image: url(https:\/\/www.ds-iberien.de\/wp-content\/uploads\/2020\/09\/SOBRE_NOSOTROS.jpg?id=1654) !important;background-position: center !important;background-repeat: no-repeat !important;background-size: cover !important;}\u00bb][vc_column][\/vc_column][\/vc_row][vc_row][vc_column][vc_empty_space height=\u00bb60px\u00bb alter_height=\u00bblarge\u00bb hide_on_mobile=\u00bb\u00bb][vc_column_text] Los colegios alemanes en el extranjero son lugares de encuentro y de intercambio intercultural. Dirigidos por asociaciones y subvencionados por el Estado&hellip;<\/p>\n","protected":false},"author":1,"featured_media":1868,"parent":0,"menu_order":1,"comment_status":"closed","ping_status":"closed","template":"","meta":[],"aioseo_notices":[],"_links":{"self":[{"href":"https:\/\/www.ds-iberien.de\/es\/wp-json\/wp\/v2\/pages\/1866"}],"collection":[{"href":"https:\/\/www.ds-iberien.de\/es\/wp-json\/wp\/v2\/pages"}],"about":[{"href":"https:\/\/www.ds-iberien.de\/es\/wp-json\/wp\/v2\/types\/page"}],"author":[{"embeddable":true,"href":"https:\/\/www.ds-iberien.de\/es\/wp-json\/wp\/v2\/users\/1"}],"replies":[{"embeddable":true,"href":"https:\/\/www.ds-iberien.de\/es\/wp-json\/wp\/v2\/comments?post=1866"}],"version-history":[{"count":8,"href":"https:\/\/www.ds-iberien.de\/es\/wp-json\/wp\/v2\/pages\/1866\/revisions"}],"predecessor-version":[{"id":1869,"href":"https:\/\/www.ds-iberien.de\/es\/wp-json\/wp\/v2\/pages\/1866\/revisions\/1869"}],"wp:featuredmedia":[{"embeddable":true,"href":"https:\/\/www.ds-iberien.de\/es\/wp-json\/wp\/v2\/media\/1868"}],"wp:attachment":[{"href":"https:\/\/www.ds-iberien.de\/es\/wp-json\/wp\/v2\/media?parent=1866"}],"curies":[{"name":"wp","href":"https:\/\/api.w.org\/{rel}","templated":true}]}}